{"id":7930,"date":"2019-03-08T19:07:06","date_gmt":"2019-03-08T18:07:06","guid":{"rendered":"https:\/\/wegeblw.pl\/index.php\/produkt\/fielmann-atrea-excellence-1-day-toric-1-50-sph-cyl-1-75-os-10-bc-8-6-30szt-10030029\/"},"modified":"2026-04-07T02:50:13","modified_gmt":"2026-04-07T00:50:13","slug":"fielmann-atrea-excellence-1-day-toric-1-50-sph-cyl-1-75-os-10-bc-8-6-30szt-10030029","status":"publish","type":"product","link":"https:\/\/wegeblw.pl\/index.php\/produkt\/fielmann-atrea-excellence-1-day-toric-1-50-sph-cyl-1-75-os-10-bc-8-6-30szt-10030029\/","title":{"rendered":"Fielmann atrea excellence 1 day toric -1.50 SPH, Cyl. -1.75, O\u015b 10 &amp; BC 8.6 30szt. (10030029)"},"content":{"rendered":"<p>INTENSON Stevia W Kryszta\u0142kach 250g \u2013 s\u0142odzik bez kalorii:G\u0142\u0119boka s\u0142odycz bez kaloriiIdealny dla os\u00f3b ograniczaj\u0105cych poda\u017c w\u0119glowodan\u00f3w prostychBez gorzkiego posmakuStevia W Kryszta\u0142kach 250g od Intenson \u2013 \u015bwietna alternatywa dla cukru!Dzi\u0119ki zastosowaniu wysokiej jako\u015bci ekstraktu ze stewii smak jest bardzo zbli\u017cony do tradycyjnego cukru &#8211; bez smaku goryczy. Idealnie sprawdzi si\u0119 w przepisach do pieczenia jak i zamiennik cukru w proporcji 1:1. Pod wp\u0142ywem temperatury nie traci s\u0142odkiego smaku.Ze wzgl\u0119du na brak cukru w produkcie produkt nie nadaje si\u0119 do fermentacji oraz pieczenia ciast dro\u017cd\u017cowych! Mo\u017ce by\u0107 stosowany przez diabetyk\u00f3w. Zalet\u0105 tego produktu jest to, \u017ce spo\u017cyty nawet w du\u017cych ilo\u015bciach nie ma dzia\u0142ania przeczyszczaj\u0105cego. Erytrytol zosta\u0142 wzbogacony glikozydami stewiolowymi. Si\u0142a s\u0142odz\u0105ca glikozyd\u00f3w stewiolowych jest od 250 do 350 razy wy\u017csza od zwyk\u0142ego cukru.Spos\u00f3b u\u017cycia Stevia W Kryszta\u0142kach Intenson 250g:Stosowa\u0107 jak bia\u0142y cukier w proporcji 1:1. Mo\u017ce by\u0107 stosowany do gotowania, pieczenia lub s\u0142odzenia redukuj\u0105c w ten spos\u00f3b kaloryczno\u015b\u0107 przygotowywanych potraw.UWAGA!!! Nie nale\u017cy przekracza\u0107 zalecanej dziennej porcji do spo\u017cycia. Produkt nie mo\u017ce by\u0107 stosowany przez osoby uczulone na kt\u00f3rykolwiek z jego sk\u0142adnik\u00f3w. Przechowywa\u0107 w miejscu niedost\u0119pnym dla ma\u0142ych dzieci. Przechowywa\u0107 w miejscu suchym w temperaturze pokojowej w szczelnie zamkni\u0119tych opakowaniach.Sk\u0142adniki Stevia W Kryszta\u0142kach Intenson 250g:Wielko\u015b\u0107 opakowania: 250gerytrytol, glikozydy stewiolowe (Rebaudiozyd A)Zawarto\u015b\u010799,95% erytrytol, 0,05% glikozydy stewiolowe (Rebaudiozyd A)<\/p>\n<p>Cukier i s\u0142odziki<\/p>\n<p>vermis opinie, czy mak jest zdrowy, hibiskus herbata sklep, makaron z kukurydz\u0105, ser,, m\u0105ka gryczana bezglutenowa, ziarna dyni, kapsu\u0142ki do zmywarki, pasty warzywne, krokiety z mi\u0119sem i kapust\u0105 bia\u0142a, korze\u0144 diabelskiego pazura, pieprz przyprawa, soki bio, syrop z daktyli, olej moringa cena, ryz bezglutenowy, au ra, l-cysteina<\/p>\n<p>yyyyy<\/p>\n","protected":false},"excerpt":{"rendered":"<p>INTENSON Stevia W Kryszta\u0142kach 250g \u2013 s\u0142odzik bez kalorii:G\u0142\u0119boka s\u0142odycz bez kaloriiIdealny dla os\u00f3b ograniczaj\u0105cych poda\u017c w\u0119glowodan\u00f3w prostychBez gorzkiego posmakuStevia&hellip;<\/p>\n","protected":false},"featured_media":7931,"comment_status":"closed","ping_status":"open","template":"","meta":[],"product_cat":[76],"product_tag":[749,677,692,819,855,690,623],"class_list":["post-7930","product","type-product","status-publish","has-post-thumbnail","hentry","product_cat-soczewki-kontaktowe","product_tag-cynamon-cejlonski-wlasciwosci","product_tag-health-labs","product_tag-jelito-drazliwe","product_tag-kosze-prezentowe","product_tag-kozie-mleko","product_tag-maka-z-cieciorki","product_tag-mleko-roslinne"],"_links":{"self":[{"href":"https:\/\/wegeblw.pl\/index.php\/wp-json\/wp\/v2\/product\/7930","targetHints":{"allow":["GET"]}}],"collection":[{"href":"https:\/\/wegeblw.pl\/index.php\/wp-json\/wp\/v2\/product"}],"about":[{"href":"https:\/\/wegeblw.pl\/index.php\/wp-json\/wp\/v2\/types\/product"}],"replies":[{"embeddable":true,"href":"https:\/\/wegeblw.pl\/index.php\/wp-json\/wp\/v2\/comments?post=7930"}],"wp:featuredmedia":[{"embeddable":true,"href":"https:\/\/wegeblw.pl\/index.php\/wp-json\/wp\/v2\/media\/7931"}],"wp:attachment":[{"href":"https:\/\/wegeblw.pl\/index.php\/wp-json\/wp\/v2\/media?parent=7930"}],"wp:term":[{"taxonomy":"product_cat","embeddable":true,"href":"https:\/\/wegeblw.pl\/index.php\/wp-json\/wp\/v2\/product_cat?post=7930"},{"taxonomy":"product_tag","embeddable":true,"href":"https:\/\/wegeblw.pl\/index.php\/wp-json\/wp\/v2\/product_tag?post=7930"}],"curies":[{"name":"wp","href":"https:\/\/api.w.org\/{rel}","templated":true}]}}