{"id":7978,"date":"2018-12-24T03:23:25","date_gmt":"2018-12-24T02:23:25","guid":{"rendered":"https:\/\/wegeblw.pl\/index.php\/produkt\/cooper-vision-biofinity-3-szt-soczewki-miesieczne-1966\/"},"modified":"2026-04-08T19:46:09","modified_gmt":"2026-04-08T17:46:09","slug":"cooper-vision-biofinity-3-szt-soczewki-miesieczne-1966","status":"publish","type":"product","link":"https:\/\/wegeblw.pl\/index.php\/produkt\/cooper-vision-biofinity-3-szt-soczewki-miesieczne-1966\/","title":{"rendered":"COOPER VISION BIOFINITY 3 SZT SOCZEWKI MIESI\u0118CZNE 1966"},"content":{"rendered":"<p>Suplementy na odchudzanie<\/p>\n<p>mleka ro\u015blinne, tortilla pszenna, babalski sklep, zepsuty ocet jab\u0142kowy, chrupki pizza, kostki roso\u0142owe bio<\/p>\n<p>yyyyy<\/p>\n","protected":false},"excerpt":{"rendered":"<p>Suplementy na odchudzanie mleka ro\u015blinne, tortilla pszenna, babalski sklep, zepsuty ocet jab\u0142kowy, chrupki pizza, kostki roso\u0142owe bio yyyyy<\/p>\n","protected":false},"featured_media":7979,"comment_status":"closed","ping_status":"open","template":"","meta":[],"product_cat":[76],"product_tag":[802,661,733,641],"class_list":["post-7978","product","type-product","status-publish","has-post-thumbnail","hentry","product_cat-soczewki-kontaktowe","product_tag-czy-pestki-granatu-sa-jadalne","product_tag-jak-ugotowac-komose-ryzowa","product_tag-organicmarket","product_tag-smieci-w-oceanach"],"_links":{"self":[{"href":"https:\/\/wegeblw.pl\/index.php\/wp-json\/wp\/v2\/product\/7978","targetHints":{"allow":["GET"]}}],"collection":[{"href":"https:\/\/wegeblw.pl\/index.php\/wp-json\/wp\/v2\/product"}],"about":[{"href":"https:\/\/wegeblw.pl\/index.php\/wp-json\/wp\/v2\/types\/product"}],"replies":[{"embeddable":true,"href":"https:\/\/wegeblw.pl\/index.php\/wp-json\/wp\/v2\/comments?post=7978"}],"wp:featuredmedia":[{"embeddable":true,"href":"https:\/\/wegeblw.pl\/index.php\/wp-json\/wp\/v2\/media\/7979"}],"wp:attachment":[{"href":"https:\/\/wegeblw.pl\/index.php\/wp-json\/wp\/v2\/media?parent=7978"}],"wp:term":[{"taxonomy":"product_cat","embeddable":true,"href":"https:\/\/wegeblw.pl\/index.php\/wp-json\/wp\/v2\/product_cat?post=7978"},{"taxonomy":"product_tag","embeddable":true,"href":"https:\/\/wegeblw.pl\/index.php\/wp-json\/wp\/v2\/product_tag?post=7978"}],"curies":[{"name":"wp","href":"https:\/\/api.w.org\/{rel}","templated":true}]}}