{"id":7992,"date":"2020-10-02T19:20:31","date_gmt":"2020-10-02T17:20:31","guid":{"rendered":"https:\/\/wegeblw.pl\/index.php\/produkt\/mir-lek-kapsulki-na-wydalanie-wody-31-g-60kaps\/"},"modified":"2026-04-08T10:33:01","modified_gmt":"2026-04-08T08:33:01","slug":"mir-lek-kapsulki-na-wydalanie-wody-31-g-60kaps","status":"publish","type":"product","link":"https:\/\/wegeblw.pl\/index.php\/produkt\/mir-lek-kapsulki-na-wydalanie-wody-31-g-60kaps\/","title":{"rendered":"Mir-Lek Kapsu\u0142ki na wydalanie wody 31 g 60kaps"},"content":{"rendered":"<p>Emolium A-topic Tr\u00f3jaktywna Emulsja do cia\u0142a 200ml<\/p>\n<p>Pozosta\u0142e kosmetyki do piel\u0119gnacji cia\u0142a<\/p>\n<p>ma\u0142y makaron, rzodkiew japonska, suplement maca, zdrowe cukierki, witamina cw proszku do twarzy, dynia olbrzymia nasiona, cukier waniliowy, wisiolek, yope p\u0142yn do \u0142azienki<\/p>\n<p>yyyyy<\/p>\n","protected":false},"excerpt":{"rendered":"<p>Emolium A-topic Tr\u00f3jaktywna Emulsja do cia\u0142a 200ml Pozosta\u0142e kosmetyki do piel\u0119gnacji cia\u0142a ma\u0142y makaron, rzodkiew japonska, suplement maca, zdrowe cukierki,&hellip;<\/p>\n","protected":false},"featured_media":7993,"comment_status":"closed","ping_status":"open","template":"","meta":[],"product_cat":[42],"product_tag":[677,833,637],"class_list":["post-7992","product","type-product","status-publish","has-post-thumbnail","hentry","product_cat-suplementy-na-odchudzanie","product_tag-health-labs","product_tag-maka-orkiszowa","product_tag-miso-paste"],"_links":{"self":[{"href":"https:\/\/wegeblw.pl\/index.php\/wp-json\/wp\/v2\/product\/7992","targetHints":{"allow":["GET"]}}],"collection":[{"href":"https:\/\/wegeblw.pl\/index.php\/wp-json\/wp\/v2\/product"}],"about":[{"href":"https:\/\/wegeblw.pl\/index.php\/wp-json\/wp\/v2\/types\/product"}],"replies":[{"embeddable":true,"href":"https:\/\/wegeblw.pl\/index.php\/wp-json\/wp\/v2\/comments?post=7992"}],"wp:featuredmedia":[{"embeddable":true,"href":"https:\/\/wegeblw.pl\/index.php\/wp-json\/wp\/v2\/media\/7993"}],"wp:attachment":[{"href":"https:\/\/wegeblw.pl\/index.php\/wp-json\/wp\/v2\/media?parent=7992"}],"wp:term":[{"taxonomy":"product_cat","embeddable":true,"href":"https:\/\/wegeblw.pl\/index.php\/wp-json\/wp\/v2\/product_cat?post=7992"},{"taxonomy":"product_tag","embeddable":true,"href":"https:\/\/wegeblw.pl\/index.php\/wp-json\/wp\/v2\/product_tag?post=7992"}],"curies":[{"name":"wp","href":"https:\/\/api.w.org\/{rel}","templated":true}]}}