{"id":80,"date":"2020-07-24T03:49:21","date_gmt":"2020-07-24T01:49:21","guid":{"rendered":"https:\/\/wegeblw.pl\/index.php\/produkt\/cibdol-olej-5-cbd-30ml\/"},"modified":"2026-04-08T05:31:57","modified_gmt":"2026-04-08T03:31:57","slug":"cibdol-olej-5-cbd-30ml","status":"publish","type":"product","link":"https:\/\/wegeblw.pl\/index.php\/produkt\/cibdol-olej-5-cbd-30ml\/","title":{"rendered":"Cibdol Olej 5% Cbd 30ml"},"content":{"rendered":"<p>Lampa LED do polimeryzacji MaxCure 7, kolor niebieski, 1 szt.<\/p>\n<p>Wyposa\u017cenie medyczne<\/p>\n<p>gojnik wlasciwosci, curry z mango, chlorek magnezu farmaceutyczny, w\u0142a\u015bciwo\u015bci czarnego czosnku, pikantny sos pomidorowy, biotyna co to jest, melisa zio\u0142a, jak uprawia\u0107 gojnik, maka orkiszowa bio, octy owocowe, miesko, zestaw herbat \u015bwi\u0105tecznych, shirataki noodles, wega\u0144ski bigos, olejek z awokado na zmarszczki<\/p>\n<p>yyyyy<\/p>\n","protected":false},"excerpt":{"rendered":"<p>Lampa LED do polimeryzacji MaxCure 7, kolor niebieski, 1 szt. Wyposa\u017cenie medyczne gojnik wlasciwosci, curry z mango, chlorek magnezu farmaceutyczny,&hellip;<\/p>\n","protected":false},"featured_media":81,"comment_status":"closed","ping_status":"open","template":"","meta":[],"product_cat":[20],"product_tag":[719,717,718],"class_list":["post-80","product","type-product","status-publish","has-post-thumbnail","hentry","product_cat-preparaty-medycyny-naturalnej","product_tag-jaja-ekologiczne","product_tag-odzywka-onlybio","product_tag-zamiennik-jogurtu-naturalnego"],"_links":{"self":[{"href":"https:\/\/wegeblw.pl\/index.php\/wp-json\/wp\/v2\/product\/80","targetHints":{"allow":["GET"]}}],"collection":[{"href":"https:\/\/wegeblw.pl\/index.php\/wp-json\/wp\/v2\/product"}],"about":[{"href":"https:\/\/wegeblw.pl\/index.php\/wp-json\/wp\/v2\/types\/product"}],"replies":[{"embeddable":true,"href":"https:\/\/wegeblw.pl\/index.php\/wp-json\/wp\/v2\/comments?post=80"}],"wp:featuredmedia":[{"embeddable":true,"href":"https:\/\/wegeblw.pl\/index.php\/wp-json\/wp\/v2\/media\/81"}],"wp:attachment":[{"href":"https:\/\/wegeblw.pl\/index.php\/wp-json\/wp\/v2\/media?parent=80"}],"wp:term":[{"taxonomy":"product_cat","embeddable":true,"href":"https:\/\/wegeblw.pl\/index.php\/wp-json\/wp\/v2\/product_cat?post=80"},{"taxonomy":"product_tag","embeddable":true,"href":"https:\/\/wegeblw.pl\/index.php\/wp-json\/wp\/v2\/product_tag?post=80"}],"curies":[{"name":"wp","href":"https:\/\/api.w.org\/{rel}","templated":true}]}}