{"id":8028,"date":"2019-11-03T08:06:45","date_gmt":"2019-11-03T07:06:45","guid":{"rendered":"https:\/\/wegeblw.pl\/index.php\/produkt\/plusssz-junior-calcium-complex-20-tabl\/"},"modified":"2026-04-07T04:31:39","modified_gmt":"2026-04-07T02:31:39","slug":"plusssz-junior-calcium-complex-20-tabl","status":"publish","type":"product","link":"https:\/\/wegeblw.pl\/index.php\/produkt\/plusssz-junior-calcium-complex-20-tabl\/","title":{"rendered":"Plusssz Junior Calcium Complex 20 tabl"},"content":{"rendered":"<p>\u015awiatowy bestseller medycyny niekonwencjonalnej uznany za najwa\u017cniejszy podr\u0119cznik bioenergoterapii.Ponad 1 000 000 sprzedanych egzemplarzy w 26 j\u0119zykach.BARBARA ANN BRENNAN, \u015bwiatowej s\u0142awy uzdrowicielka duchowa, pokazuje, jak leczy\u0107 siebie i innych energi\u0105.Ka\u017cdy cz\u0142owiek ma w\u0142asne pole energetyczne &#8211; aur\u0119, kt\u00f3ra otacza i przenika jego cia\u0142o fizyczne. Jej nier\u00f3wnowaga mo\u017ce sta\u0107 si\u0119 przyczyn\u0105 choroby. Naukowe badania ludzkiej aury dowodz\u0105, \u017ce mo\u017cna j\u0105 wykorzysta\u0107 w leczeniu. Na tym opiera si\u0119 bioenergoterapia.Barbara Ann Brennan przedstawia praktyczne sposoby wykorzystania pola energetycznego cz\u0142owieka dla poprawy zdrowia:\u2022 Jak odczytywa\u0107 czakramy\u2022 Jakimi kolorami objawiaj\u0105 si\u0119 w aurze ludzkie emocje\u2022 Jakie s\u0105 wzorce aury i czakram\u00f3w dla r\u00f3\u017cnych typ\u00f3w charakter\u00f3w\u2022 Jakie choroby powoduje energetyczne zaburzenie aury\u2022 Co to s\u0105 blokady energetyczne i jak si\u0119 przed nimi broni\u0107\u2022 Co mo\u017cna zobaczy\u0107 dzi\u0119ki widzeniu wewn\u0119trznemu\u2022 Jak nauczy\u0107 si\u0119 postrzegania ponads\u0142uchowego\u2022 Jak oczyszcza\u0107 pole auryczne\u2022 Jak kolory pomagaj\u0105 w uzdrawianiu\u2022 Jak d\u017awi\u0119kiem leczy\u0107 organy wewn\u0119trzneBARBARA ANN BRENNAN &#8211; \u015bwiatowej s\u0142awy ameryka\u0144ska bioenergoterapeutka, uzdrowicielka duchowa, autorka bestseller\u00f3w medycyny alternatywnej (D\u0142onie pe\u0142ne \u015bwiat\u0142a i \u015awiat\u0142o \u017cycia). W 2011 roku znalaz\u0142a si\u0119 na li\u015bcie 100 najbardziej wp\u0142ywowych os\u00f3b na \u015bwiecie w dziedzinie duchowo\u015bci og\u0142aszanej przez &#8222;Watkins Review&#8221;. Pionierka i innowatorka badania pola ludzkiej energii. Posiada doktorat z filozofii, teologii i fizyki. Przez wiele lat pracowa\u0142a jako fizyczka w NASA (Narodowej Agencji Aeronautyki i Przestrzeni Kosmicznej). Od 1982 roku prowadzi badania ludzkiego pola energetycznego. Za\u0142o\u017cycielka szko\u0142y Barbara Brennan School of Healing. W 2003 roku otworzy\u0142a oddzia\u0142 szko\u0142y w Europie, a w 2007 &#8211; w Tokio.<\/p>\n<p>Zdrowie i diety<\/p>\n<p>ry\u017cowa lub bia\u0142a, orlen wrap, du\u017cy aloes, ile kosztuje kg ciel\u0119ciny, www agar, \u017cywokost z gojnikiem opinie, kasza jaglana w\u0142a\u015bciwo\u015bci zdrowotne, matcha 100g, mielona czarnuszka, dieta z koktajlami, wit.b complex<\/p>\n<p>yyyyy<\/p>\n","protected":false},"excerpt":{"rendered":"<p>\u015awiatowy bestseller medycyny niekonwencjonalnej uznany za najwa\u017cniejszy podr\u0119cznik bioenergoterapii.Ponad 1 000 000 sprzedanych egzemplarzy w 26 j\u0119zykach.BARBARA ANN BRENNAN, \u015bwiatowej&hellip;<\/p>\n","protected":false},"featured_media":8029,"comment_status":"closed","ping_status":"open","template":"","meta":[],"product_cat":[333],"product_tag":[647,831,665],"class_list":["post-8028","product","type-product","status-publish","has-post-thumbnail","hentry","product_cat-dzieci-i-niemowleta","product_tag-kurczak-bio","product_tag-rozgryzanie-pestek-granatu","product_tag-weganskie-mieso"],"_links":{"self":[{"href":"https:\/\/wegeblw.pl\/index.php\/wp-json\/wp\/v2\/product\/8028","targetHints":{"allow":["GET"]}}],"collection":[{"href":"https:\/\/wegeblw.pl\/index.php\/wp-json\/wp\/v2\/product"}],"about":[{"href":"https:\/\/wegeblw.pl\/index.php\/wp-json\/wp\/v2\/types\/product"}],"replies":[{"embeddable":true,"href":"https:\/\/wegeblw.pl\/index.php\/wp-json\/wp\/v2\/comments?post=8028"}],"wp:featuredmedia":[{"embeddable":true,"href":"https:\/\/wegeblw.pl\/index.php\/wp-json\/wp\/v2\/media\/8029"}],"wp:attachment":[{"href":"https:\/\/wegeblw.pl\/index.php\/wp-json\/wp\/v2\/media?parent=8028"}],"wp:term":[{"taxonomy":"product_cat","embeddable":true,"href":"https:\/\/wegeblw.pl\/index.php\/wp-json\/wp\/v2\/product_cat?post=8028"},{"taxonomy":"product_tag","embeddable":true,"href":"https:\/\/wegeblw.pl\/index.php\/wp-json\/wp\/v2\/product_tag?post=8028"}],"curies":[{"name":"wp","href":"https:\/\/api.w.org\/{rel}","templated":true}]}}