{"id":8046,"date":"2012-10-09T15:22:35","date_gmt":"2012-10-09T13:22:35","guid":{"rendered":"https:\/\/wegeblw.pl\/index.php\/produkt\/wmf-basic-karafka-15-l-617726040\/"},"modified":"2026-05-01T09:56:12","modified_gmt":"2026-05-01T07:56:12","slug":"wmf-basic-karafka-15-l-617726040","status":"publish","type":"product","link":"https:\/\/wegeblw.pl\/index.php\/produkt\/wmf-basic-karafka-15-l-617726040\/","title":{"rendered":"WMF Basic Karafka 1,5 l (617726040)"},"content":{"rendered":"<p>ETUI FUTERA\u0141 NA DZIECI\u0118CEOKULARY SC-10A<\/p>\n<p>Akcesoria do okular\u00f3w<\/p>\n<p>l theanina, sheik bananowy, chleb na proszku do pieczenia, b 50, ketchup premium, m\u0105ka razowa cena, galart, chleb orkiszowy na zakwasie<\/p>\n<p>yyyyy<\/p>\n","protected":false},"excerpt":{"rendered":"<p>ETUI FUTERA\u0141 NA DZIECI\u0118CEOKULARY SC-10A Akcesoria do okular\u00f3w l theanina, sheik bananowy, chleb na proszku do pieczenia, b 50, ketchup&hellip;<\/p>\n","protected":false},"featured_media":8047,"comment_status":"closed","ping_status":"open","template":"","meta":[],"product_cat":[531],"product_tag":[778,661,632,739,727,665],"class_list":["post-8046","product","type-product","status-publish","has-post-thumbnail","hentry","product_cat-karafki","product_tag-burak","product_tag-jak-ugotowac-komose-ryzowa","product_tag-komosa-ryzowa-jak-gotowac","product_tag-makaron-sojowy-indeks-glikemiczny","product_tag-sok-plus","product_tag-weganskie-mieso"],"_links":{"self":[{"href":"https:\/\/wegeblw.pl\/index.php\/wp-json\/wp\/v2\/product\/8046","targetHints":{"allow":["GET"]}}],"collection":[{"href":"https:\/\/wegeblw.pl\/index.php\/wp-json\/wp\/v2\/product"}],"about":[{"href":"https:\/\/wegeblw.pl\/index.php\/wp-json\/wp\/v2\/types\/product"}],"replies":[{"embeddable":true,"href":"https:\/\/wegeblw.pl\/index.php\/wp-json\/wp\/v2\/comments?post=8046"}],"wp:featuredmedia":[{"embeddable":true,"href":"https:\/\/wegeblw.pl\/index.php\/wp-json\/wp\/v2\/media\/8047"}],"wp:attachment":[{"href":"https:\/\/wegeblw.pl\/index.php\/wp-json\/wp\/v2\/media?parent=8046"}],"wp:term":[{"taxonomy":"product_cat","embeddable":true,"href":"https:\/\/wegeblw.pl\/index.php\/wp-json\/wp\/v2\/product_cat?post=8046"},{"taxonomy":"product_tag","embeddable":true,"href":"https:\/\/wegeblw.pl\/index.php\/wp-json\/wp\/v2\/product_tag?post=8046"}],"curies":[{"name":"wp","href":"https:\/\/api.w.org\/{rel}","templated":true}]}}