{"id":8062,"date":"2015-12-05T18:35:20","date_gmt":"2015-12-05T17:35:20","guid":{"rendered":"https:\/\/wegeblw.pl\/index.php\/produkt\/intenson-ksylitol-danisco-500g\/"},"modified":"2026-04-08T19:22:19","modified_gmt":"2026-04-08T17:22:19","slug":"intenson-ksylitol-danisco-500g","status":"publish","type":"product","link":"https:\/\/wegeblw.pl\/index.php\/produkt\/intenson-ksylitol-danisco-500g\/","title":{"rendered":"Intenson Ksylitol Danisco 500g"},"content":{"rendered":"<p>Oprawy okularowe Burberry<\/p>\n<p>Okulary oprawki i szk\u0142a<\/p>\n<p>syrop daktylowy indeks glikemiczny, czy mak jest zdrowy, ghee, kalendarze adwentowe s\u0142odycze<\/p>\n<p><a href=\"https:\/\/kamieniarski.net\/uslugi-kamieniarskie-bydgoszcz\/\">zak\u0142ad kamieniarski bydgoszcz<\/a><\/p>\n","protected":false},"excerpt":{"rendered":"<p>Oprawy okularowe Burberry Okulary oprawki i szk\u0142a syrop daktylowy indeks glikemiczny, czy mak jest zdrowy, ghee, kalendarze adwentowe s\u0142odycze zak\u0142ad&hellip;<\/p>\n","protected":false},"featured_media":8063,"comment_status":"closed","ping_status":"open","template":"","meta":[],"product_cat":[105],"product_tag":[748,670,777,832],"class_list":["post-8062","product","type-product","status-publish","has-post-thumbnail","hentry","product_cat-zdrowa-zywnosc","product_tag-czerwona-soczewica","product_tag-czeslaw-lang-choroba","product_tag-mieso-wege","product_tag-vitapol-majonez"],"_links":{"self":[{"href":"https:\/\/wegeblw.pl\/index.php\/wp-json\/wp\/v2\/product\/8062","targetHints":{"allow":["GET"]}}],"collection":[{"href":"https:\/\/wegeblw.pl\/index.php\/wp-json\/wp\/v2\/product"}],"about":[{"href":"https:\/\/wegeblw.pl\/index.php\/wp-json\/wp\/v2\/types\/product"}],"replies":[{"embeddable":true,"href":"https:\/\/wegeblw.pl\/index.php\/wp-json\/wp\/v2\/comments?post=8062"}],"wp:featuredmedia":[{"embeddable":true,"href":"https:\/\/wegeblw.pl\/index.php\/wp-json\/wp\/v2\/media\/8063"}],"wp:attachment":[{"href":"https:\/\/wegeblw.pl\/index.php\/wp-json\/wp\/v2\/media?parent=8062"}],"wp:term":[{"taxonomy":"product_cat","embeddable":true,"href":"https:\/\/wegeblw.pl\/index.php\/wp-json\/wp\/v2\/product_cat?post=8062"},{"taxonomy":"product_tag","embeddable":true,"href":"https:\/\/wegeblw.pl\/index.php\/wp-json\/wp\/v2\/product_tag?post=8062"}],"curies":[{"name":"wp","href":"https:\/\/api.w.org\/{rel}","templated":true}]}}