{"id":809,"date":"2024-10-06T12:48:41","date_gmt":"2024-10-06T10:48:41","guid":{"rendered":"https:\/\/wegeblw.pl\/?post_type=product&#038;p=809"},"modified":"2026-04-10T06:44:03","modified_gmt":"2026-04-10T04:44:03","slug":"bult-przysmak-kielbaska-z-wolowiny-1szt","status":"publish","type":"product","link":"https:\/\/wegeblw.pl\/index.php\/produkt\/bult-przysmak-kielbaska-z-wolowiny-1szt\/","title":{"rendered":"Bult Przysmak Kie\u0142baska Z Wo\u0142owiny 1Szt."},"content":{"rendered":"<p>KO01 HMS &#8211; to obrotowy twister magnetyczny. Produkt doskonale sprawdzi si\u0119 jako przyrz\u0105d do \u0107wicze\u0144 fitness w warunkach domowych.<\/p>\n<p>Twistery<\/p>\n<p>pierogi bezglutenowe z m\u0105ki sch\u00e4r, \u015bmietanka krem\u00f3wka, extra virgin, jogurt cena, siarka do k\u0105pieli w domu gdzie kupi\u0107<\/p>\n<p>yyyyy<\/p>\n","protected":false},"excerpt":{"rendered":"<p>KO01 HMS &#8211; to obrotowy twister magnetyczny. Produkt doskonale sprawdzi si\u0119 jako przyrz\u0105d do \u0107wicze\u0144 fitness w warunkach domowych. Twistery&hellip;<\/p>\n","protected":false},"featured_media":810,"comment_status":"closed","ping_status":"open","template":"","meta":[],"product_cat":[47],"product_tag":[883,827,626,697,801],"class_list":["post-809","product","type-product","status-publish","has-post-thumbnail","hentry","product_cat-karmy-dla-psow","product_tag-ekologiczne-warzywa","product_tag-naturli","product_tag-ogorki","product_tag-osteoporoza-a-banany","product_tag-warzywa-ekologiczne"],"_links":{"self":[{"href":"https:\/\/wegeblw.pl\/index.php\/wp-json\/wp\/v2\/product\/809","targetHints":{"allow":["GET"]}}],"collection":[{"href":"https:\/\/wegeblw.pl\/index.php\/wp-json\/wp\/v2\/product"}],"about":[{"href":"https:\/\/wegeblw.pl\/index.php\/wp-json\/wp\/v2\/types\/product"}],"replies":[{"embeddable":true,"href":"https:\/\/wegeblw.pl\/index.php\/wp-json\/wp\/v2\/comments?post=809"}],"wp:featuredmedia":[{"embeddable":true,"href":"https:\/\/wegeblw.pl\/index.php\/wp-json\/wp\/v2\/media\/810"}],"wp:attachment":[{"href":"https:\/\/wegeblw.pl\/index.php\/wp-json\/wp\/v2\/media?parent=809"}],"wp:term":[{"taxonomy":"product_cat","embeddable":true,"href":"https:\/\/wegeblw.pl\/index.php\/wp-json\/wp\/v2\/product_cat?post=809"},{"taxonomy":"product_tag","embeddable":true,"href":"https:\/\/wegeblw.pl\/index.php\/wp-json\/wp\/v2\/product_tag?post=809"}],"curies":[{"name":"wp","href":"https:\/\/api.w.org\/{rel}","templated":true}]}}