{"id":8092,"date":"2021-04-27T04:03:57","date_gmt":"2021-04-27T02:03:57","guid":{"rendered":"https:\/\/wegeblw.pl\/index.php\/produkt\/vichy-normaderm-releaser-emulsja-aktywujaca-1000ml\/"},"modified":"2026-04-07T07:58:15","modified_gmt":"2026-04-07T05:58:15","slug":"vichy-normaderm-releaser-emulsja-aktywujaca-1000ml","status":"publish","type":"product","link":"https:\/\/wegeblw.pl\/index.php\/produkt\/vichy-normaderm-releaser-emulsja-aktywujaca-1000ml\/","title":{"rendered":"Vichy Normaderm Releaser emulsja aktywuj\u0105ca 1000ml"},"content":{"rendered":"<p>VITALITY SPORT zapewnia uzupe\u0142nienie diety we wszystkie witaminy i minera\u0142y w postaci chelat\u00f3w.KOMPLEKS WITAMIN I MINERA\u0141\u00d3W.PODNOSI ENERGI\u0118 I ODPORNO\u015a\u0106 ORGANIZMUWSPOMAGA ORGANIZM PODCZAS WZMO\u017bONEGO WYSI\u0141KU FIZYCZNEGODawkowanie: 2 kapsu\u0142ki dziennie.<\/p>\n<p>Minera\u0142y i witaminy<\/p>\n<p>olej \u017cywokostowy z gojnikiem w\u0142a\u015bciwo\u015bci, rzepak mi\u00f3d, surowy, du\u017ce \u015bwiece z wosku pszczelego, ashwagandha korzen, lucerna kielki, mi\u00f3d bio, lisc maliny, krem z orzech\u00f3w ziemnych, co to soczewica<\/p>\n<p>yyyyy<\/p>\n","protected":false},"excerpt":{"rendered":"<p>VITALITY SPORT zapewnia uzupe\u0142nienie diety we wszystkie witaminy i minera\u0142y w postaci chelat\u00f3w.KOMPLEKS WITAMIN I MINERA\u0141\u00d3W.PODNOSI ENERGI\u0118 I ODPORNO\u015a\u0106 ORGANIZMUWSPOMAGA&hellip;<\/p>\n","protected":false},"featured_media":8093,"comment_status":"closed","ping_status":"open","template":"","meta":[],"product_cat":[36],"product_tag":[774,847,721,803],"class_list":["post-8092","product","type-product","status-publish","has-post-thumbnail","hentry","product_cat-dermokosmetyki","product_tag-cytryny-ekologiczne","product_tag-czym-zastapic-nabial","product_tag-naturli-margaryna","product_tag-rodzaje-orzechow"],"_links":{"self":[{"href":"https:\/\/wegeblw.pl\/index.php\/wp-json\/wp\/v2\/product\/8092","targetHints":{"allow":["GET"]}}],"collection":[{"href":"https:\/\/wegeblw.pl\/index.php\/wp-json\/wp\/v2\/product"}],"about":[{"href":"https:\/\/wegeblw.pl\/index.php\/wp-json\/wp\/v2\/types\/product"}],"replies":[{"embeddable":true,"href":"https:\/\/wegeblw.pl\/index.php\/wp-json\/wp\/v2\/comments?post=8092"}],"wp:featuredmedia":[{"embeddable":true,"href":"https:\/\/wegeblw.pl\/index.php\/wp-json\/wp\/v2\/media\/8093"}],"wp:attachment":[{"href":"https:\/\/wegeblw.pl\/index.php\/wp-json\/wp\/v2\/media?parent=8092"}],"wp:term":[{"taxonomy":"product_cat","embeddable":true,"href":"https:\/\/wegeblw.pl\/index.php\/wp-json\/wp\/v2\/product_cat?post=8092"},{"taxonomy":"product_tag","embeddable":true,"href":"https:\/\/wegeblw.pl\/index.php\/wp-json\/wp\/v2\/product_tag?post=8092"}],"curies":[{"name":"wp","href":"https:\/\/api.w.org\/{rel}","templated":true}]}}