{"id":8100,"date":"2015-05-16T06:52:42","date_gmt":"2015-05-16T04:52:42","guid":{"rendered":"https:\/\/wegeblw.pl\/index.php\/produkt\/lara-seboradin-lotion-wlosy-jasne-i-farbowane-na-blond-200-ml\/"},"modified":"2026-04-07T01:20:33","modified_gmt":"2026-04-06T23:20:33","slug":"lara-seboradin-lotion-wlosy-jasne-i-farbowane-na-blond-200-ml","status":"publish","type":"product","link":"https:\/\/wegeblw.pl\/index.php\/produkt\/lara-seboradin-lotion-wlosy-jasne-i-farbowane-na-blond-200-ml\/","title":{"rendered":"Lara Seboradin Lotion W\u0142osy Jasne I Farbowane Na Blond 200 Ml"},"content":{"rendered":"<p>Szyba w kolorze Prizm Road Black do okular\u00f3w Oakley Jawbreaker.W sk\u0142ad zestawu wchodzi:- szyba Prizm Road (przepuszczalno\u015b\u0107 \u015bwiat\u0142a: 11%)- fabryczny foliopak<\/p>\n<p>Akcesoria do okular\u00f3w<\/p>\n<p>olejek z brzozy, s\u00f3l gorzka w\u0142a\u015bciwo\u015bci, fasolka w zalewie, olej z zarodk\u00f3w pszennych, burger wega\u0144ski, niacyna tabletki, olej rzepakowy 5l, dyfuzor ultrad\u017awi\u0119kowy do olejk\u00f3w eterycznych, trzy cechy alfy i omegi, yerba mate sklep krak\u00f3w, podpaski gentle day, olejek z kozieradki, quinoa sklep, czy sezam jest zdrowy, dzia\u0142anie aloesu<\/p>\n<p><a href=\"https:\/\/www.cefarm24.pl\/foxill-zel-1-mg-g-1-30-g.html\">foxill<\/a><\/p>\n","protected":false},"excerpt":{"rendered":"<p>Szyba w kolorze Prizm Road Black do okular\u00f3w Oakley Jawbreaker.W sk\u0142ad zestawu wchodzi:- szyba Prizm Road (przepuszczalno\u015b\u0107 \u015bwiat\u0142a: 11%)- fabryczny&hellip;<\/p>\n","protected":false},"featured_media":8101,"comment_status":"closed","ping_status":"open","template":"","meta":[],"product_cat":[478],"product_tag":[644,719,745],"class_list":["post-8100","product","type-product","status-publish","has-post-thumbnail","hentry","product_cat-pozostale-kosmetyki-do-wlosow","product_tag-co-zamiast-jogurtu-naturalnego","product_tag-jaja-ekologiczne","product_tag-swieze-mleko"],"_links":{"self":[{"href":"https:\/\/wegeblw.pl\/index.php\/wp-json\/wp\/v2\/product\/8100","targetHints":{"allow":["GET"]}}],"collection":[{"href":"https:\/\/wegeblw.pl\/index.php\/wp-json\/wp\/v2\/product"}],"about":[{"href":"https:\/\/wegeblw.pl\/index.php\/wp-json\/wp\/v2\/types\/product"}],"replies":[{"embeddable":true,"href":"https:\/\/wegeblw.pl\/index.php\/wp-json\/wp\/v2\/comments?post=8100"}],"wp:featuredmedia":[{"embeddable":true,"href":"https:\/\/wegeblw.pl\/index.php\/wp-json\/wp\/v2\/media\/8101"}],"wp:attachment":[{"href":"https:\/\/wegeblw.pl\/index.php\/wp-json\/wp\/v2\/media?parent=8100"}],"wp:term":[{"taxonomy":"product_cat","embeddable":true,"href":"https:\/\/wegeblw.pl\/index.php\/wp-json\/wp\/v2\/product_cat?post=8100"},{"taxonomy":"product_tag","embeddable":true,"href":"https:\/\/wegeblw.pl\/index.php\/wp-json\/wp\/v2\/product_tag?post=8100"}],"curies":[{"name":"wp","href":"https:\/\/api.w.org\/{rel}","templated":true}]}}