{"id":8112,"date":"2014-02-15T09:11:46","date_gmt":"2014-02-15T08:11:46","guid":{"rendered":"https:\/\/wegeblw.pl\/index.php\/produkt\/swanson-tokotrienole-50mg-60kaps\/"},"modified":"2026-04-28T03:09:46","modified_gmt":"2026-04-28T01:09:46","slug":"swanson-tokotrienole-50mg-60kaps","status":"publish","type":"product","link":"https:\/\/wegeblw.pl\/index.php\/produkt\/swanson-tokotrienole-50mg-60kaps\/","title":{"rendered":"Swanson TOKOTRIENOLE 50mg 60kaps."},"content":{"rendered":"<p>POCI\u0104G ELEKTRYCZNY ZE \u015aWIAT\u0141EM, D\u0179WI\u0118KIEM I TORAMI<\/p>\n<p>Kolejki<\/p>\n<p>nalewka z propolisu na gronkowca, olej z dziurawca na w\u0142osy, rodzaje cynamonu, fede, komosa ryzowa gdzie kupic, gdzie kupi\u0107 kapary, \u017celazo cena, chronium, bia\u0142ka w diecie, p\u0142atki jaglane jak gotowa\u0107, zacierki bez jajka, czy warto pi\u0107 kolagen, e621 co to, serek violife<\/p>\n<p><a href=\"https:\/\/ktclinic.pl\/zabiegi\/kwas-hialuronowy\/\">kwas hialuronowy bydgoszcz<\/a><\/p>\n","protected":false},"excerpt":{"rendered":"<p>POCI\u0104G ELEKTRYCZNY ZE \u015aWIAT\u0141EM, D\u0179WI\u0118KIEM I TORAMI Kolejki nalewka z propolisu na gronkowca, olej z dziurawca na w\u0142osy, rodzaje cynamonu,&hellip;<\/p>\n","protected":false},"featured_media":8113,"comment_status":"closed","ping_status":"open","template":"","meta":[],"product_cat":[18],"product_tag":[634,714,744,691,789,683],"class_list":["post-8112","product","type-product","status-publish","has-post-thumbnail","hentry","product_cat-mineraly-i-witaminy","product_tag-amarantus","product_tag-cytryna-ekologiczna","product_tag-haagen-dazs","product_tag-olej-ryzowy-wlasciwosci","product_tag-pestki-granatu","product_tag-ziola-regenerujace-nadnercza"],"_links":{"self":[{"href":"https:\/\/wegeblw.pl\/index.php\/wp-json\/wp\/v2\/product\/8112","targetHints":{"allow":["GET"]}}],"collection":[{"href":"https:\/\/wegeblw.pl\/index.php\/wp-json\/wp\/v2\/product"}],"about":[{"href":"https:\/\/wegeblw.pl\/index.php\/wp-json\/wp\/v2\/types\/product"}],"replies":[{"embeddable":true,"href":"https:\/\/wegeblw.pl\/index.php\/wp-json\/wp\/v2\/comments?post=8112"}],"wp:featuredmedia":[{"embeddable":true,"href":"https:\/\/wegeblw.pl\/index.php\/wp-json\/wp\/v2\/media\/8113"}],"wp:attachment":[{"href":"https:\/\/wegeblw.pl\/index.php\/wp-json\/wp\/v2\/media?parent=8112"}],"wp:term":[{"taxonomy":"product_cat","embeddable":true,"href":"https:\/\/wegeblw.pl\/index.php\/wp-json\/wp\/v2\/product_cat?post=8112"},{"taxonomy":"product_tag","embeddable":true,"href":"https:\/\/wegeblw.pl\/index.php\/wp-json\/wp\/v2\/product_tag?post=8112"}],"curies":[{"name":"wp","href":"https:\/\/api.w.org\/{rel}","templated":true}]}}