{"id":8138,"date":"2016-01-21T11:50:15","date_gmt":"2016-01-21T10:50:15","guid":{"rendered":"https:\/\/wegeblw.pl\/index.php\/produkt\/genteal-krople-do-oczu-10-ml\/"},"modified":"2026-04-08T19:19:00","modified_gmt":"2026-04-08T17:19:00","slug":"genteal-krople-do-oczu-10-ml","status":"publish","type":"product","link":"https:\/\/wegeblw.pl\/index.php\/produkt\/genteal-krople-do-oczu-10-ml\/","title":{"rendered":"Genteal krople do oczu 10 ml"},"content":{"rendered":"<p>Oprawy okularowe Burberry<\/p>\n<p>Okulary oprawki i szk\u0142a<\/p>\n<p>syrop daktylowy indeks glikemiczny, czy mak jest zdrowy, ghee, kalendarze adwentowe s\u0142odycze<\/p>\n<p><a href=\"https:\/\/kamieniarski.net\/uslugi-kamieniarskie-bydgoszcz\/\">zak\u0142ad kamieniarski bydgoszcz<\/a><\/p>\n","protected":false},"excerpt":{"rendered":"<p>Oprawy okularowe Burberry Okulary oprawki i szk\u0142a syrop daktylowy indeks glikemiczny, czy mak jest zdrowy, ghee, kalendarze adwentowe s\u0142odycze zak\u0142ad&hellip;<\/p>\n","protected":false},"featured_media":8139,"comment_status":"closed","ping_status":"open","template":"","meta":[],"product_cat":[45],"product_tag":[812,758,752,827,663,882],"class_list":["post-8138","product","type-product","status-publish","has-post-thumbnail","hentry","product_cat-wzrok-i-sluch","product_tag-bigos-wegetarianski-z-soczewica","product_tag-bulki","product_tag-mleko-bez-laktozy","product_tag-naturli","product_tag-sekacz-ciasto","product_tag-veegs"],"_links":{"self":[{"href":"https:\/\/wegeblw.pl\/index.php\/wp-json\/wp\/v2\/product\/8138","targetHints":{"allow":["GET"]}}],"collection":[{"href":"https:\/\/wegeblw.pl\/index.php\/wp-json\/wp\/v2\/product"}],"about":[{"href":"https:\/\/wegeblw.pl\/index.php\/wp-json\/wp\/v2\/types\/product"}],"replies":[{"embeddable":true,"href":"https:\/\/wegeblw.pl\/index.php\/wp-json\/wp\/v2\/comments?post=8138"}],"wp:featuredmedia":[{"embeddable":true,"href":"https:\/\/wegeblw.pl\/index.php\/wp-json\/wp\/v2\/media\/8139"}],"wp:attachment":[{"href":"https:\/\/wegeblw.pl\/index.php\/wp-json\/wp\/v2\/media?parent=8138"}],"wp:term":[{"taxonomy":"product_cat","embeddable":true,"href":"https:\/\/wegeblw.pl\/index.php\/wp-json\/wp\/v2\/product_cat?post=8138"},{"taxonomy":"product_tag","embeddable":true,"href":"https:\/\/wegeblw.pl\/index.php\/wp-json\/wp\/v2\/product_tag?post=8138"}],"curies":[{"name":"wp","href":"https:\/\/api.w.org\/{rel}","templated":true}]}}