{"id":815,"date":"2017-12-19T11:00:16","date_gmt":"2017-12-19T10:00:16","guid":{"rendered":"https:\/\/wegeblw.pl\/index.php\/produkt\/bat-zestaw-startowy-glo-hyper-black\/"},"modified":"2026-04-08T09:02:41","modified_gmt":"2026-04-08T07:02:41","slug":"bat-zestaw-startowy-glo-hyper-black","status":"publish","type":"product","link":"https:\/\/wegeblw.pl\/index.php\/produkt\/bat-zestaw-startowy-glo-hyper-black\/","title":{"rendered":"BAT Zestaw Startowy Glo Hyper Black"},"content":{"rendered":"<p>Lancety uniwersalne Mylife (30G) &#8211; 200 sztukProducentYpsomed AGCH-3401 BurgdorfSzwajcariaDystrybutorYpsomed Polska Sp. z o.o.ul. Mangalia 2a02-758 Warszawainfo@ypsomed.pl<\/p>\n<p>Glukometry i akcesoria dla diabetyk\u00f3w<\/p>\n<p>superfood przepisy, eko\u0142ukta, teksturowane bia\u0142ko pszenicy, co to jest piperyna, czym zmieli\u0107 siemie lniane, buzdyganek naziemny zio\u0142a, uk\u0142ad krwionosny, krewetki w oleju biedronka, tapioka warto\u015bci od\u017cywcze, szparagi sklep<\/p>\n<p><a href=\"https:\/\/krolewskie-miody.pl\/kategoria-produktu\/swiece-woskowe\/\">https:\/\/krolewskie-miody.pl\/kategoria-produktu\/swiece-woskowe\/<\/a><\/p>\n","protected":false},"excerpt":{"rendered":"<p>Lancety uniwersalne Mylife (30G) &#8211; 200 sztukProducentYpsomed AGCH-3401 BurgdorfSzwajcariaDystrybutorYpsomed Polska Sp. z o.o.ul. Mangalia 2a02-758 Warszawainfo@ypsomed.pl Glukometry i akcesoria dla&hellip;<\/p>\n","protected":false},"featured_media":816,"comment_status":"closed","ping_status":"open","template":"","meta":[],"product_cat":[99],"product_tag":[835,789,804],"class_list":["post-815","product","type-product","status-publish","has-post-thumbnail","hentry","product_cat-akcesoria-do-papierosow","product_tag-kurkuma-dzialanie","product_tag-pestki-granatu","product_tag-quinoa-jak-gotowac"],"_links":{"self":[{"href":"https:\/\/wegeblw.pl\/index.php\/wp-json\/wp\/v2\/product\/815","targetHints":{"allow":["GET"]}}],"collection":[{"href":"https:\/\/wegeblw.pl\/index.php\/wp-json\/wp\/v2\/product"}],"about":[{"href":"https:\/\/wegeblw.pl\/index.php\/wp-json\/wp\/v2\/types\/product"}],"replies":[{"embeddable":true,"href":"https:\/\/wegeblw.pl\/index.php\/wp-json\/wp\/v2\/comments?post=815"}],"wp:featuredmedia":[{"embeddable":true,"href":"https:\/\/wegeblw.pl\/index.php\/wp-json\/wp\/v2\/media\/816"}],"wp:attachment":[{"href":"https:\/\/wegeblw.pl\/index.php\/wp-json\/wp\/v2\/media?parent=815"}],"wp:term":[{"taxonomy":"product_cat","embeddable":true,"href":"https:\/\/wegeblw.pl\/index.php\/wp-json\/wp\/v2\/product_cat?post=815"},{"taxonomy":"product_tag","embeddable":true,"href":"https:\/\/wegeblw.pl\/index.php\/wp-json\/wp\/v2\/product_tag?post=815"}],"curies":[{"name":"wp","href":"https:\/\/api.w.org\/{rel}","templated":true}]}}