{"id":8154,"date":"2019-02-01T04:52:21","date_gmt":"2019-02-01T03:52:21","guid":{"rendered":"https:\/\/wegeblw.pl\/index.php\/produkt\/donic-rakietka-do-ping-ponga-carbotec-3000-758214\/"},"modified":"2026-04-10T00:08:28","modified_gmt":"2026-04-09T22:08:28","slug":"donic-rakietka-do-ping-ponga-carbotec-3000-758214","status":"publish","type":"product","link":"https:\/\/wegeblw.pl\/index.php\/produkt\/donic-rakietka-do-ping-ponga-carbotec-3000-758214\/","title":{"rendered":"Donic Rakietka Do Ping Ponga Carbotec 3000 \/758214"},"content":{"rendered":"<p>Thorne Iso-Phos Izolat Fosfatydyloseryny 60Vkaps<\/p>\n<p>Uk\u0142ad nerwowy i pami\u0119\u0107<\/p>\n<p>schab w plastrach, nerkowiec orzech, olej z pestek dyni t\u0142oczony na zimno, tu\u0144czyk po angielsku, acai jagody, piwo bezalkoholowe a zdrowie, any\u017c w ci\u0105\u017cy, m\u0105ka z semoliny<\/p>\n<p>yyyyy<\/p>\n","protected":false},"excerpt":{"rendered":"<p>Thorne Iso-Phos Izolat Fosfatydyloseryny 60Vkaps Uk\u0142ad nerwowy i pami\u0119\u0107 schab w plastrach, nerkowiec orzech, olej z pestek dyni t\u0142oczony na&hellip;<\/p>\n","protected":false},"featured_media":8155,"comment_status":"closed","ping_status":"open","template":"","meta":[],"product_cat":[542],"product_tag":[759,684,629,732,761,646],"class_list":["post-8154","product","type-product","status-publish","has-post-thumbnail","hentry","product_cat-rakietki-do-tenisa-stolowego","product_tag-kurkuma","product_tag-kurkuma-korzen","product_tag-maka-z-ciecierzycy","product_tag-produkty-bez-laktozy","product_tag-sklep-ze-zdrowa-zywnoscia-warszawa","product_tag-slodycze-weganskie"],"_links":{"self":[{"href":"https:\/\/wegeblw.pl\/index.php\/wp-json\/wp\/v2\/product\/8154","targetHints":{"allow":["GET"]}}],"collection":[{"href":"https:\/\/wegeblw.pl\/index.php\/wp-json\/wp\/v2\/product"}],"about":[{"href":"https:\/\/wegeblw.pl\/index.php\/wp-json\/wp\/v2\/types\/product"}],"replies":[{"embeddable":true,"href":"https:\/\/wegeblw.pl\/index.php\/wp-json\/wp\/v2\/comments?post=8154"}],"wp:featuredmedia":[{"embeddable":true,"href":"https:\/\/wegeblw.pl\/index.php\/wp-json\/wp\/v2\/media\/8155"}],"wp:attachment":[{"href":"https:\/\/wegeblw.pl\/index.php\/wp-json\/wp\/v2\/media?parent=8154"}],"wp:term":[{"taxonomy":"product_cat","embeddable":true,"href":"https:\/\/wegeblw.pl\/index.php\/wp-json\/wp\/v2\/product_cat?post=8154"},{"taxonomy":"product_tag","embeddable":true,"href":"https:\/\/wegeblw.pl\/index.php\/wp-json\/wp\/v2\/product_tag?post=8154"}],"curies":[{"name":"wp","href":"https:\/\/api.w.org\/{rel}","templated":true}]}}