{"id":8158,"date":"2021-12-16T22:36:41","date_gmt":"2021-12-16T21:36:41","guid":{"rendered":"https:\/\/wegeblw.pl\/index.php\/produkt\/topcotton-bombka-szklana-szampan-11866\/"},"modified":"2026-04-07T05:01:16","modified_gmt":"2026-04-07T03:01:16","slug":"topcotton-bombka-szklana-szampan-11866","status":"publish","type":"product","link":"https:\/\/wegeblw.pl\/index.php\/produkt\/topcotton-bombka-szklana-szampan-11866\/","title":{"rendered":"Topcotton Bombka Szklana Szampan 11866"},"content":{"rendered":"<p>Spin Master Spin Psi Patrol Wie\u017ca 6053408<\/p>\n<p>Fani\u00a0Psiego Patrolu\u00a0jeszcze nigdy<br \/>\nnie widzieli swoich bohater\u00f3w tak silnych, szybkich i mocarnych! Ocalili zatok\u0119<br \/>\nprzyg\u00f3d teraz musz\u0105 uratowa\u0107 \u015bwiat! Podczas realizacji jednego ze swych<br \/>\nniecnych plan\u00f3w, burmistrz Humdinger i jego siostrzeniec Harold sprowadzaj\u0105 na<br \/>\nZiemi\u0119 meteoryt. Jego energia daje pieskom super moce! Wspania\u0142e Kosmopieski<br \/>\nruszaj\u0105 by uratowa\u0107 \u015bwiat! Nowe figurki, pojazdy i zestawy z serii\u00a0Mighty<br \/>\nPups Super Paws\u00a0ju\u017c w sprzeda\u017cy!<\/p>\n<p>Obserwuj<br \/>\nokolice z Bazy Psiego Patrolu! Du\u017ca wie\u017ca obserwacyjna o wysoko\u015bci oko\u0142o 84<br \/>\ncentymetr\u00f3w zachwyca swoj\u0105 wielko\u015bci\u0105, jak i funkcjonalno\u015bci\u0105. Zobacz jak Chase<br \/>\ni pozosta\u0142e pieski (sprzedawane oddzielnie) wje\u017cd\u017caj\u0105 wind\u0105 na najwy\u017csze pi\u0119tro<br \/>\nwie\u017cy i przygotowuj\u0105 si\u0119 do akcji. Teraz, dzi\u0119ki temu zestawowi, mo\u017cesz wiernie<br \/>\nodtwarza\u0107 ulubione sceny z serialu! Dostrzeg\u0142e\u015b zagro\u017cenie? Wy\u015blij pieski na<br \/>\nratunek! Platforma na szczycie wie\u017cy zawiera pod\u015bwietlane stanowiska dla<br \/>\nwszystkich piesk\u00f3w z dru\u017cyny. Przy u\u017cyciu panelu z przyciskami mo\u017cemy wys\u0142a\u0107 je<br \/>\ndo akcji i losowa\u0107 kt\u00f3ry superbohater we\u017amie w niej udzia\u0142.                            <\/p>\n<p>W jednej chwili Chase rusza do swojego wozu,<br \/>\nu\u017cywaj\u0105c zamontowanej liny zjazdowej, zawieszony przy pomocy do\u0142\u0105czonych<br \/>\nuchwyt\u00f3w zje\u017cd\u017ca na platform\u0119 z zapadni\u0105, kt\u00f3ra rozsuwa si\u0119 i figurka wpada do<br \/>\nzaparkowanego pojazdu. Gara\u017c posiada wyrzutni\u0119, dzi\u0119ki kt\u00f3rej pojazd z<br \/>\nsuperbohaterem zostaje wystrzelony i kosmopiesek szybko mknie na akcj\u0119. Na dole<br \/>\nopr\u00f3cz g\u0142\u00f3wnego gara\u017cu z wyrzutni\u0105 znajduj\u0105 si\u0119 miejsca postojowe dla<br \/>\npozosta\u0142ych pojazd\u00f3w z serii. Zestaw sk\u0142ada si\u0119 z bazy obserwacyjnej<br \/>\nwyposa\u017conej w wind\u0119, linki do zjazdu, zapadni, gara\u017cu z wyrzutni\u0105,<br \/>\npod\u015bwietlanych stanowisk dla wszystkich piesk\u00f3w z dru\u017cyny, interaktywnego<br \/>\npanelu z przyciskami oraz ekskluzywnego pojazdu i figurki Chasea. Zabawki z<br \/>\nserii Psi Patrol to \u015bwietny spos\u00f3b na nauk\u0119 odwagi, dzi\u0119ki ekscytuj\u0105cym<br \/>\nhistoriom, kt\u00f3re dzieci prze\u017cywaj\u0105 wsp\u00f3lnie z ekip\u0105 Psiego Patrolu.<\/p>\n<p>Zawarto\u015b\u0107<br \/>\ni cechy zestawu:budynek<br \/>\n     bazy Psiego Patrolu z wie\u017c\u0105 obserwacyjn\u0105efekty<br \/>\n     \u015bwietlne i d\u017awi\u0119ki misjidzia\u0142aj\u0105ca<br \/>\n     windalinka<br \/>\n     do zjazduzapadniagara\u017c z<br \/>\n     wyrzutni\u0105 pojazduinteraktywny<br \/>\n     panel z przyciskamipod\u015bwietlane<br \/>\n     stanowiska dla wszystkich piesk\u00f3w z dru\u017cyny1<br \/>\n     ekskluzywny pojazd i figurka Chasea6<br \/>\n     zacisk\u00f3w1<br \/>\n     arkusz naklejek1<br \/>\n     instrukcjapozosta\u0142e<br \/>\n     figurki i pojazdy sprzedawane oddzielnie<\/p>\n<p>Parkingi gara\u017ce i tory wy\u015bcigowe<\/p>\n<p>0stropest plamisty, mysterbox, ukryte terapie cena, olej kokosowy do smazenia, zakwasowania, t\u0142uszcz shea, vitabella sk\u0142ad, eko sklep online, herbatka uspokajaj\u0105ca, danie z p\u0142atk\u00f3w owsianych, s\u0142odycze a karmienie piersi\u0105, berberyna 1000 mg, in before skr\u00f3t, tapioka co to, l-cysteina, w\u0142oskie orzechy, maca po jakim czasie dzia\u0142a, mas\u0142o sojowe<\/p>\n<p>yyyyy<\/p>\n","protected":false},"excerpt":{"rendered":"<p>Spin Master Spin Psi Patrol Wie\u017ca 6053408 Fani\u00a0Psiego Patrolu\u00a0jeszcze nigdy nie widzieli swoich bohater\u00f3w tak silnych, szybkich i mocarnych! Ocalili&hellip;<\/p>\n","protected":false},"featured_media":8159,"comment_status":"closed","ping_status":"open","template":"","meta":[],"product_cat":[543],"product_tag":[723,835,838,761],"class_list":["post-8158","product","type-product","status-publish","has-post-thumbnail","hentry","product_cat-bombki-i-ozdoby-choinkowe","product_tag-guar","product_tag-kurkuma-dzialanie","product_tag-olej-kokosowy-rafinowany-czy-nierafinowany","product_tag-sklep-ze-zdrowa-zywnoscia-warszawa"],"_links":{"self":[{"href":"https:\/\/wegeblw.pl\/index.php\/wp-json\/wp\/v2\/product\/8158","targetHints":{"allow":["GET"]}}],"collection":[{"href":"https:\/\/wegeblw.pl\/index.php\/wp-json\/wp\/v2\/product"}],"about":[{"href":"https:\/\/wegeblw.pl\/index.php\/wp-json\/wp\/v2\/types\/product"}],"replies":[{"embeddable":true,"href":"https:\/\/wegeblw.pl\/index.php\/wp-json\/wp\/v2\/comments?post=8158"}],"wp:featuredmedia":[{"embeddable":true,"href":"https:\/\/wegeblw.pl\/index.php\/wp-json\/wp\/v2\/media\/8159"}],"wp:attachment":[{"href":"https:\/\/wegeblw.pl\/index.php\/wp-json\/wp\/v2\/media?parent=8158"}],"wp:term":[{"taxonomy":"product_cat","embeddable":true,"href":"https:\/\/wegeblw.pl\/index.php\/wp-json\/wp\/v2\/product_cat?post=8158"},{"taxonomy":"product_tag","embeddable":true,"href":"https:\/\/wegeblw.pl\/index.php\/wp-json\/wp\/v2\/product_tag?post=8158"}],"curies":[{"name":"wp","href":"https:\/\/api.w.org\/{rel}","templated":true}]}}