{"id":817,"date":"2014-11-10T15:54:57","date_gmt":"2014-11-10T14:54:57","guid":{"rendered":"https:\/\/wegeblw.pl\/index.php\/produkt\/fiprex-dla-psow-do-10kg-s-1ml\/"},"modified":"2026-04-07T01:13:13","modified_gmt":"2026-04-06T23:13:13","slug":"fiprex-dla-psow-do-10kg-s-1ml","status":"publish","type":"product","link":"https:\/\/wegeblw.pl\/index.php\/produkt\/fiprex-dla-psow-do-10kg-s-1ml\/","title":{"rendered":"Fiprex Dla Ps\u00f3w Do 10Kg S 1Ml"},"content":{"rendered":"<p>O Max MaraLinia okular\u00f3w Max Mara to czysta elegancja. Alensa wybra\u0142a dla Ciebie najbardziej wyrafinowane modele tej znanej w\u0142oskiej marki. Dlaczego by nie ulepszy\u0107 swojego wygl\u0105du jedn\u0105 z par tych ol\u015bniewaj\u0105cych okular\u00f3w? O tych okularach Oprawki kwadratowe doskonale sprawdz\u0105 si\u0119 w przypadku os\u00f3b o diamentowych, owalnych i okr\u0105g\u0142ych twarzach.Srebrne oprawki pasuj\u0105 do wi\u0119kszo\u015bci styl\u00f3w, fryzur i kolor\u00f3w sk\u00f3ry.Materia\u0142em jest metal, kt\u00f3ry jest trwa\u0142y, a tak\u017ce zapewnia elegancki, stylowy wygl\u0105d.Oprawki posiadaj\u0105 eleganckie, l\u015bni\u0105ce wyko\u0144czenie.<\/p>\n<p>Okulary oprawki i szk\u0142a<\/p>\n<p>www.landrynka.pl, nap\u00f3j sojowy w proszku, mi\u00f3d sadowscy, ziemniaki truflowe, kozieradka przepisy<\/p>\n<p>yyyyy<\/p>\n","protected":false},"excerpt":{"rendered":"<p>O Max MaraLinia okular\u00f3w Max Mara to czysta elegancja. Alensa wybra\u0142a dla Ciebie najbardziej wyrafinowane modele tej znanej w\u0142oskiej marki.&hellip;<\/p>\n","protected":false},"featured_media":818,"comment_status":"closed","ping_status":"open","template":"","meta":[],"product_cat":[91],"product_tag":[793,659,671,698,626],"class_list":["post-817","product","type-product","status-publish","has-post-thumbnail","hentry","product_cat-higiena-psow","product_tag-bio-planet-sklep","product_tag-jajka-marynowane-po-koreansku","product_tag-jogurt-bez-mleka","product_tag-kurczak-ekologiczny","product_tag-ogorki"],"_links":{"self":[{"href":"https:\/\/wegeblw.pl\/index.php\/wp-json\/wp\/v2\/product\/817","targetHints":{"allow":["GET"]}}],"collection":[{"href":"https:\/\/wegeblw.pl\/index.php\/wp-json\/wp\/v2\/product"}],"about":[{"href":"https:\/\/wegeblw.pl\/index.php\/wp-json\/wp\/v2\/types\/product"}],"replies":[{"embeddable":true,"href":"https:\/\/wegeblw.pl\/index.php\/wp-json\/wp\/v2\/comments?post=817"}],"wp:featuredmedia":[{"embeddable":true,"href":"https:\/\/wegeblw.pl\/index.php\/wp-json\/wp\/v2\/media\/818"}],"wp:attachment":[{"href":"https:\/\/wegeblw.pl\/index.php\/wp-json\/wp\/v2\/media?parent=817"}],"wp:term":[{"taxonomy":"product_cat","embeddable":true,"href":"https:\/\/wegeblw.pl\/index.php\/wp-json\/wp\/v2\/product_cat?post=817"},{"taxonomy":"product_tag","embeddable":true,"href":"https:\/\/wegeblw.pl\/index.php\/wp-json\/wp\/v2\/product_tag?post=817"}],"curies":[{"name":"wp","href":"https:\/\/api.w.org\/{rel}","templated":true}]}}