{"id":8174,"date":"2015-04-19T20:52:36","date_gmt":"2015-04-19T18:52:36","guid":{"rendered":"https:\/\/wegeblw.pl\/index.php\/produkt\/witamina-k2-mk7-natto-d3-2000iu-olej-kokosowy-mct\/"},"modified":"2026-04-08T23:00:11","modified_gmt":"2026-04-08T21:00:11","slug":"witamina-k2-mk7-natto-d3-2000iu-olej-kokosowy-mct","status":"publish","type":"product","link":"https:\/\/wegeblw.pl\/index.php\/produkt\/witamina-k2-mk7-natto-d3-2000iu-olej-kokosowy-mct\/","title":{"rendered":"Witamina K2 MK7 natto+ D3 2000IU Olej Kokosowy Mct"},"content":{"rendered":"<p>Od\u017cywki bia\u0142kowe<\/p>\n<p>ile soli fizjologicznej do inhalacji, pesto z pomidor\u00f3w, dieta lekkostrawna &#8211; co je\u015b\u0107, majom, kasza jaglana odchudzanie efekty, pasta sezamowa tahini gdzie kupi\u0107, mleka roslinne<\/p>\n<p>yyyyy<\/p>\n","protected":false},"excerpt":{"rendered":"<p>Od\u017cywki bia\u0142kowe ile soli fizjologicznej do inhalacji, pesto z pomidor\u00f3w, dieta lekkostrawna &#8211; co je\u015b\u0107, majom, kasza jaglana odchudzanie efekty,&hellip;<\/p>\n","protected":false},"featured_media":8175,"comment_status":"closed","ping_status":"open","template":"","meta":[],"product_cat":[18],"product_tag":[635,633,799,850],"class_list":["post-8174","product","type-product","status-publish","has-post-thumbnail","hentry","product_cat-mineraly-i-witaminy","product_tag-4-her","product_tag-maka-migdalowa","product_tag-maslo-migdalowe","product_tag-mleko-ekologiczne"],"_links":{"self":[{"href":"https:\/\/wegeblw.pl\/index.php\/wp-json\/wp\/v2\/product\/8174","targetHints":{"allow":["GET"]}}],"collection":[{"href":"https:\/\/wegeblw.pl\/index.php\/wp-json\/wp\/v2\/product"}],"about":[{"href":"https:\/\/wegeblw.pl\/index.php\/wp-json\/wp\/v2\/types\/product"}],"replies":[{"embeddable":true,"href":"https:\/\/wegeblw.pl\/index.php\/wp-json\/wp\/v2\/comments?post=8174"}],"wp:featuredmedia":[{"embeddable":true,"href":"https:\/\/wegeblw.pl\/index.php\/wp-json\/wp\/v2\/media\/8175"}],"wp:attachment":[{"href":"https:\/\/wegeblw.pl\/index.php\/wp-json\/wp\/v2\/media?parent=8174"}],"wp:term":[{"taxonomy":"product_cat","embeddable":true,"href":"https:\/\/wegeblw.pl\/index.php\/wp-json\/wp\/v2\/product_cat?post=8174"},{"taxonomy":"product_tag","embeddable":true,"href":"https:\/\/wegeblw.pl\/index.php\/wp-json\/wp\/v2\/product_tag?post=8174"}],"curies":[{"name":"wp","href":"https:\/\/api.w.org\/{rel}","templated":true}]}}