{"id":8210,"date":"2024-01-21T19:05:07","date_gmt":"2024-01-21T18:05:07","guid":{"rendered":"https:\/\/wegeblw.pl\/?post_type=product&#038;p=8210"},"modified":"2026-04-09T15:56:15","modified_gmt":"2026-04-09T13:56:15","slug":"betteryou-kurkuma-w-sprayu-25ml","status":"publish","type":"product","link":"https:\/\/wegeblw.pl\/index.php\/produkt\/betteryou-kurkuma-w-sprayu-25ml\/","title":{"rendered":"Betteryou Kurkuma W Sprayu 25ml"},"content":{"rendered":"<p>BishEffect Biszofit Po\u0142tawski Venovasin 75ml<\/p>\n<p>Preparaty medycyny naturalnej<\/p>\n<p>luteina forte, ga\u0142ka muszkata\u0142owa, olejek z drzewa herbacianego 100, wege mas\u0142o<\/p>\n<p>yyyyy<\/p>\n","protected":false},"excerpt":{"rendered":"<p>BishEffect Biszofit Po\u0142tawski Venovasin 75ml Preparaty medycyny naturalnej luteina forte, ga\u0142ka muszkata\u0142owa, olejek z drzewa herbacianego 100, wege mas\u0142o yyyyy<\/p>\n","protected":false},"featured_media":8211,"comment_status":"closed","ping_status":"open","template":"","meta":[],"product_cat":[18],"product_tag":[637,797,700,842],"class_list":["post-8210","product","type-product","status-publish","has-post-thumbnail","hentry","product_cat-mineraly-i-witaminy","product_tag-miso-paste","product_tag-organic-farma-zdrowia","product_tag-przepis-na-sekacza","product_tag-weganskie-slodycze"],"_links":{"self":[{"href":"https:\/\/wegeblw.pl\/index.php\/wp-json\/wp\/v2\/product\/8210","targetHints":{"allow":["GET"]}}],"collection":[{"href":"https:\/\/wegeblw.pl\/index.php\/wp-json\/wp\/v2\/product"}],"about":[{"href":"https:\/\/wegeblw.pl\/index.php\/wp-json\/wp\/v2\/types\/product"}],"replies":[{"embeddable":true,"href":"https:\/\/wegeblw.pl\/index.php\/wp-json\/wp\/v2\/comments?post=8210"}],"wp:featuredmedia":[{"embeddable":true,"href":"https:\/\/wegeblw.pl\/index.php\/wp-json\/wp\/v2\/media\/8211"}],"wp:attachment":[{"href":"https:\/\/wegeblw.pl\/index.php\/wp-json\/wp\/v2\/media?parent=8210"}],"wp:term":[{"taxonomy":"product_cat","embeddable":true,"href":"https:\/\/wegeblw.pl\/index.php\/wp-json\/wp\/v2\/product_cat?post=8210"},{"taxonomy":"product_tag","embeddable":true,"href":"https:\/\/wegeblw.pl\/index.php\/wp-json\/wp\/v2\/product_tag?post=8210"}],"curies":[{"name":"wp","href":"https:\/\/api.w.org\/{rel}","templated":true}]}}