{"id":8222,"date":"2015-02-26T22:04:40","date_gmt":"2015-02-26T21:04:40","guid":{"rendered":"https:\/\/wegeblw.pl\/index.php\/produkt\/india-cosmetics-bialko-konopne-500g\/"},"modified":"2026-04-08T09:33:49","modified_gmt":"2026-04-08T07:33:49","slug":"india-cosmetics-bialko-konopne-500g","status":"publish","type":"product","link":"https:\/\/wegeblw.pl\/index.php\/produkt\/india-cosmetics-bialko-konopne-500g\/","title":{"rendered":"India Cosmetics Bia\u0142ko Konopne 500g"},"content":{"rendered":"<p>&#8211; wybiela z\u0119by w 14 dni, ogranicza powstawanie nowych przebarwie\u0144- wspiera ochron\u0119 szkliwa dzi\u0119ki zawarto\u015bci fluoru- nawil\u017ca b\u0142on\u0119 \u015bluzow\u0105 jamy ustnej i regeneruje dzi\u0105s\u0142a dzi\u0119ki zawar- to\u015bci oleju z konopi- zawiera zielon\u0105 herbat\u0119 matcha, kt\u00f3ra wzmacnia dzia\u0142anie prze- ciwbakteryjne, pomaga wspiera\u0107 efekt antyoksydacji- posiada w\u0142a\u015bciwo\u015bci antybakte- ryjne, neutralizuje nieprzyjemny oddech- chroni przed rozwojem pr\u00f3chnicy, formowaniem p\u0142ytki i kamienia naz\u0119bnego- bez zawarto\u015bci cukru (s\u0142odzona stewi\u0105), bezpieczna dla diabetyk\u00f3w- zawiera naturalny, biodegradowalny \u015brodek pieni\u0105cy (surfaktant)<\/p>\n<p>Pasty do z\u0119b\u00f3w<\/p>\n<p>w\u0142a\u015bciwo\u015bci cynamonu, montagne, s\u0142odzik maltitol, od\u017cywki na stawy, bezmi\u0119sny boczek, kurczak \u015bwie\u017cy cena, acai jagody, humus wlasciwosci, chleb na zakwasie dla cukrzyk\u00f3w<\/p>\n<p>yyyyy<\/p>\n","protected":false},"excerpt":{"rendered":"<p>&#8211; wybiela z\u0119by w 14 dni, ogranicza powstawanie nowych przebarwie\u0144- wspiera ochron\u0119 szkliwa dzi\u0119ki zawarto\u015bci fluoru- nawil\u017ca b\u0142on\u0119 \u015bluzow\u0105 jamy&hellip;<\/p>\n","protected":false},"featured_media":8223,"comment_status":"closed","ping_status":"open","template":"","meta":[],"product_cat":[20],"product_tag":[840,774,660,804,680,754],"class_list":["post-8222","product","type-product","status-publish","has-post-thumbnail","hentry","product_cat-preparaty-medycyny-naturalnej","product_tag-collagen-gold","product_tag-cytryny-ekologiczne","product_tag-olej-ryzowy","product_tag-quinoa-jak-gotowac","product_tag-smietana-kwasna","product_tag-zamienniki-miesa"],"_links":{"self":[{"href":"https:\/\/wegeblw.pl\/index.php\/wp-json\/wp\/v2\/product\/8222","targetHints":{"allow":["GET"]}}],"collection":[{"href":"https:\/\/wegeblw.pl\/index.php\/wp-json\/wp\/v2\/product"}],"about":[{"href":"https:\/\/wegeblw.pl\/index.php\/wp-json\/wp\/v2\/types\/product"}],"replies":[{"embeddable":true,"href":"https:\/\/wegeblw.pl\/index.php\/wp-json\/wp\/v2\/comments?post=8222"}],"wp:featuredmedia":[{"embeddable":true,"href":"https:\/\/wegeblw.pl\/index.php\/wp-json\/wp\/v2\/media\/8223"}],"wp:attachment":[{"href":"https:\/\/wegeblw.pl\/index.php\/wp-json\/wp\/v2\/media?parent=8222"}],"wp:term":[{"taxonomy":"product_cat","embeddable":true,"href":"https:\/\/wegeblw.pl\/index.php\/wp-json\/wp\/v2\/product_cat?post=8222"},{"taxonomy":"product_tag","embeddable":true,"href":"https:\/\/wegeblw.pl\/index.php\/wp-json\/wp\/v2\/product_tag?post=8222"}],"curies":[{"name":"wp","href":"https:\/\/api.w.org\/{rel}","templated":true}]}}