{"id":8238,"date":"2023-01-28T22:35:16","date_gmt":"2023-01-28T21:35:16","guid":{"rendered":"https:\/\/wegeblw.pl\/?post_type=product&#038;p=8238"},"modified":"2026-04-07T03:01:12","modified_gmt":"2026-04-07T01:01:12","slug":"doctor-life-smog-detox-60-kaps","status":"publish","type":"product","link":"https:\/\/wegeblw.pl\/index.php\/produkt\/doctor-life-smog-detox-60-kaps\/","title":{"rendered":"Doctor Life Smog Detox 60 kaps."},"content":{"rendered":"<p>Wyci\u0105g ostropestu 190mg karczoch 100 kaps. Aliness<\/p>\n<p>Pozosta\u0142e preparaty dla sportowc\u00f3w<\/p>\n<p>zinc forte, bajgiel, zamiennik jajka, zupa tajska ostra, macerat z marchwi, jod krystaliczny, olejki relaksacyjne, mleko na keto, fasola czerwona puszka, bataty czy ziemniaki<\/p>\n<p>yyyyy<\/p>\n","protected":false},"excerpt":{"rendered":"<p>Wyci\u0105g ostropestu 190mg karczoch 100 kaps. Aliness Pozosta\u0142e preparaty dla sportowc\u00f3w zinc forte, bajgiel, zamiennik jajka, zupa tajska ostra, macerat&hellip;<\/p>\n","protected":false},"featured_media":8239,"comment_status":"closed","ping_status":"open","template":"","meta":[],"product_cat":[18],"product_tag":[812,712,752,846,674],"class_list":["post-8238","product","type-product","status-publish","has-post-thumbnail","hentry","product_cat-mineraly-i-witaminy","product_tag-bigos-wegetarianski-z-soczewica","product_tag-dynia-pieczona","product_tag-mleko-bez-laktozy","product_tag-sekacz","product_tag-warzywa-eko"],"_links":{"self":[{"href":"https:\/\/wegeblw.pl\/index.php\/wp-json\/wp\/v2\/product\/8238","targetHints":{"allow":["GET"]}}],"collection":[{"href":"https:\/\/wegeblw.pl\/index.php\/wp-json\/wp\/v2\/product"}],"about":[{"href":"https:\/\/wegeblw.pl\/index.php\/wp-json\/wp\/v2\/types\/product"}],"replies":[{"embeddable":true,"href":"https:\/\/wegeblw.pl\/index.php\/wp-json\/wp\/v2\/comments?post=8238"}],"wp:featuredmedia":[{"embeddable":true,"href":"https:\/\/wegeblw.pl\/index.php\/wp-json\/wp\/v2\/media\/8239"}],"wp:attachment":[{"href":"https:\/\/wegeblw.pl\/index.php\/wp-json\/wp\/v2\/media?parent=8238"}],"wp:term":[{"taxonomy":"product_cat","embeddable":true,"href":"https:\/\/wegeblw.pl\/index.php\/wp-json\/wp\/v2\/product_cat?post=8238"},{"taxonomy":"product_tag","embeddable":true,"href":"https:\/\/wegeblw.pl\/index.php\/wp-json\/wp\/v2\/product_tag?post=8238"}],"curies":[{"name":"wp","href":"https:\/\/api.w.org\/{rel}","templated":true}]}}