{"id":8244,"date":"2019-09-24T04:45:18","date_gmt":"2019-09-24T02:45:18","guid":{"rendered":"https:\/\/wegeblw.pl\/index.php\/produkt\/b-pac-energy-gel-pomaranczowo-cytrynowy-60ml\/"},"modified":"2026-04-10T04:45:15","modified_gmt":"2026-04-10T02:45:15","slug":"b-pac-energy-gel-pomaranczowo-cytrynowy-60ml","status":"publish","type":"product","link":"https:\/\/wegeblw.pl\/index.php\/produkt\/b-pac-energy-gel-pomaranczowo-cytrynowy-60ml\/","title":{"rendered":"B-PAC Energy Gel pomara\u0144czowo- cytrynowy, 60ml"},"content":{"rendered":"<p>Suplementy na odchudzanie<\/p>\n<p>mleka ro\u015blinne, tortilla pszenna, babalski sklep, zepsuty ocet jab\u0142kowy, chrupki pizza, kostki roso\u0142owe bio<\/p>\n<p>yyyyy<\/p>\n","protected":false},"excerpt":{"rendered":"<p>Suplementy na odchudzanie mleka ro\u015blinne, tortilla pszenna, babalski sklep, zepsuty ocet jab\u0142kowy, chrupki pizza, kostki roso\u0142owe bio yyyyy<\/p>\n","protected":false},"featured_media":8245,"comment_status":"closed","ping_status":"open","template":"","meta":[],"product_cat":[29],"product_tag":[736,682,724,668],"class_list":["post-8244","product","type-product","status-publish","has-post-thumbnail","hentry","product_cat-pozostale-suplementy","product_tag-dojrzale-pl","product_tag-food-organic-store","product_tag-siarczyny-w-winie","product_tag-wolowina-ekologiczna"],"_links":{"self":[{"href":"https:\/\/wegeblw.pl\/index.php\/wp-json\/wp\/v2\/product\/8244","targetHints":{"allow":["GET"]}}],"collection":[{"href":"https:\/\/wegeblw.pl\/index.php\/wp-json\/wp\/v2\/product"}],"about":[{"href":"https:\/\/wegeblw.pl\/index.php\/wp-json\/wp\/v2\/types\/product"}],"replies":[{"embeddable":true,"href":"https:\/\/wegeblw.pl\/index.php\/wp-json\/wp\/v2\/comments?post=8244"}],"wp:featuredmedia":[{"embeddable":true,"href":"https:\/\/wegeblw.pl\/index.php\/wp-json\/wp\/v2\/media\/8245"}],"wp:attachment":[{"href":"https:\/\/wegeblw.pl\/index.php\/wp-json\/wp\/v2\/media?parent=8244"}],"wp:term":[{"taxonomy":"product_cat","embeddable":true,"href":"https:\/\/wegeblw.pl\/index.php\/wp-json\/wp\/v2\/product_cat?post=8244"},{"taxonomy":"product_tag","embeddable":true,"href":"https:\/\/wegeblw.pl\/index.php\/wp-json\/wp\/v2\/product_tag?post=8244"}],"curies":[{"name":"wp","href":"https:\/\/api.w.org\/{rel}","templated":true}]}}