{"id":8248,"date":"2018-06-28T23:02:16","date_gmt":"2018-06-28T21:02:16","guid":{"rendered":"https:\/\/wegeblw.pl\/index.php\/produkt\/betteryou-witamina-d-3000iu-w-sprayu-15ml\/"},"modified":"2026-04-10T22:15:31","modified_gmt":"2026-04-10T20:15:31","slug":"betteryou-witamina-d-3000iu-w-sprayu-15ml","status":"publish","type":"product","link":"https:\/\/wegeblw.pl\/index.php\/produkt\/betteryou-witamina-d-3000iu-w-sprayu-15ml\/","title":{"rendered":"BetterYou Witamina D 3000Iu w Sprayu 15ml"},"content":{"rendered":"<p>SUPELEMENT DIETY FAT BURNER FIRMY ECOBIOTICSBEZ GMO &#8211; BEZ LAKTOZY &#8211; BEZ GLUTENU &#8211; NATURALNPowerbiotic Fat Burner to liofilizowana esencja z ekologicznego octu jab\u0142kowego, b\u0119d\u0105ca bardzo bogatym \u017ar\u00f3d\u0142em zwi\u0105zk\u00f3w polifenolowych (kwas galusowy, katechiny, epikatechiny), kwas\u00f3w: cholrogenowego, kawowego, kumarynowego, mlekowego i cytrynowego, aminokwas\u00f3w, enzym\u00f3w, witamin, mikroelement\u00f3w i pektyn.Powerbiotic Fat Burner przeznaczony jest przede wszystkim dla ludzi, kt\u00f3rzy chc\u0105 zadba\u0107 o prawid\u0142ow\u0105 mas\u0119 cia\u0142a i uchroni\u0107 si\u0119 przed nast\u0119pstwami chor\u00f3b cywilizacyjnych. Ocet jab\u0142kowy reguluje poziom glukozy, spala t\u0142uszcz, zmniejsza ryzyko wyst\u0105pienia mia\u017cd\u017cycy i nadci\u015bnienia, obni\u017ca poziom trigliceryd\u00f3w i cholesterolu, zapobiega utlenianiu cz\u0105steczek z\u0142ego cholesterolu LDL. Niweluje te\u017c reflux i zgag\u0119.Opakowanie zawiera 60 kapsu\u0142ek (30 porcji dziennych)Sk\u0142adniki: liofilizowany ocet jab\u0142kowy 100%Produkt Przebadany laboratoryjnieNajwa\u017cniejsze dzia\u0142anie Powerbiotic Far BurnerReguluje poziom glukozy, zmniejsza st\u0119\u017cenie glukozy we krwi i zwi\u0119ksza wra\u017cliwo\u015b\u0107 kom\u00f3rek na insulin\u0119U pacjent\u00f3w po spo\u017cyciu octu jab\u0142kowego obserwuje si\u0119 du\u017ce 30 40% obni\u017cenie poziomu glukozy i insuliny we krwi). Ocet jab\u0142kowy jest polecany w diecie os\u00f3b ze stanem przedcukrzycowym, cukrzyc\u0105, insulinooporno\u015bci\u0105 i wszelkimi zaburzeniami gospodarki w\u0119glowodanowej. Za dzia\u0142anie hipoglikemiczne octu jab\u0142kowego odpowiada zawarty w nim kwas octowy. Kwas octowy dzia\u0142a wielokierunkowo i odpowiada aktywno\u015bci trzech rodzaj\u00f3w lek\u00f3w stosowanych w leczeniu cukrzycy: spowalnia wch\u0142anianie cukru z po\u017cywienia do krwi oraz spowalnia rozk\u0142ad skrobi do cukr\u00f3w prostych (analogicznie jak lek akarboza), zmniejsza glikemi\u0119 poposi\u0142kow\u0105 i zwi\u0119ksza wra\u017cliwo\u015b\u0107 kom\u00f3rek na insulin\u0119 (analogicznie jak lek metformina) a przyjmowany przed snem ocet jab\u0142kowy obni\u017ca poziom glukozy na czczo, co sugeruje, \u017ce zwi\u0119ksza wydzielanie insuliny (analogicznie jak lek nateglinid). U os\u00f3b zdrowych po podaniu 50 g sacharozy i 60 ml octu jab\u0142kowego nie stwierdzono istotnej zmiany poziomu glukozy we krwi , natomiast wydzielanie insuliny zmniejszy\u0142o si\u0119 o 20% wzgl\u0119dem podania samej sacharozy.Spala t\u0142uszcz \u2013 pomaga w zredukowaniu masy cia\u0142aBadania przeprowadzone w Japonii wykaza\u0142y, \u017ce po 12 tygodniach przyjmowania octu jab\u0142kowego masa cia\u0142a, BMI, trzewna powierzchnia t\u0142uszczu oraz obw\u00f3d w talii by\u0142y znacz\u0105co ni\u017csze. Ocet jab\u0142kowy wspomaga odchudzanie, poniewa\u017c reguluje poziom glukozy we krwi i zmniejsza wydzielanie insuliny, co prowadzi do zmniejszenia masy cia\u0142a. Dodanie octu jab\u0142kowego do posi\u0142ku zwi\u0119ksza uczucie syto\u015bci, ale mechanizm tego dzia\u0142ania nie jest dok\u0142adnie wyja\u015bniony.Zmniejsza ryzyko wyst\u0105pienia mia\u017cd\u017cycy i nadci\u015bnieniaDotychczasowe badania przeprowadzone na szczurach wykaza\u0142y, \u017ce podawanie octu jab\u0142kowego obni\u017ca poziom cholesterolu i tr\u00f3jgliceryd\u00f3w. Ocet jab\u0142kowy zawiera silny przeciwutleniacz \u2013 kwas chlorogenowy, kt\u00f3ry ochrania cz\u0105steczki cholesterolu LDL przed utlenianiem, co zmniejsza ryzyko wyst\u0105pienia mia\u017cd\u017cycy naczy\u0144 krwiono\u015bnych. Wykazano r\u00f3wnie\u017c w badaniach, \u017ce wzbogacenie diety szczur\u00f3w octem jab\u0142kowym powoduje znaczne zmniejszenie u nich skurczowego ci\u015bnienia krwi (o 20 mm Hg) w por\u00f3wnaniu do osobnik\u00f3w, u kt\u00f3rych w diecie zamiast octu zastosowano wod\u0119 dejonizowan\u0105.Niweluje refluks i zgag\u0119Nast\u0119pstwem choroby refluksowej prze\u0142yku s\u0105 dolegliwo\u015bci o typie zgagi, cz\u0119sto objawy nieprawid\u0142owo zakwaszonego \u017co\u0142\u0105dka. Prawid\u0142owo zakwaszony \u017co\u0142\u0105dek (pH = 1,5\uf0b82,5) jest konieczny do w\u0142a\u015bciwego trawienia pokarm\u00f3w, w tym bia\u0142ek. Ocet jab\u0142kowy zakwasza w organizmie jedynie \u017co\u0142\u0105dek, zwi\u0119ksza wydzielanie soku \u017co\u0142\u0105dkowego niezb\u0119dnego do prawid\u0142owego trawienia bia\u0142ek. Jest on fenomenem natury, ma w\u0142a\u015bciwo\u015bci alkalizuj\u0105ce, ale mo\u017ce jednocze\u015bnie odkwasza\u0107 organizm i zakwasza\u0107 \u017co\u0142\u0105dek. Mo\u017cna refluksowi zaradzi\u0107, przyjmuj\u0105c codziennie jedn\u0105 \u0142y\u017ck\u0119 sto\u0142ow\u0105 niefiltrowanego octu jab\u0142kowego rozpuszczonego w jednej szklance wody przed lub w trakcie posi\u0142ku. Pektyna zawarta w occie jab\u0142kowym mo\u017ce natomiast \u0142agodzi\u0107 skurcze jelit.Pomocny przy zatkanych zatokachOcet jab\u0142kowy rozrzedza i zmniejsza ilo\u015b\u0107 \u015bluzu w organizmie, pomagaj\u0105c oczy\u015bci\u0107 zatoki. Zawarte w occie witaminy: E, B1, B2, pierwiastki: wap\u0144 i magnez wspomagaj\u0105 oczyszczenie zatok i leczenie stanu zapalnego. Zaleca si\u0119 przyjmowa\u0107 jedn\u0105 \u0142y\u017ck\u0119 sto\u0142ow\u0105 octu jab\u0142kowego rozpuszczonego w jednej szklance letniej wody 3x dziennie do ust\u0105pienia infekcji.Wykazuje korzystne dzia\u0142anie na w\u0142osy, sk\u00f3r\u0119 i stan jamy ustnejOcet jab\u0142kowy mo\u017cna stosowa\u0107 na w\u0142osy jako od\u017cywk\u0119, pomaga on usun\u0105\u0107 nagromadzone we w\u0142osach \u015brodki piel\u0119gnacyjne i przywr\u00f3ci\u0107 naturalne pH sk\u00f3ry oraz nada\u0107 w\u0142osom blask. Ocet jab\u0142kowy mo\u017ce stanowi\u0107 dezodorant do st\u00f3p, jego wcieranie w sk\u00f3r\u0119 st\u00f3p mo\u017ce wyeliminowa\u0107 bakterie i usun\u0105\u0107 nieprzyjemny zapach.Zaleca si\u0119 przyjmowanie 2-4 kapsu\u0142ek dziennie, najlepiej w jednej porcji rano na czczo, celem odpowiedniego zakwaszenia \u015brodowiska \u017co\u0142\u0105dka.Masa netto: 18gOpakowanie zawiera 60 kapsu\u0142ek (30 porcji dziennych)Warunki przechowywania:Powerbiotic nale\u017cy przechowywa\u0107 w suchym i ch\u0142odnym miejscu, w spos\u00f3b niedost\u0119pny dla dzieci. Nie ma potrzeby przechowywania w lod\u00f3wce.\u015arodki ostro\u017cno\u015bci: Nie stosowa\u0107 w przypadku nadwra\u017cliwo\u015bci na kt\u00f3rykolwiek ze sk\u0142adnik\u00f3w. Produkt nie mo\u017ce by\u0107 stosowany jako substytut zr\u00f3\u017cnicowanej diety oraz zdrowego trybu \u017cycia, kt\u00f3re s\u0105 wa\u017cne dla prawid\u0142owego funkcjonowania organizmu.EAN KOD: 5 908261 558238WYPRODUKOWANE W POLSCE DLA:ECOBIOTICS SP. Z O.O. POLAND<\/p>\n<p>Suplementy na odchudzanie<\/p>\n<p>wap\u0144 najlepiej przyswajalny, deser, nerkowiec drzewo, \u017cywokost na zmarszczki, bia\u0142y jele\u0144 sklep, yerba brazylijska, olej rycynowy na pi\u0119ty, herbata czekoladowa, co to akryl, choco puffs, chrzan tarty w\u0142a\u015bciwo\u015bci, mi\u0119ta grejpfrutowa, wega\u0144ska wielkanoc, masa do krem\u00f3wki, zdrowa \u017cywno\u015b\u0107 gliwice, dextroza<\/p>\n<p>yyyyy<\/p>\n","protected":false},"excerpt":{"rendered":"<p>SUPELEMENT DIETY FAT BURNER FIRMY ECOBIOTICSBEZ GMO &#8211; BEZ LAKTOZY &#8211; BEZ GLUTENU &#8211; NATURALNPowerbiotic Fat Burner to liofilizowana esencja&hellip;<\/p>\n","protected":false},"featured_media":8249,"comment_status":"closed","ping_status":"open","template":"","meta":[],"product_cat":[18],"product_tag":[655,682,623,646],"class_list":["post-8248","product","type-product","status-publish","has-post-thumbnail","hentry","product_cat-mineraly-i-witaminy","product_tag-eko-warzywa","product_tag-food-organic-store","product_tag-mleko-roslinne","product_tag-slodycze-weganskie"],"_links":{"self":[{"href":"https:\/\/wegeblw.pl\/index.php\/wp-json\/wp\/v2\/product\/8248","targetHints":{"allow":["GET"]}}],"collection":[{"href":"https:\/\/wegeblw.pl\/index.php\/wp-json\/wp\/v2\/product"}],"about":[{"href":"https:\/\/wegeblw.pl\/index.php\/wp-json\/wp\/v2\/types\/product"}],"replies":[{"embeddable":true,"href":"https:\/\/wegeblw.pl\/index.php\/wp-json\/wp\/v2\/comments?post=8248"}],"wp:featuredmedia":[{"embeddable":true,"href":"https:\/\/wegeblw.pl\/index.php\/wp-json\/wp\/v2\/media\/8249"}],"wp:attachment":[{"href":"https:\/\/wegeblw.pl\/index.php\/wp-json\/wp\/v2\/media?parent=8248"}],"wp:term":[{"taxonomy":"product_cat","embeddable":true,"href":"https:\/\/wegeblw.pl\/index.php\/wp-json\/wp\/v2\/product_cat?post=8248"},{"taxonomy":"product_tag","embeddable":true,"href":"https:\/\/wegeblw.pl\/index.php\/wp-json\/wp\/v2\/product_tag?post=8248"}],"curies":[{"name":"wp","href":"https:\/\/api.w.org\/{rel}","templated":true}]}}