{"id":8251,"date":"2015-09-15T20:10:44","date_gmt":"2015-09-15T18:10:44","guid":{"rendered":"https:\/\/wegeblw.pl\/index.php\/produkt\/fitness-trading-ostrovit-testotabs-90tabl\/"},"modified":"2026-04-07T01:27:07","modified_gmt":"2026-04-06T23:27:07","slug":"fitness-trading-ostrovit-testotabs-90tabl","status":"publish","type":"product","link":"https:\/\/wegeblw.pl\/index.php\/produkt\/fitness-trading-ostrovit-testotabs-90tabl\/","title":{"rendered":"Fitness Trading OstroVit Testotabs 90tabl."},"content":{"rendered":"<p>Od\u017cywki bia\u0142kowe<\/p>\n<p>ile soli fizjologicznej do inhalacji, pesto z pomidor\u00f3w, dieta lekkostrawna &#8211; co je\u015b\u0107, majom, kasza jaglana odchudzanie efekty, pasta sezamowa tahini gdzie kupi\u0107, mleka roslinne<\/p>\n<p>yyyyy<\/p>\n","protected":false},"excerpt":{"rendered":"<p>Od\u017cywki bia\u0142kowe ile soli fizjologicznej do inhalacji, pesto z pomidor\u00f3w, dieta lekkostrawna &#8211; co je\u015b\u0107, majom, kasza jaglana odchudzanie efekty,&hellip;<\/p>\n","protected":false},"featured_media":8252,"comment_status":"closed","ping_status":"open","template":"","meta":[],"product_cat":[37],"product_tag":[705,661,855,709,809,630],"class_list":["post-8251","product","type-product","status-publish","has-post-thumbnail","hentry","product_cat-witaminy-i-mineraly","product_tag-guma-guar-szkodliwosc","product_tag-jak-ugotowac-komose-ryzowa","product_tag-kozie-mleko","product_tag-maka-orkiszowa-zastosowanie","product_tag-produkty-bez-cukru","product_tag-vege-slodycze"],"_links":{"self":[{"href":"https:\/\/wegeblw.pl\/index.php\/wp-json\/wp\/v2\/product\/8251","targetHints":{"allow":["GET"]}}],"collection":[{"href":"https:\/\/wegeblw.pl\/index.php\/wp-json\/wp\/v2\/product"}],"about":[{"href":"https:\/\/wegeblw.pl\/index.php\/wp-json\/wp\/v2\/types\/product"}],"replies":[{"embeddable":true,"href":"https:\/\/wegeblw.pl\/index.php\/wp-json\/wp\/v2\/comments?post=8251"}],"wp:featuredmedia":[{"embeddable":true,"href":"https:\/\/wegeblw.pl\/index.php\/wp-json\/wp\/v2\/media\/8252"}],"wp:attachment":[{"href":"https:\/\/wegeblw.pl\/index.php\/wp-json\/wp\/v2\/media?parent=8251"}],"wp:term":[{"taxonomy":"product_cat","embeddable":true,"href":"https:\/\/wegeblw.pl\/index.php\/wp-json\/wp\/v2\/product_cat?post=8251"},{"taxonomy":"product_tag","embeddable":true,"href":"https:\/\/wegeblw.pl\/index.php\/wp-json\/wp\/v2\/product_tag?post=8251"}],"curies":[{"name":"wp","href":"https:\/\/api.w.org\/{rel}","templated":true}]}}