{"id":8279,"date":"2016-10-03T02:05:29","date_gmt":"2016-10-03T00:05:29","guid":{"rendered":"https:\/\/wegeblw.pl\/index.php\/produkt\/diagnosis-zestaw-akcesoriow-do-inhalacji-dla-dzieci\/"},"modified":"2026-04-08T07:56:33","modified_gmt":"2026-04-08T05:56:33","slug":"diagnosis-zestaw-akcesoriow-do-inhalacji-dla-dzieci","status":"publish","type":"product","link":"https:\/\/wegeblw.pl\/index.php\/produkt\/diagnosis-zestaw-akcesoriow-do-inhalacji-dla-dzieci\/","title":{"rendered":"Diagnosis Zestaw akcesori\u00f3w do inhalacji dla dzieci"},"content":{"rendered":"<p>Zdrowa \u017cywno\u015b\u0107<\/p>\n<p>r\u00f3\u017cd\u017cki smaku, prosty sklad, kurkuma ile dziennie, erytrol dla cukrzyka, rumianek przeciwwskazania, eco torba, maka jaglana gluten, czy sa\u0142ata lodowa jest zdrowa, ser parmezan<\/p>\n<p>yyyyy<\/p>\n","protected":false},"excerpt":{"rendered":"<p>Zdrowa \u017cywno\u015b\u0107 r\u00f3\u017cd\u017cki smaku, prosty sklad, kurkuma ile dziennie, erytrol dla cukrzyka, rumianek przeciwwskazania, eco torba, maka jaglana gluten, czy&hellip;<\/p>\n","protected":false},"featured_media":8280,"comment_status":"closed","ping_status":"open","template":"","meta":[],"product_cat":[223],"product_tag":[830,639,622,828],"class_list":["post-8279","product","type-product","status-publish","has-post-thumbnail","hentry","product_cat-inhalatory-i-akcesoria","product_tag-organic-24","product_tag-organic-farma","product_tag-vege-mieso","product_tag-zakupy-z-dostawa-do-domu"],"_links":{"self":[{"href":"https:\/\/wegeblw.pl\/index.php\/wp-json\/wp\/v2\/product\/8279","targetHints":{"allow":["GET"]}}],"collection":[{"href":"https:\/\/wegeblw.pl\/index.php\/wp-json\/wp\/v2\/product"}],"about":[{"href":"https:\/\/wegeblw.pl\/index.php\/wp-json\/wp\/v2\/types\/product"}],"replies":[{"embeddable":true,"href":"https:\/\/wegeblw.pl\/index.php\/wp-json\/wp\/v2\/comments?post=8279"}],"wp:featuredmedia":[{"embeddable":true,"href":"https:\/\/wegeblw.pl\/index.php\/wp-json\/wp\/v2\/media\/8280"}],"wp:attachment":[{"href":"https:\/\/wegeblw.pl\/index.php\/wp-json\/wp\/v2\/media?parent=8279"}],"wp:term":[{"taxonomy":"product_cat","embeddable":true,"href":"https:\/\/wegeblw.pl\/index.php\/wp-json\/wp\/v2\/product_cat?post=8279"},{"taxonomy":"product_tag","embeddable":true,"href":"https:\/\/wegeblw.pl\/index.php\/wp-json\/wp\/v2\/product_tag?post=8279"}],"curies":[{"name":"wp","href":"https:\/\/api.w.org\/{rel}","templated":true}]}}