{"id":8309,"date":"2017-12-28T05:06:34","date_gmt":"2017-12-28T04:06:34","guid":{"rendered":"https:\/\/wegeblw.pl\/index.php\/produkt\/unipro-activlab-elektrolity-smak-limonkowy-20tabl-musujacych\/"},"modified":"2026-04-29T02:37:18","modified_gmt":"2026-04-29T00:37:18","slug":"unipro-activlab-elektrolity-smak-limonkowy-20tabl-musujacych","status":"publish","type":"product","link":"https:\/\/wegeblw.pl\/index.php\/produkt\/unipro-activlab-elektrolity-smak-limonkowy-20tabl-musujacych\/","title":{"rendered":"Unipro ActivLab Elektrolity smak limonkowy 20tabl. musuj\u0105cych"},"content":{"rendered":"<p>UrgoClean Ag jest wskazany na rany z objawami miejscowej infekcji lubz ryzykiem zaka\u017cenia, z biofilmem, z martwic\u0105 rozp\u0142ywn\u0105, a w tym w:ranach ostrych: oparzenia, rany pourazowe, rany chirurgiczne,ranach przewlek\u0142ych: odle\u017cyny, owrzodzenia ko\u0144czyn dolnych, owrzodzenia stopy cukrzycowej.CHARAKTERYSTYKAUrgoClean Ag wykazuje silne dzia\u0142anie antybiofilmowe iantybakteryjne m.in. wobec Staphylococcus aureus, MRSA, Streptococcuspyogenes i Pseudomonas aeruginosa,miejscowo zwalcza zaka\u017cenie, zmniejszaj\u0105c liczb\u0119 bakterii w ranie,UrgoClean Ag wykazuje kompleksowe dzia\u0142anie oczyszczaj\u0105ce (usuwa z rany wysi\u0119k, martwic\u0119 rozp\u0142ywn\u0105 i obumar\u0142e tkanki),usuwa z rany biofilm i zapobiega jego rekonstrukcji,mo\u017ce by\u0107 u\u017cywany w terapii kompresyjnej,pozwala na bezbolesn\u0105 i bezurazow\u0105 zmian\u0119 opatrunku, dzi\u0119ki \u017celuj\u0105cej matrycy TLC, utrzymuj\u0105cej optymalnie wilgotne \u015brodowisko,opatrunek UrgoClean Ag jest przebadany klinicznie.<\/p>\n<p>Apteczki i materia\u0142y opatrunkowe<\/p>\n<p>mas\u0142o makadamia, mas\u0142o klarowane, kasza manna na mleku kokosowym, czym zast\u0105pi\u0107 p\u0142atki owsiane, kasxa, aloes korzenie, chipsy z batatow, masc mumio, leonardyt, oczar wirginijski hydrolat<\/p>\n<p><a href=\"https:\/\/www.pracowniakreska.com\/terapeuci\/\" rel=\"nofollow\">terapia ptsd pozna\u0144<\/a><\/p>\n","protected":false},"excerpt":{"rendered":"<p>UrgoClean Ag jest wskazany na rany z objawami miejscowej infekcji lubz ryzykiem zaka\u017cenia, z biofilmem, z martwic\u0105 rozp\u0142ywn\u0105, a w&hellip;<\/p>\n","protected":false},"featured_media":8310,"comment_status":"closed","ping_status":"open","template":"","meta":[],"product_cat":[37],"product_tag":[844,647,846,837],"class_list":["post-8309","product","type-product","status-publish","has-post-thumbnail","hentry","product_cat-witaminy-i-mineraly","product_tag-eko-mieso","product_tag-kurczak-bio","product_tag-sekacz","product_tag-soczewica-czerwona"],"_links":{"self":[{"href":"https:\/\/wegeblw.pl\/index.php\/wp-json\/wp\/v2\/product\/8309","targetHints":{"allow":["GET"]}}],"collection":[{"href":"https:\/\/wegeblw.pl\/index.php\/wp-json\/wp\/v2\/product"}],"about":[{"href":"https:\/\/wegeblw.pl\/index.php\/wp-json\/wp\/v2\/types\/product"}],"replies":[{"embeddable":true,"href":"https:\/\/wegeblw.pl\/index.php\/wp-json\/wp\/v2\/comments?post=8309"}],"wp:featuredmedia":[{"embeddable":true,"href":"https:\/\/wegeblw.pl\/index.php\/wp-json\/wp\/v2\/media\/8310"}],"wp:attachment":[{"href":"https:\/\/wegeblw.pl\/index.php\/wp-json\/wp\/v2\/media?parent=8309"}],"wp:term":[{"taxonomy":"product_cat","embeddable":true,"href":"https:\/\/wegeblw.pl\/index.php\/wp-json\/wp\/v2\/product_cat?post=8309"},{"taxonomy":"product_tag","embeddable":true,"href":"https:\/\/wegeblw.pl\/index.php\/wp-json\/wp\/v2\/product_tag?post=8309"}],"curies":[{"name":"wp","href":"https:\/\/api.w.org\/{rel}","templated":true}]}}