{"id":8319,"date":"2022-03-22T05:13:32","date_gmt":"2022-03-22T04:13:32","guid":{"rendered":"https:\/\/wegeblw.pl\/index.php\/produkt\/kenay-curcumin-mikroactive-60kaps\/"},"modified":"2026-04-07T01:09:53","modified_gmt":"2026-04-06T23:09:53","slug":"kenay-curcumin-mikroactive-60kaps","status":"publish","type":"product","link":"https:\/\/wegeblw.pl\/index.php\/produkt\/kenay-curcumin-mikroactive-60kaps\/","title":{"rendered":"Kenay Curcumin MikroActive 60kaps."},"content":{"rendered":"<p>&#8222;Dysleksja&#8221; to zestaw \u0107wicze\u0144 funkcji poznawczych dla dzieci zagro\u017conych dysleksj\u0105 w wieku 5-6 lat. Zestaw zawiera \u0107wiczenia: spostrzegania wzrokowego, mechanizm\u00f3w lewop\u00f3\u0142kulowych, s\u0142uchowe i j\u0119zykowe, grafopercepcji. AUTOR AGNIESZKA BALA TYTU\u0141 DYSLEKSJA 5-6 LAT WYDAWCA WIR ROK WYDANIA 2016 FORMAT 215 X 310 MM OPRAWA OPRAWA BROSZUROWA ILO\u015a\u0106 STRON 46 EAN 5902490404717 Znajd\u017a podobne wed\u0142ug klucza: AGNIESZKA_BALA WIR (227815)<\/p>\n<p>Nauki humanistyczne i spo\u0142eczne<\/p>\n<p>dieta sirt co to, any\u017c gdzie kupi\u0107, tabletki guarana, przyprawa do kanapek, broku\u0142 romanesco, \u017ceberka wieprzowe cena, szybkie danie dla du\u017cej ilo\u015bci os\u00f3b, s\u0142odycze bez cukru dla dzieci, sk\u0142adana suszarka do naczy\u0144, f vit c 1000, ziele wrotyczu, oskrzela u dzieci, z\u0142oto polskie, old<\/p>\n<p>yyyyy<\/p>\n","protected":false},"excerpt":{"rendered":"<p>&#8222;Dysleksja&#8221; to zestaw \u0107wicze\u0144 funkcji poznawczych dla dzieci zagro\u017conych dysleksj\u0105 w wieku 5-6 lat. Zestaw zawiera \u0107wiczenia: spostrzegania wzrokowego, mechanizm\u00f3w&hellip;<\/p>\n","protected":false},"featured_media":8320,"comment_status":"closed","ping_status":"open","template":"","meta":[],"product_cat":[44],"product_tag":[877,857,717,663,776],"class_list":["post-8319","product","type-product","status-publish","has-post-thumbnail","hentry","product_cat-uklad-pokarmowy","product_tag-bita-smietana-bez-laktozy","product_tag-jablka-ekologiczne","product_tag-odzywka-onlybio","product_tag-sekacz-ciasto","product_tag-zamiennik-miesa"],"_links":{"self":[{"href":"https:\/\/wegeblw.pl\/index.php\/wp-json\/wp\/v2\/product\/8319","targetHints":{"allow":["GET"]}}],"collection":[{"href":"https:\/\/wegeblw.pl\/index.php\/wp-json\/wp\/v2\/product"}],"about":[{"href":"https:\/\/wegeblw.pl\/index.php\/wp-json\/wp\/v2\/types\/product"}],"replies":[{"embeddable":true,"href":"https:\/\/wegeblw.pl\/index.php\/wp-json\/wp\/v2\/comments?post=8319"}],"wp:featuredmedia":[{"embeddable":true,"href":"https:\/\/wegeblw.pl\/index.php\/wp-json\/wp\/v2\/media\/8320"}],"wp:attachment":[{"href":"https:\/\/wegeblw.pl\/index.php\/wp-json\/wp\/v2\/media?parent=8319"}],"wp:term":[{"taxonomy":"product_cat","embeddable":true,"href":"https:\/\/wegeblw.pl\/index.php\/wp-json\/wp\/v2\/product_cat?post=8319"},{"taxonomy":"product_tag","embeddable":true,"href":"https:\/\/wegeblw.pl\/index.php\/wp-json\/wp\/v2\/product_tag?post=8319"}],"curies":[{"name":"wp","href":"https:\/\/api.w.org\/{rel}","templated":true}]}}