{"id":8321,"date":"2025-06-19T06:53:19","date_gmt":"2025-06-19T04:53:19","guid":{"rendered":"https:\/\/wegeblw.pl\/?post_type=product&#038;p=8321"},"modified":"2026-04-07T12:48:34","modified_gmt":"2026-04-07T10:48:34","slug":"colway-international-magnesium-complex-kompozycja-trzech-form-magnezu-60-szt","status":"publish","type":"product","link":"https:\/\/wegeblw.pl\/index.php\/produkt\/colway-international-magnesium-complex-kompozycja-trzech-form-magnezu-60-szt\/","title":{"rendered":"Colway International Magnesium Complex Kompozycja trzech form magnezu 60 szt"},"content":{"rendered":"<p>Zdrowie. Diagnostyka, profilaktyka, bezpiecze\u0144stw<\/p>\n<p>Zdrowie i diety<\/p>\n<p>kolagen beauty me, wcale nie zio, cukier trzcinowy czy jest zdrowy, propolis krople 20, olejek z drzewa herbacianego etja, czerwona soczewica jak gotowa\u0107, p\u0142atki kosmetyczne dla dzieci, m\u0105ka orkiszowa ig, szampon do w\u0142os\u00f3w blond, quinoa gotowanie, maczki cukierki, czarny krzemie\u0144 do wody, pasta red curry, easy candle, naticol kolagen, jaki olej na w\u0142osy, co to jest kapar, zakwasownia garnizon, kasza gryczana sk\u0142ad, zakupy spo\u017cywcze online wroc\u0142aw, rolada jablkowa<\/p>\n<p>yyyyy<\/p>\n","protected":false},"excerpt":{"rendered":"<p>Zdrowie. Diagnostyka, profilaktyka, bezpiecze\u0144stw Zdrowie i diety kolagen beauty me, wcale nie zio, cukier trzcinowy czy jest zdrowy, propolis krople&hellip;<\/p>\n","protected":false},"featured_media":8322,"comment_status":"closed","ping_status":"open","template":"","meta":[],"product_cat":[31],"product_tag":[883,876,871],"class_list":["post-8321","product","type-product","status-publish","has-post-thumbnail","hentry","product_cat-suplementy-na-wzrok-i-sluch","product_tag-ekologiczne-warzywa","product_tag-herbaty-bio","product_tag-kwaszonki"],"_links":{"self":[{"href":"https:\/\/wegeblw.pl\/index.php\/wp-json\/wp\/v2\/product\/8321","targetHints":{"allow":["GET"]}}],"collection":[{"href":"https:\/\/wegeblw.pl\/index.php\/wp-json\/wp\/v2\/product"}],"about":[{"href":"https:\/\/wegeblw.pl\/index.php\/wp-json\/wp\/v2\/types\/product"}],"replies":[{"embeddable":true,"href":"https:\/\/wegeblw.pl\/index.php\/wp-json\/wp\/v2\/comments?post=8321"}],"wp:featuredmedia":[{"embeddable":true,"href":"https:\/\/wegeblw.pl\/index.php\/wp-json\/wp\/v2\/media\/8322"}],"wp:attachment":[{"href":"https:\/\/wegeblw.pl\/index.php\/wp-json\/wp\/v2\/media?parent=8321"}],"wp:term":[{"taxonomy":"product_cat","embeddable":true,"href":"https:\/\/wegeblw.pl\/index.php\/wp-json\/wp\/v2\/product_cat?post=8321"},{"taxonomy":"product_tag","embeddable":true,"href":"https:\/\/wegeblw.pl\/index.php\/wp-json\/wp\/v2\/product_tag?post=8321"}],"curies":[{"name":"wp","href":"https:\/\/api.w.org\/{rel}","templated":true}]}}