{"id":8416,"date":"2014-06-28T12:47:04","date_gmt":"2014-06-28T10:47:04","guid":{"rendered":"https:\/\/wegeblw.pl\/index.php\/produkt\/uns-zielona-herbata-50-egcg-ekstrakt-451-60vegcaps\/"},"modified":"2026-04-10T04:39:52","modified_gmt":"2026-04-10T02:39:52","slug":"uns-zielona-herbata-50-egcg-ekstrakt-451-60vegcaps","status":"publish","type":"product","link":"https:\/\/wegeblw.pl\/index.php\/produkt\/uns-zielona-herbata-50-egcg-ekstrakt-451-60vegcaps\/","title":{"rendered":"Uns Zielona Herbata 50% Egcg Ekstrakt 45:1 60Vegcaps"},"content":{"rendered":"<p>Okulary Seen to produkt skierowany do kobiet, m\u0119\u017cczyzn i dzieci. Ponadczasowe formy i kolorystyka, bez ozdobnik\u00f3w tak cz\u0119sto wyst\u0119puj\u0105cych w oprawkach okular\u00f3w innych marek sprawiaj\u0105, \u017ce kolekcje s\u0105 ponadczasowe i \u0142atwo dopasowa\u0107 je do ka\u017cdego typu urody. Mieszcz\u0105 si\u0119 raczej w przedziale klasyki, ni\u017c awangardy i najnowszych trend\u00f3w, dlatego te\u017c b\u0119d\u0105 doskona\u0142ym wyborem dla os\u00f3b, kt\u00f3re s\u0105 przywi\u0105zane do konkretnych dodatk\u00f3w. Seen to klasyczny minimalizm w podstawowych kolorach. Model SNOU5007 to klasyczne oprawy okularowe.Oprawa wykonana jest z metalu, kt\u00f3ry dodaje lekko\u015bci okularom i sprawia, \u017ce oprawa jest wytrzyma\u0142a i elastyczna, a przy tym bardzo komfortowa w noszeniu. Kszta\u0142t okr\u0105g\u0142y nawi\u0105zuje do stylu retro. Takie okulary sprawdz\u0105 si\u0119 w stylizacjach casualowych, eklektycznych jak i r\u00f3wnie\u017c mocno awangardowych.<\/p>\n<p>Okulary oprawki i szk\u0142a<\/p>\n<p>zi\u0119ba ksi\u0105\u017cki, kukurydziana, co to jest propolis, w\u0142oski twardy ser podpuszczkowy, nasiona straczkowe, suszony rozmaryn, kie\u0142basa bia\u0142a, mango pulpa, ceylon, popularna meksyka\u0144ska przystawka, kimchi w\u0142a\u015bciwo\u015bci, witamina c 1000mg, skrzyde\u0142ka z indyka, sylimaryna przeciwwskazania, banan cukry, t\u0142, czy kawa bezkofeinowa jest zdrowa, ochraniacze na materac 140&#215;200<\/p>\n<p>yyyyy<\/p>\n","protected":false},"excerpt":{"rendered":"<p>Okulary Seen to produkt skierowany do kobiet, m\u0119\u017cczyzn i dzieci. Ponadczasowe formy i kolorystyka, bez ozdobnik\u00f3w tak cz\u0119sto wyst\u0119puj\u0105cych w&hellip;<\/p>\n","protected":false},"featured_media":8417,"comment_status":"closed","ping_status":"open","template":"","meta":[],"product_cat":[29],"product_tag":[834,861,790,756],"class_list":["post-8416","product","type-product","status-publish","has-post-thumbnail","hentry","product_cat-pozostale-suplementy","product_tag-biosaurus","product_tag-czym-zastapic-jogurt-naturalny","product_tag-majonez-vitapol-domowy","product_tag-sklep-ekologiczny-warszawa"],"_links":{"self":[{"href":"https:\/\/wegeblw.pl\/index.php\/wp-json\/wp\/v2\/product\/8416","targetHints":{"allow":["GET"]}}],"collection":[{"href":"https:\/\/wegeblw.pl\/index.php\/wp-json\/wp\/v2\/product"}],"about":[{"href":"https:\/\/wegeblw.pl\/index.php\/wp-json\/wp\/v2\/types\/product"}],"replies":[{"embeddable":true,"href":"https:\/\/wegeblw.pl\/index.php\/wp-json\/wp\/v2\/comments?post=8416"}],"wp:featuredmedia":[{"embeddable":true,"href":"https:\/\/wegeblw.pl\/index.php\/wp-json\/wp\/v2\/media\/8417"}],"wp:attachment":[{"href":"https:\/\/wegeblw.pl\/index.php\/wp-json\/wp\/v2\/media?parent=8416"}],"wp:term":[{"taxonomy":"product_cat","embeddable":true,"href":"https:\/\/wegeblw.pl\/index.php\/wp-json\/wp\/v2\/product_cat?post=8416"},{"taxonomy":"product_tag","embeddable":true,"href":"https:\/\/wegeblw.pl\/index.php\/wp-json\/wp\/v2\/product_tag?post=8416"}],"curies":[{"name":"wp","href":"https:\/\/api.w.org\/{rel}","templated":true}]}}