{"id":844,"date":"2023-03-16T15:32:25","date_gmt":"2023-03-16T14:32:25","guid":{"rendered":"https:\/\/wegeblw.pl\/?post_type=product&#038;p=844"},"modified":"2026-04-07T05:00:18","modified_gmt":"2026-04-07T03:00:18","slug":"progressive-ziola-wzmocnienie-odpornosci-puszka-czarna-100g","status":"publish","type":"product","link":"https:\/\/wegeblw.pl\/index.php\/produkt\/progressive-ziola-wzmocnienie-odpornosci-puszka-czarna-100g\/","title":{"rendered":"Progressive Zio\u0142a Wzmocnienie Odporno\u015bci Puszka Czarna 100G"},"content":{"rendered":"<p>Ten \u015bliczny zestaw dla lalek stylizowany jest na kolekcji Maxi Cosi Quinny o nowoczesnej stylistyce. Krzese\u0142ko ze stolikiem jest niezwykle stabilne, a po nakarmieniu lalki mo\u017cna je zmieni\u0107 w prosty spos\u00f3b na noside\u0142ko lub bujak\/hu\u015btawk\u0119. Zestaw przeznaczony dla lalek 42 cm.Charakterystyka:- wielofunkcyjny zestaw 3w1: krzese\u0142ko do karmienia, noside\u0142ko i bujak\/hu\u015btawka- oryginalne wzornictwo Maxi Cosi- wysokie krzese\u0142ko do karmienia ze stolikiem- zestaw przeznaczony dla lalek do 42cm- noside\u0142ko kompatybilne z w\u00f3zkiem Smoby Maxi Cosy Quinny (sprzedawany oddzielnie)- zestaw nie zawiera lalki<\/p>\n<p>Akcesoria dla lalek<\/p>\n<p>lucka, cynamonowiec, krokomierz opinie, ocet jab\u0142kowy jak stosowa\u0107, sok z aloesu bio, nasiona czia, ciastka bergen, ile gotuje si\u0119 kasza j\u0119czmienna, komosa ro\u015blina, piaskowy blond wlosy, wotamina k, rodzaje platkow, witaminy dr jacobs, czym zast\u0105pi\u0107 proszek do pieczenia, co to jest kubeczek menstruacyjny, serek tofu przepisy, picie kozieradki<\/p>\n<p>yyyyy<\/p>\n","protected":false},"excerpt":{"rendered":"<p>Ten \u015bliczny zestaw dla lalek stylizowany jest na kolekcji Maxi Cosi Quinny o nowoczesnej stylistyce. Krzese\u0142ko ze stolikiem jest niezwykle&hellip;<\/p>\n","protected":false},"featured_media":845,"comment_status":"closed","ping_status":"open","template":"","meta":[],"product_cat":[41],"product_tag":[642,857,784,823,732,745],"class_list":["post-844","product","type-product","status-publish","has-post-thumbnail","hentry","product_cat-ziola-i-herbaty-lecznicze","product_tag-granat","product_tag-jablka-ekologiczne","product_tag-mieso-weganskie","product_tag-olej-z-ryzu","product_tag-produkty-bez-laktozy","product_tag-swieze-mleko"],"_links":{"self":[{"href":"https:\/\/wegeblw.pl\/index.php\/wp-json\/wp\/v2\/product\/844","targetHints":{"allow":["GET"]}}],"collection":[{"href":"https:\/\/wegeblw.pl\/index.php\/wp-json\/wp\/v2\/product"}],"about":[{"href":"https:\/\/wegeblw.pl\/index.php\/wp-json\/wp\/v2\/types\/product"}],"replies":[{"embeddable":true,"href":"https:\/\/wegeblw.pl\/index.php\/wp-json\/wp\/v2\/comments?post=844"}],"wp:featuredmedia":[{"embeddable":true,"href":"https:\/\/wegeblw.pl\/index.php\/wp-json\/wp\/v2\/media\/845"}],"wp:attachment":[{"href":"https:\/\/wegeblw.pl\/index.php\/wp-json\/wp\/v2\/media?parent=844"}],"wp:term":[{"taxonomy":"product_cat","embeddable":true,"href":"https:\/\/wegeblw.pl\/index.php\/wp-json\/wp\/v2\/product_cat?post=844"},{"taxonomy":"product_tag","embeddable":true,"href":"https:\/\/wegeblw.pl\/index.php\/wp-json\/wp\/v2\/product_tag?post=844"}],"curies":[{"name":"wp","href":"https:\/\/api.w.org\/{rel}","templated":true}]}}