{"id":848,"date":"2013-05-20T02:09:18","date_gmt":"2013-05-20T00:09:18","guid":{"rendered":"https:\/\/wegeblw.pl\/index.php\/produkt\/pharmovit-tribulus-45-saponin-ekstrakt-z-buzdyganka-naziemnego-400-mg-sport-90-kaps\/"},"modified":"2026-04-08T08:01:34","modified_gmt":"2026-04-08T06:01:34","slug":"pharmovit-tribulus-45-saponin-ekstrakt-z-buzdyganka-naziemnego-400-mg-sport-90-kaps","status":"publish","type":"product","link":"https:\/\/wegeblw.pl\/index.php\/produkt\/pharmovit-tribulus-45-saponin-ekstrakt-z-buzdyganka-naziemnego-400-mg-sport-90-kaps\/","title":{"rendered":"Pharmovit Tribulus 45% saponin Ekstrakt z buzdyganka naziemnego 400 mg Sport 90 kaps."},"content":{"rendered":"<p>Emolium A-topic Tr\u00f3jaktywna Emulsja do cia\u0142a 200ml<\/p>\n<p>Pozosta\u0142e kosmetyki do piel\u0119gnacji cia\u0142a<\/p>\n<p>ma\u0142y makaron, rzodkiew japonska, suplement maca, zdrowe cukierki, witamina cw proszku do twarzy, dynia olbrzymia nasiona, cukier waniliowy, wisiolek, yope p\u0142yn do \u0142azienki<\/p>\n<p><a href=\"https:\/\/holterdodomu.pl\">https:\/\/holterdodomu.pl<\/a><\/p>\n","protected":false},"excerpt":{"rendered":"<p>Emolium A-topic Tr\u00f3jaktywna Emulsja do cia\u0142a 200ml Pozosta\u0142e kosmetyki do piel\u0119gnacji cia\u0142a ma\u0142y makaron, rzodkiew japonska, suplement maca, zdrowe cukierki,&hellip;<\/p>\n","protected":false},"featured_media":849,"comment_status":"closed","ping_status":"open","template":"","meta":[],"product_cat":[102],"product_tag":[848,763,765,728,776],"class_list":["post-848","product","type-product","status-publish","has-post-thumbnail","hentry","product_cat-uklad-plciowy-i-moczowy","product_tag-granat-z-pestki","product_tag-jak-spozywac-kurkume-leczniczo","product_tag-makaron-bez-kalorii","product_tag-roslinne-mieso","product_tag-zamiennik-miesa"],"_links":{"self":[{"href":"https:\/\/wegeblw.pl\/index.php\/wp-json\/wp\/v2\/product\/848","targetHints":{"allow":["GET"]}}],"collection":[{"href":"https:\/\/wegeblw.pl\/index.php\/wp-json\/wp\/v2\/product"}],"about":[{"href":"https:\/\/wegeblw.pl\/index.php\/wp-json\/wp\/v2\/types\/product"}],"replies":[{"embeddable":true,"href":"https:\/\/wegeblw.pl\/index.php\/wp-json\/wp\/v2\/comments?post=848"}],"wp:featuredmedia":[{"embeddable":true,"href":"https:\/\/wegeblw.pl\/index.php\/wp-json\/wp\/v2\/media\/849"}],"wp:attachment":[{"href":"https:\/\/wegeblw.pl\/index.php\/wp-json\/wp\/v2\/media?parent=848"}],"wp:term":[{"taxonomy":"product_cat","embeddable":true,"href":"https:\/\/wegeblw.pl\/index.php\/wp-json\/wp\/v2\/product_cat?post=848"},{"taxonomy":"product_tag","embeddable":true,"href":"https:\/\/wegeblw.pl\/index.php\/wp-json\/wp\/v2\/product_tag?post=848"}],"curies":[{"name":"wp","href":"https:\/\/api.w.org\/{rel}","templated":true}]}}