{"id":8489,"date":"2019-06-25T11:37:54","date_gmt":"2019-06-25T09:37:54","guid":{"rendered":"https:\/\/wegeblw.pl\/index.php\/produkt\/aune-x5s-8th-anniversary-edition-czarny\/"},"modified":"2026-04-08T22:39:07","modified_gmt":"2026-04-08T20:39:07","slug":"aune-x5s-8th-anniversary-edition-czarny","status":"publish","type":"product","link":"https:\/\/wegeblw.pl\/index.php\/produkt\/aune-x5s-8th-anniversary-edition-czarny\/","title":{"rendered":"Aune X5s 8th Anniversary Edition Czarny"},"content":{"rendered":"<p>Thorne Iso-Phos Izolat Fosfatydyloseryny 60Vkaps<\/p>\n<p>Uk\u0142ad nerwowy i pami\u0119\u0107<\/p>\n<p>schab w plastrach, nerkowiec orzech, olej z pestek dyni t\u0142oczony na zimno, tu\u0144czyk po angielsku, acai jagody, piwo bezalkoholowe a zdrowie, any\u017c w ci\u0105\u017cy, m\u0105ka z semoliny<\/p>\n<p>yyyyy<\/p>\n","protected":false},"excerpt":{"rendered":"<p>Thorne Iso-Phos Izolat Fosfatydyloseryny 60Vkaps Uk\u0142ad nerwowy i pami\u0119\u0107 schab w plastrach, nerkowiec orzech, olej z pestek dyni t\u0142oczony na&hellip;<\/p>\n","protected":false},"featured_media":8490,"comment_status":"closed","ping_status":"open","template":"","meta":[],"product_cat":[553],"product_tag":[625,866,640,851],"class_list":["post-8489","product","type-product","status-publish","has-post-thumbnail","hentry","product_cat-akcesoria-audio","product_tag-granat-jak-jesc","product_tag-siemie-lniane-do-picia","product_tag-siemie-lniane-na-surowo","product_tag-warzywa-online"],"_links":{"self":[{"href":"https:\/\/wegeblw.pl\/index.php\/wp-json\/wp\/v2\/product\/8489","targetHints":{"allow":["GET"]}}],"collection":[{"href":"https:\/\/wegeblw.pl\/index.php\/wp-json\/wp\/v2\/product"}],"about":[{"href":"https:\/\/wegeblw.pl\/index.php\/wp-json\/wp\/v2\/types\/product"}],"replies":[{"embeddable":true,"href":"https:\/\/wegeblw.pl\/index.php\/wp-json\/wp\/v2\/comments?post=8489"}],"wp:featuredmedia":[{"embeddable":true,"href":"https:\/\/wegeblw.pl\/index.php\/wp-json\/wp\/v2\/media\/8490"}],"wp:attachment":[{"href":"https:\/\/wegeblw.pl\/index.php\/wp-json\/wp\/v2\/media?parent=8489"}],"wp:term":[{"taxonomy":"product_cat","embeddable":true,"href":"https:\/\/wegeblw.pl\/index.php\/wp-json\/wp\/v2\/product_cat?post=8489"},{"taxonomy":"product_tag","embeddable":true,"href":"https:\/\/wegeblw.pl\/index.php\/wp-json\/wp\/v2\/product_tag?post=8489"}],"curies":[{"name":"wp","href":"https:\/\/api.w.org\/{rel}","templated":true}]}}