{"id":8495,"date":"2022-03-29T15:23:42","date_gmt":"2022-03-29T13:23:42","guid":{"rendered":"https:\/\/wegeblw.pl\/index.php\/produkt\/buty-do-biegania-asics-meskie-gel-trabuco-10-pomaranczowy-zolty\/"},"modified":"2026-04-08T09:24:32","modified_gmt":"2026-04-08T07:24:32","slug":"buty-do-biegania-asics-meskie-gel-trabuco-10-pomaranczowy-zolty","status":"publish","type":"product","link":"https:\/\/wegeblw.pl\/index.php\/produkt\/buty-do-biegania-asics-meskie-gel-trabuco-10-pomaranczowy-zolty\/","title":{"rendered":"Buty do biegania Asics M\u0119skie Gel Trabuco 10 Pomara\u0144czowy \u017b\u00f3\u0142ty"},"content":{"rendered":"<p>OstroVit Supreme Pure Glutamine 500 g Glutamina<\/p>\n<p>Aminokwasy i glutaminy<\/p>\n<p>czym zastapic mleko, b15 witamina, gotowanie ryzu brazowego, czekolada z pomara\u0144cz\u0105<\/p>\n<p>yyyyy<\/p>\n","protected":false},"excerpt":{"rendered":"<p>OstroVit Supreme Pure Glutamine 500 g Glutamina Aminokwasy i glutaminy czym zastapic mleko, b15 witamina, gotowanie ryzu brazowego, czekolada z&hellip;<\/p>\n","protected":false},"featured_media":8496,"comment_status":"closed","ping_status":"open","template":"","meta":[],"product_cat":[556],"product_tag":[670,642,737,731,717,789],"class_list":["post-8495","product","type-product","status-publish","has-post-thumbnail","hentry","product_cat-buty-do-biegania","product_tag-czeslaw-lang-choroba","product_tag-granat","product_tag-jablka-jonaprince","product_tag-margaryna-bez-oleju-palmowego","product_tag-odzywka-onlybio","product_tag-pestki-granatu"],"_links":{"self":[{"href":"https:\/\/wegeblw.pl\/index.php\/wp-json\/wp\/v2\/product\/8495","targetHints":{"allow":["GET"]}}],"collection":[{"href":"https:\/\/wegeblw.pl\/index.php\/wp-json\/wp\/v2\/product"}],"about":[{"href":"https:\/\/wegeblw.pl\/index.php\/wp-json\/wp\/v2\/types\/product"}],"replies":[{"embeddable":true,"href":"https:\/\/wegeblw.pl\/index.php\/wp-json\/wp\/v2\/comments?post=8495"}],"wp:featuredmedia":[{"embeddable":true,"href":"https:\/\/wegeblw.pl\/index.php\/wp-json\/wp\/v2\/media\/8496"}],"wp:attachment":[{"href":"https:\/\/wegeblw.pl\/index.php\/wp-json\/wp\/v2\/media?parent=8495"}],"wp:term":[{"taxonomy":"product_cat","embeddable":true,"href":"https:\/\/wegeblw.pl\/index.php\/wp-json\/wp\/v2\/product_cat?post=8495"},{"taxonomy":"product_tag","embeddable":true,"href":"https:\/\/wegeblw.pl\/index.php\/wp-json\/wp\/v2\/product_tag?post=8495"}],"curies":[{"name":"wp","href":"https:\/\/api.w.org\/{rel}","templated":true}]}}