{"id":8533,"date":"2020-03-13T17:43:19","date_gmt":"2020-03-13T16:43:19","guid":{"rendered":"https:\/\/wegeblw.pl\/index.php\/produkt\/colostrum-bovinum-xenico-60-kaps\/"},"modified":"2026-04-07T07:53:29","modified_gmt":"2026-04-07T05:53:29","slug":"colostrum-bovinum-xenico-60-kaps","status":"publish","type":"product","link":"https:\/\/wegeblw.pl\/index.php\/produkt\/colostrum-bovinum-xenico-60-kaps\/","title":{"rendered":"Colostrum bovinum Xenico, 60 kaps"},"content":{"rendered":"<p>\u00a0                            <\/p>\n<p>Nawil\u017caj\u0105cy krem-\u017cel pod oczy                            <\/p>\n<p>30 ml                            <\/p>\n<p>Redukcja cieni i nawil\u017ceniepoprawa nawil\u017cenia i wyg\u0142adzenia nask\u00f3rkazmniejszona widoczno\u015b\u0107 cieni pod oczamiukojone podra\u017cnieniask\u00f3ra bardziej spr\u0119\u017cysta i elastycznaprzeciwdzia\u0142anie drobnym zmarszczkomProfesjonalny, lekki krem-\u017cel do kompleksowej piel\u0119gnacji okolic oczu. Nawil\u017ca, regeneruje, uj\u0119drnia i uelastycznia nask\u00f3rek, zmniejsza widoczno\u015b\u0107 cieni pod oczami. Dzia\u0142a koj\u0105co, chroni przed podra\u017cnieniami, poprawia napi\u0119cie sk\u00f3ry i korzystnie wp\u0142ywa na jej mikrobiom. Zawarte sk\u0142adniki aktywne chroni\u0105 przed przedwczesnymi objawami starzenia si\u0119 sk\u00f3ry w wyniku dzia\u0142ania wolnych rodnik\u00f3w.Wskazania:Cienie pod oczami, pierwsze zmarszczki, przesuszenie.Przeciwwskazania:Nadwra\u017cliwo\u015b\u0107 na kt\u00f3rykolwiek ze sk\u0142adnik\u00f3w preparatu.Sk\u0142adniki aktywne (w kolejno\u015bci alfabetycznej): alantoina, fucogel, kompleks inflasoothing, kompleks mikrobiomowy, olej passiflora                            <\/p>\n<p>\u00a0                            <\/p>\n<p>StosowanieRano i wieczorem na\u0142\u00f3\u017c preparat na sk\u00f3r\u0119 okolic oczu, delikatnie wklep.\u00a0                            <\/p>\n<p>INCI \/ sk\u0142adnikiAqua\/Water, Decyl Cocoate, Glycerin, Passiflora Incarnata Seed Oil, Alpha- Glucan Oligosaccharide, Sodium Polyacrylate, Polymnia Sonchifolia Root Juice, Allantoin, Maltodextrin, Gluconolactone, Biosaccharide Gum-1, Lactobacillus, Epigallocatechin Gallatyl Glucoside, Potassium Thiocyanate, Lactoferrin, Lactoperoxidase, Glucose Pentaacetate, Glucose Oxidase, Gallyl Glucoside, Propyl Gallate, Polyacrylate-13, Inulin Lauryl Carbamate, Pentylene Glycol, Polysorbate 20, Sorbitan Isostearate, Polyisobutene, Disodium EDTA, Disodium Phosphate, Potassium Phosphate, Sodium Hydroxide, Ethylhexylglycerin, Phenoxyethanol, Benzyl Alcohol, Dehydroacetic AcidReceptury naszych produkt\u00f3w stale udoskonalamy i aktualizujemy w ramach zaanga\u017cowania marki w innowacje. W zwi\u0105zku z tym lista sk\u0142adnik\u00f3w widoczna na naszej stronie internetowej mo\u017ce czasami nieznacznie r\u00f3\u017cni\u0107 si\u0119 od sk\u0142adu na opakowaniu.                            <\/p>\n<p>DOWIEDZ SI\u0118 WI\u0118CEJ O SERII\u00a0HYDRO CARE                            <\/p>\n<p>Linia Hydro Care \u2013 kosmetyki opracowane z my\u015bl\u0105 zar\u00f3wno o codziennej piel\u0119gnacji nawil\u017caj\u0105cej jak r\u00f3wnie\u017c dla intensywnej, dora\u017anej poprawy wygl\u0105du cery. Sk\u00f3ra prawid\u0142owo nawil\u017cona d\u0142u\u017cej wygl\u0105da m\u0142odziej, jest lepiej napi\u0119ta, bardziej spr\u0119\u017cysta i skuteczniej przyswaja sk\u0142adniki aktywne ze stosowanych kosmetyk\u00f3w. Poznaj skuteczno\u015b\u0107 kwasu hialuronowego, glikozaminoglikan\u00f3w i wielu innych sk\u0142adnik\u00f3w linii.                            <\/p>\n<p>            Bandi Hydro Care Krem intensywnie nawil\u017caj\u0105cy 50ml<\/p>\n<p>            Bandi Hydro Care Ca\u0142onocna kuracja nawil\u017caj\u0105co-\u0142agodz\u0105ca 75ml<\/p>\n<p>            Bandi Hydro Care Krem od\u017cywczo-nawil\u017caj\u0105cy 50ml<\/p>\n<p>            Bandi Hydro Care Nawil\u017caj\u0105cy krem-\u017cel pod oczy 30ml<\/p>\n<p>Cechy sk\u00f3ry odwodnionej:ma\u0142o elastyczna, \u015bci\u0105gni\u0119ta, szorstka w dotykumo\u017ce si\u0119 \u0142uszczy\u0107, by\u0107 matowa (sk\u00f3ra sucha)widoczne drobne, powierzchowne zmarszczki wynikaj\u0105ce z odwodnieniaKa\u017cdy rodzaj sk\u00f3ry odwodnionej, zar\u00f3wno cera sucha jak i t\u0142usta, wymaga g\u0142\u0119bokiego nawil\u017cenia. Receptury preparat\u00f3w z linii Hydro Care oparte zosta\u0142y na sk\u0142adnikach nawil\u017caj\u0105cych i wi\u0105\u017c\u0105cych wod\u0119 na powierzchni sk\u00f3ry oraz w jej powierzchniowych warstwach. Nale\u017c\u0105 do nich przede wszystkim kwas hialuronowy, mukopolisacharydy, gliceryna, pantenol oraz witaminy A i E.                            <\/p>\n<p>Hydro Care                            <\/p>\n<p>Czy Wiesz, \u017ce:Ka\u017cdego dnia ze sk\u00f3ry ucieka woda, kt\u00f3rej utrata mo\u017ce prowadzi\u0107 do przesuszenia a tym samym do powstawania przedwczesnych zmarszczek, utraty j\u0119drno\u015bci, a tak\u017ce do zaburzenia prawid\u0142owego cyklu odnowy nask\u00f3rkowej. Skuteczne nawil\u017cenie sk\u00f3ry powinno jednocze\u015bnie polega\u0107 na kumulowaniu wody w nask\u00f3rku i r\u00f3wnoleg\u0142ym spowalnianiu jej nadmiernej ucieczki ze sk\u00f3ry.                            <\/p>\n<p>Efekty:intensywne, natychmiastowe oraz d\u0142ugotrwa\u0142e nawil\u017cenie (24h),wyg\u0142adzenie, poprawa elastyczno\u015bci i spr\u0119\u017cysto\u015bci nask\u00f3rkaukojenie podra\u017cnieniad\u0142ugofalowa poprawa zdolno\u015bci do kumulacji wody w nask\u00f3rku na przestrzeni czasu                            <\/p>\n<p>Kwas hialuronowyJedna z najlepszych i najskuteczniejszych substancji nawil\u017caj\u0105cych znanych w kosmetyce. Wykazuje wyj\u0105tkowe w\u0142a\u015bciwo\u015bci do wi\u0105zania i zatrzymywania wody w nask\u00f3rku na d\u0142u\u017cej. Pomaga odbudowa\u0107 prawid\u0142ow\u0105 barier\u0119 hydrolipidow\u0105.                            <\/p>\n<p>\u00a0<\/p>\n<p>Kosmetyki pod oczy<\/p>\n<p>kurkuma ekstrakt, kwas diabelski, forma do tarty, mi\u00f3d z polskiej pasieki, zdrowa \u017cywno\u015b\u0107 aplikacja, trufle francuskie, berberyna co to, garam masala do czego, jak sie robi kompostownik, sklep internetowy ze zdrow\u0105 \u017cywno\u015bci\u0105, naw\u00f3z naturalny do pomidor\u00f3w, akapulco, kawa bezkofeinowa ziarnista<\/p>\n<p>yyyyy<\/p>\n","protected":false},"excerpt":{"rendered":"<p>\u00a0 Nawil\u017caj\u0105cy krem-\u017cel pod oczy 30 ml Redukcja cieni i nawil\u017ceniepoprawa nawil\u017cenia i wyg\u0142adzenia nask\u00f3rkazmniejszona widoczno\u015b\u0107 cieni pod oczamiukojone podra\u017cnieniask\u00f3ra&hellip;<\/p>\n","protected":false},"featured_media":8534,"comment_status":"closed","ping_status":"open","template":"","meta":[],"product_cat":[28],"product_tag":[764,746,689,866],"class_list":["post-8533","product","type-product","status-publish","has-post-thumbnail","hentry","product_cat-srodki-na-przeziebienie","product_tag-jogurty-bez-mleka","product_tag-majonez-byodo","product_tag-maka-orkiszowa-wlasciwosci","product_tag-siemie-lniane-do-picia"],"_links":{"self":[{"href":"https:\/\/wegeblw.pl\/index.php\/wp-json\/wp\/v2\/product\/8533","targetHints":{"allow":["GET"]}}],"collection":[{"href":"https:\/\/wegeblw.pl\/index.php\/wp-json\/wp\/v2\/product"}],"about":[{"href":"https:\/\/wegeblw.pl\/index.php\/wp-json\/wp\/v2\/types\/product"}],"replies":[{"embeddable":true,"href":"https:\/\/wegeblw.pl\/index.php\/wp-json\/wp\/v2\/comments?post=8533"}],"wp:featuredmedia":[{"embeddable":true,"href":"https:\/\/wegeblw.pl\/index.php\/wp-json\/wp\/v2\/media\/8534"}],"wp:attachment":[{"href":"https:\/\/wegeblw.pl\/index.php\/wp-json\/wp\/v2\/media?parent=8533"}],"wp:term":[{"taxonomy":"product_cat","embeddable":true,"href":"https:\/\/wegeblw.pl\/index.php\/wp-json\/wp\/v2\/product_cat?post=8533"},{"taxonomy":"product_tag","embeddable":true,"href":"https:\/\/wegeblw.pl\/index.php\/wp-json\/wp\/v2\/product_tag?post=8533"}],"curies":[{"name":"wp","href":"https:\/\/api.w.org\/{rel}","templated":true}]}}