{"id":8549,"date":"2018-12-17T10:14:13","date_gmt":"2018-12-17T09:14:13","guid":{"rendered":"https:\/\/wegeblw.pl\/index.php\/produkt\/bioplant-natura-ocet-rozany-100ml\/"},"modified":"2026-04-09T07:23:30","modified_gmt":"2026-04-09T05:23:30","slug":"bioplant-natura-ocet-rozany-100ml","status":"publish","type":"product","link":"https:\/\/wegeblw.pl\/index.php\/produkt\/bioplant-natura-ocet-rozany-100ml\/","title":{"rendered":"Bioplant Natura &#8211; Ocet R\u00f3\u017cany 100ml"},"content":{"rendered":"<p>NOWI TROPICIELE SZE\u015aCIOLATEKPRZEWODNIK METODYCZNY CZ\u0118\u015a\u0106 2WYDAWNICTWO WSiPNOWI TROPICIELE SZE\u015aCIOLATEKPRZEWODNIK METODYCZNY CZ\u0118\u015a\u0106 2WYDAWNICTWO WSiPISBN: 9788302199066Typ: poradnikNo\u015bnik: Ksi\u0105\u017ckaW ka\u017cdej cz\u0119\u015bci przewodnika znajduj\u0105 si\u0119:cele og\u00f3lne dniapropozycje zapis\u00f3w w dzienniki z odniesieniami do podstawy programowejwykaz \u015brodk\u00f3w dydaktycznych niezb\u0119dnych do realizacji zaj\u0119\u0107scenariusze zaj\u0119\u0107 na ka\u017cdy dzie\u0144 roku szkolnego od pocz\u0105tku wrze\u015bnia do ko\u0144ca czerwca w podziale na zaj\u0119cia poranne, \u015brodkowe i popo\u0142udnioweteksty literackie: wiersze, opowiadania, piosenkioznaczenie zabaw i zestawienie zwrot\u00f3w umo\u017cliwiaj\u0105cych wprowadzenie element\u00f3w j\u0119zyka angielskiego do codziennych zaj\u0119\u0107cykl wychowawczyscenariusze eksperyment\u00f3wRok wydania: 2021Liczba stron: 208KSI\u0104\u017bKI S\u0104:- NOWE- BEZ \u015aLAD\u00d3W U\u017bYWANIA<\/p>\n<p>Podr\u0119czniki szkolne<\/p>\n<p>olej lniany nieoczyszczony, ziele przytulii w\u0142a\u015bciwej, rafinowany czy nierafinowany, herbata melisa w\u0142a\u015bciwo\u015bci<\/p>\n<p>yyyyy<\/p>\n","protected":false},"excerpt":{"rendered":"<p>NOWI TROPICIELE SZE\u015aCIOLATEKPRZEWODNIK METODYCZNY CZ\u0118\u015a\u0106 2WYDAWNICTWO WSiPNOWI TROPICIELE SZE\u015aCIOLATEKPRZEWODNIK METODYCZNY CZ\u0118\u015a\u0106 2WYDAWNICTWO WSiPISBN: 9788302199066Typ: poradnikNo\u015bnik: Ksi\u0105\u017ckaW ka\u017cdej cz\u0119\u015bci przewodnika znajduj\u0105&hellip;<\/p>\n","protected":false},"featured_media":8550,"comment_status":"closed","ping_status":"open","template":"","meta":[],"product_cat":[20],"product_tag":[865,802,818,796,728,884],"class_list":["post-8549","product","type-product","status-publish","has-post-thumbnail","hentry","product_cat-preparaty-medycyny-naturalnej","product_tag-bulgur","product_tag-czy-pestki-granatu-sa-jadalne","product_tag-organic-sklepy","product_tag-pasta-misi","product_tag-roslinne-mieso","product_tag-zestaw-do-matchy"],"_links":{"self":[{"href":"https:\/\/wegeblw.pl\/index.php\/wp-json\/wp\/v2\/product\/8549","targetHints":{"allow":["GET"]}}],"collection":[{"href":"https:\/\/wegeblw.pl\/index.php\/wp-json\/wp\/v2\/product"}],"about":[{"href":"https:\/\/wegeblw.pl\/index.php\/wp-json\/wp\/v2\/types\/product"}],"replies":[{"embeddable":true,"href":"https:\/\/wegeblw.pl\/index.php\/wp-json\/wp\/v2\/comments?post=8549"}],"wp:featuredmedia":[{"embeddable":true,"href":"https:\/\/wegeblw.pl\/index.php\/wp-json\/wp\/v2\/media\/8550"}],"wp:attachment":[{"href":"https:\/\/wegeblw.pl\/index.php\/wp-json\/wp\/v2\/media?parent=8549"}],"wp:term":[{"taxonomy":"product_cat","embeddable":true,"href":"https:\/\/wegeblw.pl\/index.php\/wp-json\/wp\/v2\/product_cat?post=8549"},{"taxonomy":"product_tag","embeddable":true,"href":"https:\/\/wegeblw.pl\/index.php\/wp-json\/wp\/v2\/product_tag?post=8549"}],"curies":[{"name":"wp","href":"https:\/\/api.w.org\/{rel}","templated":true}]}}