{"id":8563,"date":"2016-08-16T22:49:07","date_gmt":"2016-08-16T20:49:07","guid":{"rendered":"https:\/\/wegeblw.pl\/index.php\/produkt\/puromedica-glutation-redukowany-60-kaps\/"},"modified":"2026-04-07T06:38:18","modified_gmt":"2026-04-07T04:38:18","slug":"puromedica-glutation-redukowany-60-kaps","status":"publish","type":"product","link":"https:\/\/wegeblw.pl\/index.php\/produkt\/puromedica-glutation-redukowany-60-kaps\/","title":{"rendered":"Puromedica Glutation redukowany 60 kaps"},"content":{"rendered":"<p>Sk\u0142adniki:Ma\u015blan sodu; kapsu\u0142ka &#8211; hydroksypropylometyloceluloza; substancja wype\u0142niaj\u0105ca &#8211; celulozo mikrokrystaliczna; substancja zag\u0119szczaj\u0105ca &#8211; hydroksypropylometyloceluloza; substancja glazuruj\u0105ca &#8211; etyloceluloza.Warto\u015b\u0107 od\u017cywcza w 1 kapsu\u0142ce: Warto\u015b\u0107 energetyczna 5 kJ, T\u0142uszcz\/w tym kwasy t\u0142uszczowe -\/-, W\u0119glowodany\/w tym cukry 0,24 g\/-, Bia\u0142ko -, S\u00f3l 0,06 g, B\u0142onnik 0,19 g, Ma\u015blan sodu\/w tym kwas mas\u0142owy 300 mg\/240 mg.*RWS &#8211; Referencyjna Warto\u015b\u0107 Spo\u017cycia.Masa netto:30 kapsu\u0142ek.W\u0142a\u015bciwo\u015bci i przeznaczenie:Gastro Ma\u015blan IBS to \u017cywno\u015b\u0107 specjalnego przeznaczenia medycznego w postaci mikropeletek zawieraj\u0105cych ma\u015blan sodu.Dzi\u0119ki innowacyjnej formule otoczki, sk\u0142adnik aktywny jest chroniony przed ca\u0142kowitym wykorzystaniem w g\u00f3rnym odcinku przewodu pokarmowego.Pozwala to na kontrolowane i skuteczne dostarczanie ma\u015blanu sodu do jelit oraz stopniowe jego uwalnianie na ca\u0142ej d\u0142ugo\u015bci jelita cienkiego i grubego.Zalecane dzienne spo\u017cycie:Doro\u015bli:Nale\u017cy stosowa\u0107 2-4 kapsu\u0142ki dziennie w dw\u00f3ch podzielonych porcjach &#8211; rano i wieczorem. Preparat nale\u017cy stosowa\u0107 przez co najmniej 3 miesi\u0105ce.Dzieci powy\u017cej 7. roku \u017cycia: 1 kapsu\u0142ka raz dziennie przez 6 tygodni stosowana w porze wieczornej.Przeciwwskazania:Preparat nale\u017cy stosowa\u0107 pod nadzorem lekarza. Nie jest przeznaczony do stosowania pozajelitowego.Nie nale\u017cy stosowa\u0107 preparatu w przypadku nadwra\u017cliwo\u015bci na kt\u00f3rykolwiek z jego sk\u0142adnik\u00f3w.Produkt nie powinien by\u0107 spo\u017cywany przez osoby niemaj\u0105ce okre\u015blonej choroby.Przechowywa\u0107 w zamkni\u0119tym opakowaniu w temperaturze poni\u017cej 25 \u00b0C, w miejscu niedost\u0119pnym dla dzieci. Chroni\u0107 przed wilgoci\u0105.Przechowywanie:W oryginalnym opakowaniu, w temperaturze pokojowej i suchym miejscu, w spos\u00f3b niedost\u0119pny dla ma\u0142ych dzieci. Chroni\u0107 przed wilgoci\u0105 i \u015bwiat\u0142em.Producent:Przedsi\u0119biorstwo Farmaceutyczne&#8221;Zio\u0142olek&#8221; Sp. z o.o.ul. Staro\u0142\u0119cka 18961-341 Pozna\u0144Wa\u017cne informacje:Produkt nale\u017cy stosowa\u0107 pod nadzorem lekarza. Jest niekompletnym \u015brodkiem spo\u017cywczym. Nie jest odpowiedni do stosowania jako jedyne \u017ar\u00f3d\u0142o po\u017cywienia. Produkt przeznaczony jest dla doros\u0142ych oraz dzieci powy\u017cej 7. roku \u017cycia. Nie powinien by\u0107 stosowany przez osoby niemaj\u0105ce okre\u015blonej choroby, zaburze\u0144 stanu zdrowia lub schorze\u0144, kt\u00f3rych dotyczy zamierzone stosowanie.<\/p>\n<p>Uk\u0142ad pokarmowy<\/p>\n<p>mleka ro\u015blinne rodzaje, na wrzody, \u0142upiny orzecha, szponder wo\u0142owy cena<\/p>\n<p>yyyyy<\/p>\n","protected":false},"excerpt":{"rendered":"<p>Sk\u0142adniki:Ma\u015blan sodu; kapsu\u0142ka &#8211; hydroksypropylometyloceluloza; substancja wype\u0142niaj\u0105ca &#8211; celulozo mikrokrystaliczna; substancja zag\u0119szczaj\u0105ca &#8211; hydroksypropylometyloceluloza; substancja glazuruj\u0105ca &#8211; etyloceluloza.Warto\u015b\u0107 od\u017cywcza w&hellip;<\/p>\n","protected":false},"featured_media":8564,"comment_status":"closed","ping_status":"open","template":"","meta":[],"product_cat":[18],"product_tag":[808,628,726],"class_list":["post-8563","product","type-product","status-publish","has-post-thumbnail","hentry","product_cat-mineraly-i-witaminy","product_tag-ciasto-sekacz","product_tag-mieso-roslinne","product_tag-organic"],"_links":{"self":[{"href":"https:\/\/wegeblw.pl\/index.php\/wp-json\/wp\/v2\/product\/8563","targetHints":{"allow":["GET"]}}],"collection":[{"href":"https:\/\/wegeblw.pl\/index.php\/wp-json\/wp\/v2\/product"}],"about":[{"href":"https:\/\/wegeblw.pl\/index.php\/wp-json\/wp\/v2\/types\/product"}],"replies":[{"embeddable":true,"href":"https:\/\/wegeblw.pl\/index.php\/wp-json\/wp\/v2\/comments?post=8563"}],"wp:featuredmedia":[{"embeddable":true,"href":"https:\/\/wegeblw.pl\/index.php\/wp-json\/wp\/v2\/media\/8564"}],"wp:attachment":[{"href":"https:\/\/wegeblw.pl\/index.php\/wp-json\/wp\/v2\/media?parent=8563"}],"wp:term":[{"taxonomy":"product_cat","embeddable":true,"href":"https:\/\/wegeblw.pl\/index.php\/wp-json\/wp\/v2\/product_cat?post=8563"},{"taxonomy":"product_tag","embeddable":true,"href":"https:\/\/wegeblw.pl\/index.php\/wp-json\/wp\/v2\/product_tag?post=8563"}],"curies":[{"name":"wp","href":"https:\/\/api.w.org\/{rel}","templated":true}]}}