{"id":8569,"date":"2025-06-26T07:49:32","date_gmt":"2025-06-26T05:49:32","guid":{"rendered":"https:\/\/wegeblw.pl\/?post_type=product&#038;p=8569"},"modified":"2026-04-07T01:09:56","modified_gmt":"2026-04-06T23:09:56","slug":"oleofarm-sok-z-brzozy-990ml","status":"publish","type":"product","link":"https:\/\/wegeblw.pl\/index.php\/produkt\/oleofarm-sok-z-brzozy-990ml\/","title":{"rendered":"Oleofarm Sok Z Brzozy 990ml"},"content":{"rendered":"<p>NANOVIX SILVER SKIN spray na sk\u00f3r\u0119wyr\u00f3b medyczny\u00a0SPRAY na SK\u00d3R\u0118 \u2013 125 ml                            <\/p>\n<p>Nanovix Silver Skin to wyr\u00f3b do stosowania miejscowego, kt\u00f3ry wspomaga leczenie i \u0142agodzi stany zapalne sk\u00f3ry.\u00a0Opatrunek w sprayu, kt\u00f3ry zawiera nanocz\u0105steczki SREBRA aXonnite\u00ae tworzy na powierzchni sk\u00f3ry pow\u0142ok\u0119, barier\u0119 ochronn\u0105, kt\u00f3ra:dzia\u0142a antybakteryjniewspomaga regeneracj\u0119 nask\u00f3rka i b\u0142on \u015bluzowych\u00a0zapobiega powstawaniu zaka\u017ce\u0144 zmian sk\u00f3rnych\u0142agodzi stany zapalne sk\u00f3rywspomaga leczenie poparze\u0144, odle\u017cyn, skalecze\u0144 i zadrapa\u0144Opakowanie 125 ml                            <\/p>\n<p>SK\u0141ADwoda, gliceryna, hialuronian sodu, kwas cytrynowy, srebro aXonnite\u00ae.Opakowanie 125 ml\u00a0WSKAZANIANanovix Silver Skin to wyr\u00f3b do stosowania miejscowego, kt\u00f3ry wspomaga leczenie i \u0142agodzi stany zapalne sk\u00f3ry.\u00a0Opatrunek w sprayu, kt\u00f3ry zawiera nanocz\u0105steczki SREBRA aXonnite\u00ae tworzy na powierzchni sk\u00f3ry pow\u0142ok\u0119, barier\u0119 ochronn\u0105, kt\u00f3ra:dzia\u0142a antybakteryjniewspomaga regeneracj\u0119 nask\u00f3rka i b\u0142on \u015bluzowych\u00a0zapobiega powstawaniu zaka\u017ce\u0144 zmian sk\u00f3rnych\u0142agodzi stany zapalne sk\u00f3rywspomaga leczenie poparze\u0144, odle\u017cyn, skalecze\u0144 i zadrapa\u0144JAK STOSOWA\u0106Spos\u00f3b u\u017cycia: Zewn\u0119trznie. Przed aplikacj\u0105 dok\u0142adnie oczy\u015bci\u0107 i umy\u0107 miejsce oraz je osuszy\u0107. Zaaplikowa\u0107 z odleg\u0142o\u015bci ok. 10-15 cm cienk\u0105 warstw\u0119 sprayu. Nie masowa\u0107. Aplikacje powtarza\u0107 wielokrotnie, w zale\u017cno\u015bci od potrzeb.\u015arodki ostro\u017cno\u015bci: Unika\u0107 kontaktu z oczami. W razie wyst\u0105pienia jakichkolwiek dolegliwo\u015bci zaprzesta\u0107 stosowania. Nie nale\u017cy u\u017cywa\u0107 po up\u0142ywie terminu wa\u017cno\u015bci.Przeciwskazania: Nie nale\u017cy stosowa\u0107 w przypadku uczulenia na kt\u00f3rykolwiek ze sk\u0142adnik\u00f3w preparatu.DODATKOWE INFORMACJEPosta\u0107 i opakowanie:Preparat jest dost\u0119pny w postaci sprayu (p\u0142ynu z dozownikiem) o pojemno\u015bci 125 ml.Przechowywanie:Przechowywa\u0107 w temperaturze pokojowej, w miejscu niedost\u0119pnym dla dzieci. Chroni\u0107 od \u015bwiat\u0142a.Wytw\u00f3rca:Salvum Lab Sp. z o.o. Sp. k.ul. Sobieskiego 5358-500 Jelenia G\u00f3ra<\/p>\n<p>Apteczki i materia\u0142y opatrunkowe<\/p>\n<p>jak zrobi\u0107 ice\u00f3wk\u0119, czarny czosnek przepis, nervina antistres forte, kwas askorbinowy czy jest szkodliwy, gotowanie orzech\u00f3w w\u0142oskich, grzyby suszone, kominek do wosku czarny, cukier do r\u00f3\u017c, suplementy potasu, ile cz\u0142owiek mo\u017ce wytrzyma\u0107 bez wody<\/p>\n<p>yyyyy<\/p>\n","protected":false},"excerpt":{"rendered":"<p>NANOVIX SILVER SKIN spray na sk\u00f3r\u0119wyr\u00f3b medyczny\u00a0SPRAY na SK\u00d3R\u0118 \u2013 125 ml Nanovix Silver Skin to wyr\u00f3b do stosowania miejscowego,&hellip;<\/p>\n","protected":false},"featured_media":8570,"comment_status":"closed","ping_status":"open","template":"","meta":[],"product_cat":[509],"product_tag":[662,719,694,623,732],"class_list":["post-8569","product","type-product","status-publish","has-post-thumbnail","hentry","product_cat-napoje","product_tag-co-mozna-zrobic-z-kokosa","product_tag-jaja-ekologiczne","product_tag-makaron-0kcal","product_tag-mleko-roslinne","product_tag-produkty-bez-laktozy"],"_links":{"self":[{"href":"https:\/\/wegeblw.pl\/index.php\/wp-json\/wp\/v2\/product\/8569","targetHints":{"allow":["GET"]}}],"collection":[{"href":"https:\/\/wegeblw.pl\/index.php\/wp-json\/wp\/v2\/product"}],"about":[{"href":"https:\/\/wegeblw.pl\/index.php\/wp-json\/wp\/v2\/types\/product"}],"replies":[{"embeddable":true,"href":"https:\/\/wegeblw.pl\/index.php\/wp-json\/wp\/v2\/comments?post=8569"}],"wp:featuredmedia":[{"embeddable":true,"href":"https:\/\/wegeblw.pl\/index.php\/wp-json\/wp\/v2\/media\/8570"}],"wp:attachment":[{"href":"https:\/\/wegeblw.pl\/index.php\/wp-json\/wp\/v2\/media?parent=8569"}],"wp:term":[{"taxonomy":"product_cat","embeddable":true,"href":"https:\/\/wegeblw.pl\/index.php\/wp-json\/wp\/v2\/product_cat?post=8569"},{"taxonomy":"product_tag","embeddable":true,"href":"https:\/\/wegeblw.pl\/index.php\/wp-json\/wp\/v2\/product_tag?post=8569"}],"curies":[{"name":"wp","href":"https:\/\/api.w.org\/{rel}","templated":true}]}}