{"id":8571,"date":"2020-05-19T20:01:05","date_gmt":"2020-05-19T18:01:05","guid":{"rendered":"https:\/\/wegeblw.pl\/index.php\/produkt\/polfa-lublin-strzykawka-100-ml\/"},"modified":"2026-04-07T02:52:22","modified_gmt":"2026-04-07T00:52:22","slug":"polfa-lublin-strzykawka-100-ml","status":"publish","type":"product","link":"https:\/\/wegeblw.pl\/index.php\/produkt\/polfa-lublin-strzykawka-100-ml\/","title":{"rendered":"POLFA LUBLIN Strzykawka 100 ml"},"content":{"rendered":"<p>Wydawnictwo ITMB ( International Travel Maps and Books ) przygotowuje szczeg\u00f3\u0142owe mapy podr\u00f3\u017cy i atlasy pa\u0144stw oraz region\u00f3w na ca\u0142ym \u015bwiecie. Specjalizuj\u0105 si\u0119 w szczeg\u00f3lno\u015bci w przedstawianiu Azji, Afryki, Ameryki \u0141aci\u0144skiej wraz z Karaibami, Europie oraz bliskim wschodzie. Na mapie przedstawiono obszar Izraela oraz Palestyny. Mapa \u015bwietnie sprawdza si\u0119 podczas podr\u00f3\u017cy po tym regionie bliskiego wschodu.<\/p>\n<p>Literatura podr\u00f3\u017cnicza i przewodniki<\/p>\n<p>szybkie zasypianie, hutujnia sercowata, nervocol opinie, olej piniowy, sushi 50 za 50, yerba cbs, lipazy to enzymy trawiace, myvita legnica, zamiennik m\u0105ki, sok plus, sos sojowy s\u0142odki, inna sklep, jogurt kokosowy w\u0142a\u015bciwo\u015bci, zupa pomidorowa na pomidorach, ksylitol w\u0119glowodany, erytrol pochodzenie, symbol sycylii, matcha zestaw do parzenia, olej z oliwek t\u0142oczony na zimno, cukier brazowy, sirt produkty<\/p>\n<p>yyyyy<\/p>\n","protected":false},"excerpt":{"rendered":"<p>Wydawnictwo ITMB ( International Travel Maps and Books ) przygotowuje szczeg\u00f3\u0142owe mapy podr\u00f3\u017cy i atlasy pa\u0144stw oraz region\u00f3w na ca\u0142ym&hellip;<\/p>\n","protected":false},"featured_media":8572,"comment_status":"closed","ping_status":"open","template":"","meta":[],"product_cat":[235],"product_tag":[808,667,813],"class_list":["post-8571","product","type-product","status-publish","has-post-thumbnail","hentry","product_cat-pozostale-artykuly-medyczne-i-rehabilitacyjne","product_tag-ciasto-sekacz","product_tag-makaron-sojowy-ig","product_tag-tortilla"],"_links":{"self":[{"href":"https:\/\/wegeblw.pl\/index.php\/wp-json\/wp\/v2\/product\/8571","targetHints":{"allow":["GET"]}}],"collection":[{"href":"https:\/\/wegeblw.pl\/index.php\/wp-json\/wp\/v2\/product"}],"about":[{"href":"https:\/\/wegeblw.pl\/index.php\/wp-json\/wp\/v2\/types\/product"}],"replies":[{"embeddable":true,"href":"https:\/\/wegeblw.pl\/index.php\/wp-json\/wp\/v2\/comments?post=8571"}],"wp:featuredmedia":[{"embeddable":true,"href":"https:\/\/wegeblw.pl\/index.php\/wp-json\/wp\/v2\/media\/8572"}],"wp:attachment":[{"href":"https:\/\/wegeblw.pl\/index.php\/wp-json\/wp\/v2\/media?parent=8571"}],"wp:term":[{"taxonomy":"product_cat","embeddable":true,"href":"https:\/\/wegeblw.pl\/index.php\/wp-json\/wp\/v2\/product_cat?post=8571"},{"taxonomy":"product_tag","embeddable":true,"href":"https:\/\/wegeblw.pl\/index.php\/wp-json\/wp\/v2\/product_tag?post=8571"}],"curies":[{"name":"wp","href":"https:\/\/api.w.org\/{rel}","templated":true}]}}