{"id":858,"date":"2014-06-07T08:11:21","date_gmt":"2014-06-07T06:11:21","guid":{"rendered":"https:\/\/wegeblw.pl\/index.php\/produkt\/noble-health-class-a-collavegan-60kaps\/"},"modified":"2026-04-08T07:13:52","modified_gmt":"2026-04-08T05:13:52","slug":"noble-health-class-a-collavegan-60kaps","status":"publish","type":"product","link":"https:\/\/wegeblw.pl\/index.php\/produkt\/noble-health-class-a-collavegan-60kaps\/","title":{"rendered":"Noble Health Class A CollaVegan, 60kaps."},"content":{"rendered":"<p>Okulary S\u0142oneczne Burberry<\/p>\n<p>Okulary przeciws\u0142oneczne damskie<\/p>\n<p>tapoka, czosnek nied\u017awiedzi kiedy ro\u015bnie, placki dla cukrzyk\u00f3w, fasola mung cena, platki musli, kaczka polska, hunan, imbir na kaszel<\/p>\n<p><a href=\"https:\/\/www.proteka.com.pl\/protezy\/wyluszczeniu-biodrowym\/\">wy\u0142uszczenie w stawie biodrowym<\/a><\/p>\n","protected":false},"excerpt":{"rendered":"<p>Okulary S\u0142oneczne Burberry Okulary przeciws\u0142oneczne damskie tapoka, czosnek nied\u017awiedzi kiedy ro\u015bnie, placki dla cukrzyk\u00f3w, fasola mung cena, platki musli, kaczka&hellip;<\/p>\n","protected":false},"featured_media":859,"comment_status":"closed","ping_status":"open","template":"","meta":[],"product_cat":[27],"product_tag":[783,690,781,809,807,718],"class_list":["post-858","product","type-product","status-publish","has-post-thumbnail","hentry","product_cat-nutrikosmetyki-i-leki-dermatologiczne","product_tag-majonez-vita-pol","product_tag-maka-z-cieciorki","product_tag-primabiotic-collagen","product_tag-produkty-bez-cukru","product_tag-siemie-lniane-na-co-pomaga","product_tag-zamiennik-jogurtu-naturalnego"],"_links":{"self":[{"href":"https:\/\/wegeblw.pl\/index.php\/wp-json\/wp\/v2\/product\/858","targetHints":{"allow":["GET"]}}],"collection":[{"href":"https:\/\/wegeblw.pl\/index.php\/wp-json\/wp\/v2\/product"}],"about":[{"href":"https:\/\/wegeblw.pl\/index.php\/wp-json\/wp\/v2\/types\/product"}],"replies":[{"embeddable":true,"href":"https:\/\/wegeblw.pl\/index.php\/wp-json\/wp\/v2\/comments?post=858"}],"wp:featuredmedia":[{"embeddable":true,"href":"https:\/\/wegeblw.pl\/index.php\/wp-json\/wp\/v2\/media\/859"}],"wp:attachment":[{"href":"https:\/\/wegeblw.pl\/index.php\/wp-json\/wp\/v2\/media?parent=858"}],"wp:term":[{"taxonomy":"product_cat","embeddable":true,"href":"https:\/\/wegeblw.pl\/index.php\/wp-json\/wp\/v2\/product_cat?post=858"},{"taxonomy":"product_tag","embeddable":true,"href":"https:\/\/wegeblw.pl\/index.php\/wp-json\/wp\/v2\/product_tag?post=858"}],"curies":[{"name":"wp","href":"https:\/\/api.w.org\/{rel}","templated":true}]}}