{"id":8584,"date":"2023-05-14T02:06:17","date_gmt":"2023-05-14T00:06:17","guid":{"rendered":"https:\/\/wegeblw.pl\/?post_type=product&#038;p=8584"},"modified":"2026-04-30T08:18:15","modified_gmt":"2026-04-30T06:18:15","slug":"life-probiotyk-one-probiotyk-10-kaps","status":"publish","type":"product","link":"https:\/\/wegeblw.pl\/index.php\/produkt\/life-probiotyk-one-probiotyk-10-kaps\/","title":{"rendered":"Life Probiotyk One probiotyk 10 kaps"},"content":{"rendered":"<p>Promocja &#8211; nawet 300 z\u0142 rabatu na szk\u0142a!Skorzystaj z naszej promocji i zyskaj nawet 300 z\u0142 rabatu na soczewki do twoich okular\u00f3w korekcyjnych!SPRAWD\u0179Okulary BE 1367 1109 55 &#8211; wysoka jako\u015b\u0107 i doskona\u0142y stylOkulary korekcyjne Burberry BE 1367 1109 55 to doskona\u0142y wyb\u00f3r dla ka\u017cdej kobiety poszukuj\u0105cej stylowego dodatku. Te oprawki korekcyjne charakteryzuje nie tylko doskona\u0142y design &#8211; gwarantuj\u0105 one tak\u017ce najwy\u017cszy komfort widzenia. Markowe okulary BurberryEkskluzywny styl rodem z Wielkiej Brytanii. Niewiele jest tak presti\u017cowych marek, jak Burberry. Ten luksusowy dom mody zosta\u0142 doceniony nawet przez Brytyjsk\u0105 Rodzin\u0119 Kr\u00f3lewsk\u0105, od kt\u00f3rej otrzyma\u0142 specjaln\u0105 rekomendacj\u0119. Dotknij wyj\u0105tkowego presti\u017cu z t\u0105 niezwyk\u0142\u0105 mark\u0105 i wybierz najlepsze, oryginalne okulary Burberry!&#8230;<\/p>\n<p>Okulary oprawki i szk\u0142a<\/p>\n<p>surowej, p\u0142atki jaglane cena, \u015bmietanka migda\u0142owa, eco produkty, cukiernia staropolska lublin, tofu w\u0119dzone jak przyrz\u0105dzi\u0107, preparaty wapnia z witamin\u0105 d3<\/p>\n<p><a href=\"https:\/\/kamieniarski.net\/poradnik\/po-jakim-czasie-od-pogrzebu-nalezy-ustawic-nagrobek\/\">https:\/\/kamieniarski.net\/poradnik\/po-jakim-czasie-od-pogrzebu-nalezy-ustawic-nagrobek\/<\/a><\/p>\n","protected":false},"excerpt":{"rendered":"<p>Promocja &#8211; nawet 300 z\u0142 rabatu na szk\u0142a!Skorzystaj z naszej promocji i zyskaj nawet 300 z\u0142 rabatu na soczewki do&hellip;<\/p>\n","protected":false},"featured_media":8585,"comment_status":"closed","ping_status":"open","template":"","meta":[],"product_cat":[43],"product_tag":[624,853,859,686],"class_list":["post-8584","product","type-product","status-publish","has-post-thumbnail","hentry","product_cat-uklad-pokarmowy-i-trawienie","product_tag-kombucha-sklep","product_tag-makaron-0-kcal","product_tag-pasta-sezamowa","product_tag-sekacz-skad"],"_links":{"self":[{"href":"https:\/\/wegeblw.pl\/index.php\/wp-json\/wp\/v2\/product\/8584","targetHints":{"allow":["GET"]}}],"collection":[{"href":"https:\/\/wegeblw.pl\/index.php\/wp-json\/wp\/v2\/product"}],"about":[{"href":"https:\/\/wegeblw.pl\/index.php\/wp-json\/wp\/v2\/types\/product"}],"replies":[{"embeddable":true,"href":"https:\/\/wegeblw.pl\/index.php\/wp-json\/wp\/v2\/comments?post=8584"}],"wp:featuredmedia":[{"embeddable":true,"href":"https:\/\/wegeblw.pl\/index.php\/wp-json\/wp\/v2\/media\/8585"}],"wp:attachment":[{"href":"https:\/\/wegeblw.pl\/index.php\/wp-json\/wp\/v2\/media?parent=8584"}],"wp:term":[{"taxonomy":"product_cat","embeddable":true,"href":"https:\/\/wegeblw.pl\/index.php\/wp-json\/wp\/v2\/product_cat?post=8584"},{"taxonomy":"product_tag","embeddable":true,"href":"https:\/\/wegeblw.pl\/index.php\/wp-json\/wp\/v2\/product_tag?post=8584"}],"curies":[{"name":"wp","href":"https:\/\/api.w.org\/{rel}","templated":true}]}}