{"id":8598,"date":"2025-06-08T12:18:14","date_gmt":"2025-06-08T10:18:14","guid":{"rendered":"https:\/\/wegeblw.pl\/?post_type=product&#038;p=8598"},"modified":"2026-04-07T01:11:16","modified_gmt":"2026-04-06T23:11:16","slug":"kirkman-magnesium-malate-1000mg-120-kaps","status":"publish","type":"product","link":"https:\/\/wegeblw.pl\/index.php\/produkt\/kirkman-magnesium-malate-1000mg-120-kaps\/","title":{"rendered":"Kirkman Magnesium Malate 1000mg 120 kaps."},"content":{"rendered":"<p>Oferowany produkt jest fabrycznie nowy, zapakowany w oryginalne zabezpieczone pude\u0142ko sygnowane logiem producenta. Na opakowaniu znajdziemy unikalny kod kreskowy. Przedmiot nie jest testerem. Kupuj\u0105c ten produkt masz pewno\u015b\u0107 otrzymania 100% oryginalnego produktu pochodz\u0105cego od autoryzowanego dystrybutora.<\/p>\n<p>Dermokosmetyki<\/p>\n<p>ksylitolem, pomidory krojone w puszce, czym zast\u0105pi\u0107 m\u0105k\u0119 pszenn\u0105 w cie\u015bcie, czy tortilla jest zdrowa, czekolada surowa, surowe, wierzba li\u015bcie, zio\u0142owe \u015bwiece indian hopi, makaron ryzowy przepisy, jak za\u017cywa\u0107 siemi\u0119 lniane, papryki ostre, her labs, szparagi skutki uboczne, indeks glikemiczny m\u0105ka orkiszowa, dobry ocet jab\u0142kowy, bia\u0142y przewijak<\/p>\n<p><a href=\"https:\/\/doktor-porady.pl\/\">https:\/\/doktor-porady.pl\/<\/a><\/p>\n","protected":false},"excerpt":{"rendered":"<p>Oferowany produkt jest fabrycznie nowy, zapakowany w oryginalne zabezpieczone pude\u0142ko sygnowane logiem producenta. Na opakowaniu znajdziemy unikalny kod kreskowy. Przedmiot&hellip;<\/p>\n","protected":false},"featured_media":8599,"comment_status":"closed","ping_status":"open","template":"","meta":[],"product_cat":[18],"product_tag":[714,847,736,729,790,689,738],"class_list":["post-8598","product","type-product","status-publish","has-post-thumbnail","hentry","product_cat-mineraly-i-witaminy","product_tag-cytryna-ekologiczna","product_tag-czym-zastapic-nabial","product_tag-dojrzale-pl","product_tag-kurkuma-jak-stosowac","product_tag-majonez-vitapol-domowy","product_tag-maka-orkiszowa-wlasciwosci","product_tag-mieso-bio"],"_links":{"self":[{"href":"https:\/\/wegeblw.pl\/index.php\/wp-json\/wp\/v2\/product\/8598","targetHints":{"allow":["GET"]}}],"collection":[{"href":"https:\/\/wegeblw.pl\/index.php\/wp-json\/wp\/v2\/product"}],"about":[{"href":"https:\/\/wegeblw.pl\/index.php\/wp-json\/wp\/v2\/types\/product"}],"replies":[{"embeddable":true,"href":"https:\/\/wegeblw.pl\/index.php\/wp-json\/wp\/v2\/comments?post=8598"}],"wp:featuredmedia":[{"embeddable":true,"href":"https:\/\/wegeblw.pl\/index.php\/wp-json\/wp\/v2\/media\/8599"}],"wp:attachment":[{"href":"https:\/\/wegeblw.pl\/index.php\/wp-json\/wp\/v2\/media?parent=8598"}],"wp:term":[{"taxonomy":"product_cat","embeddable":true,"href":"https:\/\/wegeblw.pl\/index.php\/wp-json\/wp\/v2\/product_cat?post=8598"},{"taxonomy":"product_tag","embeddable":true,"href":"https:\/\/wegeblw.pl\/index.php\/wp-json\/wp\/v2\/product_tag?post=8598"}],"curies":[{"name":"wp","href":"https:\/\/api.w.org\/{rel}","templated":true}]}}