{"id":8606,"date":"2013-07-14T23:26:17","date_gmt":"2013-07-14T21:26:17","guid":{"rendered":"https:\/\/wegeblw.pl\/index.php\/produkt\/usp-zdrowie-multilac-synbiotyk-probiotyk-prebiotyk-5-x-20-kaps\/"},"modified":"2026-04-08T18:10:41","modified_gmt":"2026-04-08T16:10:41","slug":"usp-zdrowie-multilac-synbiotyk-probiotyk-prebiotyk-5-x-20-kaps","status":"publish","type":"product","link":"https:\/\/wegeblw.pl\/index.php\/produkt\/usp-zdrowie-multilac-synbiotyk-probiotyk-prebiotyk-5-x-20-kaps\/","title":{"rendered":"Usp Zdrowie MULTILAC Synbiotyk (Probiotyk + Prebiotyk) 5 x 20 kaps"},"content":{"rendered":"<p>Lauren Ralph Lauren Okulary przeciws\u0142oneczne 0RL8201 602274 Br\u0105zowy<\/p>\n<p>Okulary przeciws\u0142oneczne damskie<\/p>\n<p>zbigniew nowak ksi\u0105\u017cki, bia\u0142y sezam, olej z czarnuszki t\u0142oczony na zimno, ocet z granatu, neura, chlorek magnezu zastosowanie<\/p>\n<p><a href=\"https:\/\/cudimiod.pl\/diety-cud-i-miod\/dieta-if\">https:\/\/cudimiod.pl\/diety-cud-i-miod\/dieta-if<\/a><\/p>\n","protected":false},"excerpt":{"rendered":"<p>Lauren Ralph Lauren Okulary przeciws\u0142oneczne 0RL8201 602274 Br\u0105zowy Okulary przeciws\u0142oneczne damskie zbigniew nowak ksi\u0105\u017cki, bia\u0142y sezam, olej z czarnuszki t\u0142oczony&hellip;<\/p>\n","protected":false},"featured_media":8607,"comment_status":"closed","ping_status":"open","template":"","meta":[],"product_cat":[333],"product_tag":[714,747,873,790,731],"class_list":["post-8606","product","type-product","status-publish","has-post-thumbnail","hentry","product_cat-dzieci-i-niemowleta","product_tag-cytryna-ekologiczna","product_tag-guma-guar-co-to","product_tag-jak-przygotowac-komose-ryzowa","product_tag-majonez-vitapol-domowy","product_tag-margaryna-bez-oleju-palmowego"],"_links":{"self":[{"href":"https:\/\/wegeblw.pl\/index.php\/wp-json\/wp\/v2\/product\/8606","targetHints":{"allow":["GET"]}}],"collection":[{"href":"https:\/\/wegeblw.pl\/index.php\/wp-json\/wp\/v2\/product"}],"about":[{"href":"https:\/\/wegeblw.pl\/index.php\/wp-json\/wp\/v2\/types\/product"}],"replies":[{"embeddable":true,"href":"https:\/\/wegeblw.pl\/index.php\/wp-json\/wp\/v2\/comments?post=8606"}],"wp:featuredmedia":[{"embeddable":true,"href":"https:\/\/wegeblw.pl\/index.php\/wp-json\/wp\/v2\/media\/8607"}],"wp:attachment":[{"href":"https:\/\/wegeblw.pl\/index.php\/wp-json\/wp\/v2\/media?parent=8606"}],"wp:term":[{"taxonomy":"product_cat","embeddable":true,"href":"https:\/\/wegeblw.pl\/index.php\/wp-json\/wp\/v2\/product_cat?post=8606"},{"taxonomy":"product_tag","embeddable":true,"href":"https:\/\/wegeblw.pl\/index.php\/wp-json\/wp\/v2\/product_tag?post=8606"}],"curies":[{"name":"wp","href":"https:\/\/api.w.org\/{rel}","templated":true}]}}