{"id":8634,"date":"2022-04-24T11:27:24","date_gmt":"2022-04-24T09:27:24","guid":{"rendered":"https:\/\/wegeblw.pl\/index.php\/produkt\/apteo-care-termometr-elektroniczny-flexi-te-002\/"},"modified":"2026-04-07T02:53:53","modified_gmt":"2026-04-07T00:53:53","slug":"apteo-care-termometr-elektroniczny-flexi-te-002","status":"publish","type":"product","link":"https:\/\/wegeblw.pl\/index.php\/produkt\/apteo-care-termometr-elektroniczny-flexi-te-002\/","title":{"rendered":"Apteo Care Termometr elektroniczny Flexi TE-002"},"content":{"rendered":"<p>O Max &amp; CoMax &amp; Co to jedna z tych w\u0142oskich marek modowych, kt\u00f3re bardzo kochamy. Je\u015bli uwa\u017casz, \u017ce twoje okulary s\u0105 niezb\u0119dnym uzupe\u0142nieniem stylu, sp\u00f3jrz na nasz wspania\u0142y wyb\u00f3r okular\u00f3w Max &amp; Co, aby uzyska\u0107 nieskazitelny i stylowy wygl\u0105d. O tych okularach Okr\u0105g\u0142e oprawki pasuj\u0105 idealnie do kwadratowych i prostok\u0105tnych kszta\u0142t\u00f3w twarzy.Oprawki s\u0105 w najmodniejszym dost\u0119pnym kolorze r\u00f3\u017cowego z\u0142ota, kt\u00f3ry b\u0119dzie doskona\u0142ym wyborem dla tych z was, kt\u00f3rzy posiadaj\u0105 ciep\u0142\u0105 karnacj\u0119. Materia\u0142em jest metal, kt\u00f3ry jest trwa\u0142y, a tak\u017ce zapewnia elegancki, stylowy wygl\u0105d.Oprawki posiadaj\u0105 eleganckie, l\u015bni\u0105ce wyko\u0144czenie.<\/p>\n<p>Okulary oprawki i szk\u0142a<\/p>\n<p>kozieradka na w\u0142osy opinie, siemie lniane b\u0142onnik, 4 litry wody dziennie, jakie bia\u0142ko na mase, s\u0142onecznik nasiona, bezglutenowe chipsy<\/p>\n<p>yyyyy<\/p>\n","protected":false},"excerpt":{"rendered":"<p>O Max &amp; CoMax &amp; Co to jedna z tych w\u0142oskich marek modowych, kt\u00f3re bardzo kochamy. Je\u015bli uwa\u017casz, \u017ce twoje&hellip;<\/p>\n","protected":false},"featured_media":8635,"comment_status":"closed","ping_status":"open","template":"","meta":[],"product_cat":[336],"product_tag":[660,724,622],"class_list":["post-8634","product","type-product","status-publish","has-post-thumbnail","hentry","product_cat-termometry","product_tag-olej-ryzowy","product_tag-siarczyny-w-winie","product_tag-vege-mieso"],"_links":{"self":[{"href":"https:\/\/wegeblw.pl\/index.php\/wp-json\/wp\/v2\/product\/8634","targetHints":{"allow":["GET"]}}],"collection":[{"href":"https:\/\/wegeblw.pl\/index.php\/wp-json\/wp\/v2\/product"}],"about":[{"href":"https:\/\/wegeblw.pl\/index.php\/wp-json\/wp\/v2\/types\/product"}],"replies":[{"embeddable":true,"href":"https:\/\/wegeblw.pl\/index.php\/wp-json\/wp\/v2\/comments?post=8634"}],"wp:featuredmedia":[{"embeddable":true,"href":"https:\/\/wegeblw.pl\/index.php\/wp-json\/wp\/v2\/media\/8635"}],"wp:attachment":[{"href":"https:\/\/wegeblw.pl\/index.php\/wp-json\/wp\/v2\/media?parent=8634"}],"wp:term":[{"taxonomy":"product_cat","embeddable":true,"href":"https:\/\/wegeblw.pl\/index.php\/wp-json\/wp\/v2\/product_cat?post=8634"},{"taxonomy":"product_tag","embeddable":true,"href":"https:\/\/wegeblw.pl\/index.php\/wp-json\/wp\/v2\/product_tag?post=8634"}],"curies":[{"name":"wp","href":"https:\/\/api.w.org\/{rel}","templated":true}]}}