{"id":8640,"date":"2019-06-06T05:11:56","date_gmt":"2019-06-06T03:11:56","guid":{"rendered":"https:\/\/wegeblw.pl\/index.php\/produkt\/synoptis-pharma-apteo-care-zestaw-plastrow-turystycznych-27sztuk\/"},"modified":"2026-04-07T03:11:01","modified_gmt":"2026-04-07T01:11:01","slug":"synoptis-pharma-apteo-care-zestaw-plastrow-turystycznych-27sztuk","status":"publish","type":"product","link":"https:\/\/wegeblw.pl\/index.php\/produkt\/synoptis-pharma-apteo-care-zestaw-plastrow-turystycznych-27sztuk\/","title":{"rendered":"SYNOPTIS PHARMA APTEO CARE ZESTAW PLASTR\u00d3W TURYSTYCZNYCH 27SZTUK"},"content":{"rendered":"<p>Carrera Historia Carrery rozpocz\u0119\u0142a si\u0119 w 1956 roku, kiedy Wilhelm Anger zdecydowa\u0142 si\u0119 nazwa\u0107 swoj\u0105 firm\u0119 produkuj\u0105c\u0105 sportowe gogle na cze\u015b\u0107 najd\u0142u\u017cszego, najszybszego i najbardziej niebezpiecznego wy\u015bcigu na \u015bwiecie \u2013 Carrera Panamericana. Dzisiaj, przy wykorzystaniu najnowszej technologii, Carrera perfekcyjnie \u0142\u0105czy w sobie miejski styl ze swoim sportowym dziedzictwem. Dla kogo? Okulary korekcyjne Carrera CARRERA8863 PJP s\u0105 cz\u0119\u015bci\u0105 najnowszej kolekcji marki Carrera, kt\u00f3ra zosta\u0142a starannie przygotowana dla m\u0119\u017cczyzn. Elegancki model z pe\u0142nymi oprawkami odzwierciedla najnowsze trendy w\u015br\u00f3d okular\u00f3w wsp\u00f3\u0142czesnych projektant\u00f3w, a jego prostok\u0105tny kszta\u0142t sprawia, \u017ce Carrera CARRERA8863 stanowi idealny wyb\u00f3r szczeg\u00f3lnie dla okr\u0105g\u0142ej lub kwadratowej twarzy. Materia\u0142y Materia\u0142 u\u017cyty do wytworzenia oprawek to stal. Istniej\u0105 materia\u0142y bardziej wytrzyma\u0142e ni\u017c sama stal, jednak to w\u0142a\u015bnie ona jest jedynym materia\u0142em o zr\u00f3wnowa\u017conym stopniu twardo\u015bci, elastyczno\u015bci i wytrzyma\u0142o\u015bci. Dlatego te\u017c wszystkie okulary ze stalowymi oprawkami s\u0105 niezwykle odporne na codzienne u\u017cytkowanie. Darmowa dostawa Kup okulary Carrera CARRERA8863 PJP na eyerim ju\u017c teraz i skorzystaj z bezp\u0142atnej dostawy w oryginalnym opakowaniu ochronnym bezpo\u015brednio pod Twoje drzwi.<\/p>\n<p>Okulary oprawki i szk\u0142a<\/p>\n<p>nacomi krem spf 50, mi\u0142orz\u0105b japo\u0144ski nalewka, salire, jajo przepi\u00f3rcze, organichouse, super kr\u00f3wka czekolada, zawiera humus, dried dates, jagody acai w\u0142a\u015bciwo\u015bci<\/p>\n<p>yyyyy<\/p>\n","protected":false},"excerpt":{"rendered":"<p>Carrera Historia Carrery rozpocz\u0119\u0142a si\u0119 w 1956 roku, kiedy Wilhelm Anger zdecydowa\u0142 si\u0119 nazwa\u0107 swoj\u0105 firm\u0119 produkuj\u0105c\u0105 sportowe gogle na&hellip;<\/p>\n","protected":false},"featured_media":8641,"comment_status":"closed","ping_status":"open","template":"","meta":[],"product_cat":[103],"product_tag":[650,811,676,725,745],"class_list":["post-8640","product","type-product","status-publish","has-post-thumbnail","hentry","product_cat-apteczki-i-materialy-opatrunkowe","product_tag-biala-kielbasa","product_tag-jajka-ekologiczne","product_tag-owoc-granatu-jak-jesc","product_tag-pasta-sezamowa-do-czego","product_tag-swieze-mleko"],"_links":{"self":[{"href":"https:\/\/wegeblw.pl\/index.php\/wp-json\/wp\/v2\/product\/8640","targetHints":{"allow":["GET"]}}],"collection":[{"href":"https:\/\/wegeblw.pl\/index.php\/wp-json\/wp\/v2\/product"}],"about":[{"href":"https:\/\/wegeblw.pl\/index.php\/wp-json\/wp\/v2\/types\/product"}],"replies":[{"embeddable":true,"href":"https:\/\/wegeblw.pl\/index.php\/wp-json\/wp\/v2\/comments?post=8640"}],"wp:featuredmedia":[{"embeddable":true,"href":"https:\/\/wegeblw.pl\/index.php\/wp-json\/wp\/v2\/media\/8641"}],"wp:attachment":[{"href":"https:\/\/wegeblw.pl\/index.php\/wp-json\/wp\/v2\/media?parent=8640"}],"wp:term":[{"taxonomy":"product_cat","embeddable":true,"href":"https:\/\/wegeblw.pl\/index.php\/wp-json\/wp\/v2\/product_cat?post=8640"},{"taxonomy":"product_tag","embeddable":true,"href":"https:\/\/wegeblw.pl\/index.php\/wp-json\/wp\/v2\/product_tag?post=8640"}],"curies":[{"name":"wp","href":"https:\/\/api.w.org\/{rel}","templated":true}]}}