{"id":8644,"date":"2014-09-02T03:00:44","date_gmt":"2014-09-02T01:00:44","guid":{"rendered":"https:\/\/wegeblw.pl\/index.php\/produkt\/zielona-kawa-kapsulki-green-coffe-300mg-zielonej-kawy-chrom-na-odchudzanie-60kaps\/"},"modified":"2026-04-07T13:11:01","modified_gmt":"2026-04-07T11:11:01","slug":"zielona-kawa-kapsulki-green-coffe-300mg-zielonej-kawy-chrom-na-odchudzanie-60kaps","status":"publish","type":"product","link":"https:\/\/wegeblw.pl\/index.php\/produkt\/zielona-kawa-kapsulki-green-coffe-300mg-zielonej-kawy-chrom-na-odchudzanie-60kaps\/","title":{"rendered":"ZIELONA KAWA kapsu\u0142ki Green Coffe 300mg zielonej kawy + chrom na odchudzanie 60kaps"},"content":{"rendered":"<p>Funkcje: Mechanizm kwarcowy Casio Tough Solar Radio Controlled &#8211; synchronizacja czasu za pomoc\u0105 fal radiowych Solar Powered &#8211; pozyskiwanie energii \u015bwietlnej do zasilania zegarka World Time &#8211; wskazanie czasu dla 40 stref czasowych Datownik &#8211; dzie\u0144 tygodnia, dzie\u0144 miesi\u0105ca Stoper W\u0142a\u015bciwo\u015bci: Szafirowe szkie\u0142ko Koperta i bransoleta wykonane z tytanu Wodoszczelno\u015b\u0107 100 m Wymiary koperty 51 mm x 46 mm Informacje dodatkowe: Fabrycznie nowy, oryginalny i pe\u0142nowarto\u015bciowy produkt firmy CASIO Oryginalne opakowanie producenta Instrukcja obs\u0142ugi Gwarancja na okres 36 miesi\u0119cy, z opcj\u0105 przed\u0142u\u017cenia do 6 lat<\/p>\n<p>Zegarki<\/p>\n<p>nachosy sklep, m\u0105ka \u017cytnia razowa a pe\u0142noziarnista, cola bez kofeiny, woda z kwiatu pomara\u0144czy, biomarine kapsu\u0142ki, ptasie mleczko, dary, mleczko pszczele, ashwagandha l\u0119k, eko sklep bydgoszcz, nalewka brzozowa, ry\u017c czy kasza, \u017c\u00f3\u0142te arbuzy, manuka mi\u00f3d, vege jogurty, olej z czarnuszki do jakich w\u0142os\u00f3w<\/p>\n<p>yyyyy<\/p>\n","protected":false},"excerpt":{"rendered":"<p>Funkcje: Mechanizm kwarcowy Casio Tough Solar Radio Controlled &#8211; synchronizacja czasu za pomoc\u0105 fal radiowych Solar Powered &#8211; pozyskiwanie energii&hellip;<\/p>\n","protected":false},"featured_media":8645,"comment_status":"closed","ping_status":"open","template":"","meta":[],"product_cat":[42],"product_tag":[778,840,774,628,824,686],"class_list":["post-8644","product","type-product","status-publish","has-post-thumbnail","hentry","product_cat-suplementy-na-odchudzanie","product_tag-burak","product_tag-collagen-gold","product_tag-cytryny-ekologiczne","product_tag-mieso-roslinne","product_tag-miso-pasta","product_tag-sekacz-skad"],"_links":{"self":[{"href":"https:\/\/wegeblw.pl\/index.php\/wp-json\/wp\/v2\/product\/8644","targetHints":{"allow":["GET"]}}],"collection":[{"href":"https:\/\/wegeblw.pl\/index.php\/wp-json\/wp\/v2\/product"}],"about":[{"href":"https:\/\/wegeblw.pl\/index.php\/wp-json\/wp\/v2\/types\/product"}],"replies":[{"embeddable":true,"href":"https:\/\/wegeblw.pl\/index.php\/wp-json\/wp\/v2\/comments?post=8644"}],"wp:featuredmedia":[{"embeddable":true,"href":"https:\/\/wegeblw.pl\/index.php\/wp-json\/wp\/v2\/media\/8645"}],"wp:attachment":[{"href":"https:\/\/wegeblw.pl\/index.php\/wp-json\/wp\/v2\/media?parent=8644"}],"wp:term":[{"taxonomy":"product_cat","embeddable":true,"href":"https:\/\/wegeblw.pl\/index.php\/wp-json\/wp\/v2\/product_cat?post=8644"},{"taxonomy":"product_tag","embeddable":true,"href":"https:\/\/wegeblw.pl\/index.php\/wp-json\/wp\/v2\/product_tag?post=8644"}],"curies":[{"name":"wp","href":"https:\/\/api.w.org\/{rel}","templated":true}]}}