{"id":8648,"date":"2017-02-01T12:46:51","date_gmt":"2017-02-01T11:46:51","guid":{"rendered":"https:\/\/wegeblw.pl\/index.php\/produkt\/usp-zdrowie-apap-50-tabl-apap-przeziebienie-8-sasz-zestaw\/"},"modified":"2026-04-08T19:23:52","modified_gmt":"2026-04-08T17:23:52","slug":"usp-zdrowie-apap-50-tabl-apap-przeziebienie-8-sasz-zestaw","status":"publish","type":"product","link":"https:\/\/wegeblw.pl\/index.php\/produkt\/usp-zdrowie-apap-50-tabl-apap-przeziebienie-8-sasz-zestaw\/","title":{"rendered":"Usp Zdrowie Apap 50 Tabl + Apap Przezi\u0119bienie 8 Sasz Zestaw"},"content":{"rendered":"<p>Suplement diety z melis\u0105.<\/p>\n<p>Uk\u0142ad nerwowy i pami\u0119\u0107<\/p>\n<p>biou, panini zabka kcal, witamina d3 dr jacobs, krem czekoladowo orzechowy, dieta w chorobie alzheimera jad\u0142ospis, syrop z agawy cena, kapusta charsznicka, proszku, amarantus w\u0142a\u015bciwo\u015bci lecznicze, helpa kaszka jaglana, hydrolat<\/p>\n<p>yyyyy<\/p>\n","protected":false},"excerpt":{"rendered":"<p>Suplement diety z melis\u0105. Uk\u0142ad nerwowy i pami\u0119\u0107 biou, panini zabka kcal, witamina d3 dr jacobs, krem czekoladowo orzechowy, dieta&hellip;<\/p>\n","protected":false},"featured_media":8649,"comment_status":"closed","ping_status":"open","template":"","meta":[],"product_cat":[32],"product_tag":[816,850,639,846],"class_list":["post-8648","product","type-product","status-publish","has-post-thumbnail","hentry","product_cat-przeziebienie-i-grypa","product_tag-bigos-z-soczewica","product_tag-mleko-ekologiczne","product_tag-organic-farma","product_tag-sekacz"],"_links":{"self":[{"href":"https:\/\/wegeblw.pl\/index.php\/wp-json\/wp\/v2\/product\/8648","targetHints":{"allow":["GET"]}}],"collection":[{"href":"https:\/\/wegeblw.pl\/index.php\/wp-json\/wp\/v2\/product"}],"about":[{"href":"https:\/\/wegeblw.pl\/index.php\/wp-json\/wp\/v2\/types\/product"}],"replies":[{"embeddable":true,"href":"https:\/\/wegeblw.pl\/index.php\/wp-json\/wp\/v2\/comments?post=8648"}],"wp:featuredmedia":[{"embeddable":true,"href":"https:\/\/wegeblw.pl\/index.php\/wp-json\/wp\/v2\/media\/8649"}],"wp:attachment":[{"href":"https:\/\/wegeblw.pl\/index.php\/wp-json\/wp\/v2\/media?parent=8648"}],"wp:term":[{"taxonomy":"product_cat","embeddable":true,"href":"https:\/\/wegeblw.pl\/index.php\/wp-json\/wp\/v2\/product_cat?post=8648"},{"taxonomy":"product_tag","embeddable":true,"href":"https:\/\/wegeblw.pl\/index.php\/wp-json\/wp\/v2\/product_tag?post=8648"}],"curies":[{"name":"wp","href":"https:\/\/api.w.org\/{rel}","templated":true}]}}