{"id":8700,"date":"2014-12-17T20:22:06","date_gmt":"2014-12-17T19:22:06","guid":{"rendered":"https:\/\/wegeblw.pl\/index.php\/produkt\/tasmanian-tiger-apteczka-first-aid-basic\/"},"modified":"2026-04-07T04:32:44","modified_gmt":"2026-04-07T02:32:44","slug":"tasmanian-tiger-apteczka-first-aid-basic","status":"publish","type":"product","link":"https:\/\/wegeblw.pl\/index.php\/produkt\/tasmanian-tiger-apteczka-first-aid-basic\/","title":{"rendered":"Tasmanian Tiger Apteczka First Aid Basic"},"content":{"rendered":"<p>Marka Polana, to nie zwyk\u0142a piel\u0119gnacja ale holistyczne podej\u015bcie do dbania o sk\u00f3r\u0119. Starannie opracowane programy piel\u0119gnacyjne oferuj\u0105ce zar\u00f3wno piel\u0119gnacj\u0119 od zewn\u0105trz jak i od wewn\u0105trz. Uzupe\u0142nieniem dzia\u0142ania kosmetyk\u00f3w marki Polana, s\u0105 ekstrakty ro\u015blinne w formie sproszkowanego koktajlu do picia (kt\u00f3ry powstaje po po\u0142\u0105czeniu z wod\u0105) po\u0142\u0105czone z bioaktywnymi sk\u0142adnikami kosmetologicznymi takimi jak kwas hialuronowy, koenzym Q10 i kolagen. Ich receptury zosta\u0142y skomponowane tak, aby wspomaga\u0107 dzia\u0142anie kosmetyk\u00f3w od wewn\u0105trz organizmu. SI\u0141A CZERWONEJ KONICZYNY Niezwyk\u0142a ro\u015blina wspieraj\u0105ca kobiety w trosce o dobr\u0105 kondycj\u0119 i pi\u0119kno sk\u00f3ry \u2013 obecna w ka\u017cdym produkcie Polany.Bogata w dobroczynne izoflawony, w naturalny spos\u00f3b redukuje negatywne skutki promieniowania UV i dzia\u0142ania wolnych rodnik\u00f3w (zmniejsza wysuszenie nask\u00f3rka, pozytywnie wp\u0142ywa na elastyczno\u015b\u0107 i spr\u0119\u017cysto\u015b\u0107 sk\u00f3ry, zmniejsza szaro\u015b\u0107 sk\u00f3ry i wyr\u00f3wnuje jej koloryt, sk\u00f3ra jest bardziej j\u0119drna i zauwa\u017calnie odm\u0142odzona). Krem-serum, REWITALIZACJA &#8211; ANTYOKSYDACJA 30ml \u2022 REWITALIZACJA I ROZ\u015aWIETLENIE SK\u00d3RY \u2022 REGENERACJA I PRZYWR\u00d3CENIE ZDROWEJ KONDYCJI SK\u00d3RY\u2022 POPRAWA KOLORYTU SK\u00d3RY\u2022 ZWI\u0118KSZENIE ELASTYCZNO\u015aCI I WYG\u0141ADZENIA SK\u00d3RY STOKROTKA zmniejsza i \u0142agodzi zaczerwienienia i rumie\u0144 sk\u00f3ry, dzia\u0142a regeneruj\u0105co. Walczy z przebarwieniami sk\u00f3rnymi w preparatach o dzia\u0142aniu rozja\u015bniaj\u0105cym sk\u00f3r\u0119. Redukuje efekty procesu starzenia si\u0119 sk\u00f3ry, wp\u0142ywa na j\u0119drno\u015b\u0107 i elastyczno\u015b\u0107 sk\u00f3ry.KOCANKA wzmacnia i uelastycznia sk\u00f3r\u0119, dog\u0142\u0119bnie j\u0105 nawil\u017caj\u0105c &#8211; sprzyja szybszej regeneracji sk\u00f3ry.\u0141OPIAN doskonale nawil\u017ca i od\u017cywia sk\u00f3r\u0119. sk\u0142ad Aqua, Glycerin, Caprylic\/Capric Triglyceride, Silybum Marianum Seed Oil, Isoamyl Laurate, Betaine, Propanediol, Decyl Isostearate, Cetearyl Alcohol, Glyceryl Stearates, 1,2-Hexanediol, Olus Oil, Squalane, Distarch Phosphate, Hydrogenanted Vegetable Oil, Candellila Cera, Helichrysum Stoechas Flower Extract, Isostearyl Isostearate, Arctium Majus Root Extract, Trifolium Pratense Leaf Extract, Helianthus Annus Seed Oil, Bellis Perennis Flower Extract, Glyceryl Stearate Citrate, Sodium Polyacrylate, Parfum, Xanthan Gum, Tocopherol, Lecithin, Ascorbyl Palmitate, Glyceryl Stearate, Glyceryl Oleate, Citric Acid, Sodium Benzoate, Potassium Sorbate cechy produktu (bez konserwant\u00f3w, bez cukru, produkt organiczny, wegetaria\u0144ski, vega\u0144ski itp.) 97,4% pochodzi z natury spos\u00f3b przygotowania, stosowania i warunki przechowywania Codziennie rano i wieczorem, po dok\u0142adnym oczyszczeniu i stonizowaniu sk\u00f3ry, na\u0142o\u017cy\u0107 krem-serum na twarz i szyj\u0119. Krem stanowi \u015bwietn\u0105 baz\u0119 pod makija\u017c.InformacjeSeria HERBAPOL &#8211; Polana<\/p>\n<p>Serum do twarzy<\/p>\n<p>spirulina i chlorella tabletki, zdrowa zywnosc online, p\u0142atki \u015bniadaniowe, chlorek sodowy, deser z budyniu i galaretki, czy woda z cytryn\u0105 jest zdrowa, with my love, kremy allnutrition, niedoczynno\u015b\u0107 tarczycy tycie puchni\u0119cie, z czym je\u015b\u0107 pesto bazyliowe, krwawnik herbata, kod uzdrowienia, luteina pod j\u0119zyk w ci\u0105\u017cy, makaron wstazki, pizza z chleba tostowego, nutlove, podgrzewacze \u015bwieczki, pomidor\u00f3w pelati, olejek rycynowy na w\u0142osy przed i po, galgant i bertram<\/p>\n<p><a href=\"https:\/\/aft.pl\/grupy-produktowe\/zasuwy\">zasuwa kana\u0142owa<\/a><\/p>\n","protected":false},"excerpt":{"rendered":"<p>Marka Polana, to nie zwyk\u0142a piel\u0119gnacja ale holistyczne podej\u015bcie do dbania o sk\u00f3r\u0119. Starannie opracowane programy piel\u0119gnacyjne oferuj\u0105ce zar\u00f3wno piel\u0119gnacj\u0119&hellip;<\/p>\n","protected":false},"featured_media":8701,"comment_status":"closed","ping_status":"open","template":"","meta":[],"product_cat":[103],"product_tag":[722,822,755,649,851],"class_list":["post-8700","product","type-product","status-publish","has-post-thumbnail","hentry","product_cat-apteczki-i-materialy-opatrunkowe","product_tag-kurkuma-ile-dziennie","product_tag-mleko-kozie","product_tag-olej-ryzowy-do-smazenia","product_tag-organic24","product_tag-warzywa-online"],"_links":{"self":[{"href":"https:\/\/wegeblw.pl\/index.php\/wp-json\/wp\/v2\/product\/8700","targetHints":{"allow":["GET"]}}],"collection":[{"href":"https:\/\/wegeblw.pl\/index.php\/wp-json\/wp\/v2\/product"}],"about":[{"href":"https:\/\/wegeblw.pl\/index.php\/wp-json\/wp\/v2\/types\/product"}],"replies":[{"embeddable":true,"href":"https:\/\/wegeblw.pl\/index.php\/wp-json\/wp\/v2\/comments?post=8700"}],"wp:featuredmedia":[{"embeddable":true,"href":"https:\/\/wegeblw.pl\/index.php\/wp-json\/wp\/v2\/media\/8701"}],"wp:attachment":[{"href":"https:\/\/wegeblw.pl\/index.php\/wp-json\/wp\/v2\/media?parent=8700"}],"wp:term":[{"taxonomy":"product_cat","embeddable":true,"href":"https:\/\/wegeblw.pl\/index.php\/wp-json\/wp\/v2\/product_cat?post=8700"},{"taxonomy":"product_tag","embeddable":true,"href":"https:\/\/wegeblw.pl\/index.php\/wp-json\/wp\/v2\/product_tag?post=8700"}],"curies":[{"name":"wp","href":"https:\/\/api.w.org\/{rel}","templated":true}]}}