{"id":8720,"date":"2013-10-16T06:55:27","date_gmt":"2013-10-16T04:55:27","guid":{"rendered":"https:\/\/wegeblw.pl\/index.php\/produkt\/matopat-fixopore-s-opatrunek-samoprzylepny-z-wkladem-chlonnym-wlokninowy-3szt\/"},"modified":"2026-04-07T03:12:11","modified_gmt":"2026-04-07T01:12:11","slug":"matopat-fixopore-s-opatrunek-samoprzylepny-z-wkladem-chlonnym-wlokninowy-3szt","status":"publish","type":"product","link":"https:\/\/wegeblw.pl\/index.php\/produkt\/matopat-fixopore-s-opatrunek-samoprzylepny-z-wkladem-chlonnym-wlokninowy-3szt\/","title":{"rendered":"Matopat Fixopore S opatrunek samoprzylepny z wk\u0142adem ch\u0142onnym, w\u0142\u00f3kninowy 3szt."},"content":{"rendered":"<p>VEGAS Pro 17VEGAS Pro ustanawia nowe standardy profesjonalnej edycji audio i wideo.Wykorzystuj\u0105c najnowsz\u0105 technologi\u0119 stabilizacji obrazu i precyzyjne \u015bledzenie ruchu, zapewnia doskona\u0142e efekty na najwy\u017cszym poziomie. Nowy interaktywny scenorys zapewnia lepsza i szybsz\u0105 organizacj\u0119 projektu.Ponadto do\u0142\u0105czona obs\u0142uga kolor\u00f3w HDR i pe\u0142na obs\u0142uga wideo 360\u00b0 s\u0105 niezb\u0119dne dla ka\u017cdego profesjonalnego u\u017cytkownika. Gotowe filmy mo\u017cna nast\u0119pnie przes\u0142a\u0107 wraz z osobi\u015bcie zaprojektowanym menu, na DVD lub Blu-ray za pomoc\u0105 VEGAS DVD Architect.ZAWARTO\u015a\u0106 PAKIETUOprogramowanie VEGAS Pro 17VEGAS DVD ArchitectLens correction plug-inB\u00e9zier masking OFXProfessional MAGIX eFX audio plug-insAutoLooks OFXBoris FX Continuum Lens Flare 3D (v2019.5)Wsparcie dla format\u00f3w importowanych:Kodeki wideo: AAC, AA3, AVI, BMP, MPEG-1, MPEG-2, MPEG-4, WMV, HEVCGrafika: BMP, JPEG, PNG, TIFF, WDP, WMPhoto, DDS, DPX, EXRD\u017awi\u0119k: AAC, AIFF, FLAC, LPEC, MP3, OGG, PCA, W64, WAV, WMADodatkowe formaty: AAF, Premiere\/After Effects (*.prproj), Final Cut Pro 7\/ DaVinci Resolve (*.xml), Final Cut Pro X (*.fcpxml), EDL Text File (*.txt), Broadcast Wave Format, DVD Camcorder Disc, Closed CaptioningWsparcie dla format\u00f3w zapisywanych:Wideo: AVC\/AAC, AVCHD, AVI, HEVC, MOV, MPEG-1, MPEG-2, MPEG-4, MVC, RM, WMV, XAVC SD\u017awi\u0119k: AAC, AIFF, FLAC, LPEC, MP3, OGG, PCA, W64, WAV, WMADodatkowe formaty: VEGAS Project Archive (*.veg, *.vf), Pro Tools AAF file (*.aaf), Media Composer AAF File, (*.aaf), Premiere\/After Effects (*.prproj), Final Cut Pro 7\/DaVinci Resolve (*.xml), Final Cut Pro X (*.fcpxml), EDL text file (*.txt), XDCAM disc<\/p>\n<p>Pozosta\u0142e oprogramowanie<\/p>\n<p>pasta curry jak u\u017cywa\u0107, woda z octem jab\u0142kowym, s\u0142onecznik \u0142uskany 1kg, mia\u0142ki cukier, owoc rzepaku, biblia dla m\u0142odzie\u017cy, olej rzepakowy sk\u0142ad, korea\u0144skie, chleb z czarnuszk\u0105, czy siemie lniane jest zdrowe, gdzie kupi\u0107 szare myd\u0142o, sok graviola na co jest dobry, kleik kukurydziany, kolagen wega\u0144ski, porady zdrowotne, kaszki nominal, bakalie po angielsku, olejek myj\u0105cy do twarzy, czerwona herbata przeciwwskazania, przelewy24 ponowienie p\u0142atno\u015bci<\/p>\n<p>yyyyy<\/p>\n","protected":false},"excerpt":{"rendered":"<p>VEGAS Pro 17VEGAS Pro ustanawia nowe standardy profesjonalnej edycji audio i wideo.Wykorzystuj\u0105c najnowsz\u0105 technologi\u0119 stabilizacji obrazu i precyzyjne \u015bledzenie ruchu,&hellip;<\/p>\n","protected":false},"featured_media":8721,"comment_status":"closed","ping_status":"open","template":"","meta":[],"product_cat":[103],"product_tag":[744,739,672,738,700,630],"class_list":["post-8720","product","type-product","status-publish","has-post-thumbnail","hentry","product_cat-apteczki-i-materialy-opatrunkowe","product_tag-haagen-dazs","product_tag-makaron-sojowy-indeks-glikemiczny","product_tag-makaron-zero-kalorii","product_tag-mieso-bio","product_tag-przepis-na-sekacza","product_tag-vege-slodycze"],"_links":{"self":[{"href":"https:\/\/wegeblw.pl\/index.php\/wp-json\/wp\/v2\/product\/8720","targetHints":{"allow":["GET"]}}],"collection":[{"href":"https:\/\/wegeblw.pl\/index.php\/wp-json\/wp\/v2\/product"}],"about":[{"href":"https:\/\/wegeblw.pl\/index.php\/wp-json\/wp\/v2\/types\/product"}],"replies":[{"embeddable":true,"href":"https:\/\/wegeblw.pl\/index.php\/wp-json\/wp\/v2\/comments?post=8720"}],"wp:featuredmedia":[{"embeddable":true,"href":"https:\/\/wegeblw.pl\/index.php\/wp-json\/wp\/v2\/media\/8721"}],"wp:attachment":[{"href":"https:\/\/wegeblw.pl\/index.php\/wp-json\/wp\/v2\/media?parent=8720"}],"wp:term":[{"taxonomy":"product_cat","embeddable":true,"href":"https:\/\/wegeblw.pl\/index.php\/wp-json\/wp\/v2\/product_cat?post=8720"},{"taxonomy":"product_tag","embeddable":true,"href":"https:\/\/wegeblw.pl\/index.php\/wp-json\/wp\/v2\/product_tag?post=8720"}],"curies":[{"name":"wp","href":"https:\/\/api.w.org\/{rel}","templated":true}]}}