{"id":8726,"date":"2017-10-01T13:14:52","date_gmt":"2017-10-01T11:14:52","guid":{"rendered":"https:\/\/wegeblw.pl\/index.php\/produkt\/matopat-gaza-opatrunkowa-matocomp-niejalowa-17-nitkowa-1szt\/"},"modified":"2026-04-08T07:16:10","modified_gmt":"2026-04-08T05:16:10","slug":"matopat-gaza-opatrunkowa-matocomp-niejalowa-17-nitkowa-1szt","status":"publish","type":"product","link":"https:\/\/wegeblw.pl\/index.php\/produkt\/matopat-gaza-opatrunkowa-matocomp-niejalowa-17-nitkowa-1szt\/","title":{"rendered":"Matopat Gaza opatrunkowa Matocomp nieja\u0142owa 17 nitkowa 1szt."},"content":{"rendered":"<p>Thorne Iso-Phos Izolat Fosfatydyloseryny 60Vkaps<\/p>\n<p>Uk\u0142ad nerwowy i pami\u0119\u0107<\/p>\n<p>schab w plastrach, nerkowiec orzech, olej z pestek dyni t\u0142oczony na zimno, tu\u0144czyk po angielsku, acai jagody, piwo bezalkoholowe a zdrowie, any\u017c w ci\u0105\u017cy, m\u0105ka z semoliny<\/p>\n<p>yyyyy<\/p>\n","protected":false},"excerpt":{"rendered":"<p>Thorne Iso-Phos Izolat Fosfatydyloseryny 60Vkaps Uk\u0142ad nerwowy i pami\u0119\u0107 schab w plastrach, nerkowiec orzech, olej z pestek dyni t\u0142oczony na&hellip;<\/p>\n","protected":false},"featured_media":8727,"comment_status":"closed","ping_status":"open","template":"","meta":[],"product_cat":[103],"product_tag":[710,824,697,820],"class_list":["post-8726","product","type-product","status-publish","has-post-thumbnail","hentry","product_cat-apteczki-i-materialy-opatrunkowe","product_tag-linda-mccartney-burger","product_tag-miso-pasta","product_tag-osteoporoza-a-banany","product_tag-produkty-bez-laktozy-sklep"],"_links":{"self":[{"href":"https:\/\/wegeblw.pl\/index.php\/wp-json\/wp\/v2\/product\/8726","targetHints":{"allow":["GET"]}}],"collection":[{"href":"https:\/\/wegeblw.pl\/index.php\/wp-json\/wp\/v2\/product"}],"about":[{"href":"https:\/\/wegeblw.pl\/index.php\/wp-json\/wp\/v2\/types\/product"}],"replies":[{"embeddable":true,"href":"https:\/\/wegeblw.pl\/index.php\/wp-json\/wp\/v2\/comments?post=8726"}],"wp:featuredmedia":[{"embeddable":true,"href":"https:\/\/wegeblw.pl\/index.php\/wp-json\/wp\/v2\/media\/8727"}],"wp:attachment":[{"href":"https:\/\/wegeblw.pl\/index.php\/wp-json\/wp\/v2\/media?parent=8726"}],"wp:term":[{"taxonomy":"product_cat","embeddable":true,"href":"https:\/\/wegeblw.pl\/index.php\/wp-json\/wp\/v2\/product_cat?post=8726"},{"taxonomy":"product_tag","embeddable":true,"href":"https:\/\/wegeblw.pl\/index.php\/wp-json\/wp\/v2\/product_tag?post=8726"}],"curies":[{"name":"wp","href":"https:\/\/api.w.org\/{rel}","templated":true}]}}