{"id":8756,"date":"2019-01-23T11:09:22","date_gmt":"2019-01-23T10:09:22","guid":{"rendered":"https:\/\/wegeblw.pl\/index.php\/produkt\/gasco-glukoza-proszek-doustny-75g\/"},"modified":"2026-04-07T01:27:01","modified_gmt":"2026-04-06T23:27:01","slug":"gasco-glukoza-proszek-doustny-75g","status":"publish","type":"product","link":"https:\/\/wegeblw.pl\/index.php\/produkt\/gasco-glukoza-proszek-doustny-75g\/","title":{"rendered":"Gasco Glukoza Proszek Doustny 75g"},"content":{"rendered":"<p>Pycnogenol Strong &#8211; ochrona przed stresem oksydacyjnym.Suplement diety Pycnogenol Strong zawiera w swoim sk\u0142adzie opatentowan\u0105 substancj\u0119 Pycnogenol\u00ae pozyskan\u0105 z kory sosny przybrze\u017cnej (Pinus maritima). Ze wzgl\u0119du na swoje w\u0142a\u015bciwo\u015bci antyoksydacyjne ma ona bardzo du\u017ce znaczenie w ochronie zdrowia. Pycnogenol\u00ae pomaga chroni\u0107 kom\u00f3rki przed stresem oksydacyjnym. Przyczynia si\u0119 do zmniejszenia szkodliwego dzia\u0142ania wolnych rodnik\u00f3w, kt\u00f3re cz\u0119sto powoduj\u0105 uszkodzenia tkanek organizmu. Wolne rodniki tlenowe os\u0142abiaj\u0105 system odporno\u015bciowy. Pycnogenol pomaga poprawi\u0107 kr\u0105\u017cenie krwi w organizmie. Przyczynia si\u0119 tak\u017ce do wzmocnienia naczy\u0144 w\u0142osowatych, poprawia ich elastyczno\u015b\u0107 i dro\u017cno\u015b\u0107. Wspomaga dzia\u0142anie antyhistaminowe. Pomaga chroni\u0107 wzrok i sk\u00f3r\u0119.Sk\u0142adniki: skrobia kukurydziana (subst. wi\u0105\u017c\u0105ca); substancje przeciwzbrylaj\u0105ce: celuloza mikrokrystaliczna, stearynian magnezu, dwutlenek krzemu; sk\u0142adnik ro\u015blinny: ekstrakt z kory sosny przybrze\u017cnej (Pinus maritima) 40 mg.Zawarto\u015b\u0107 sk\u0142adnik\u00f3w: w 1 tabletce: Pycnogenol\u00ae 40 mgZawarto\u015b\u0107: 60 tabletek\/ 18 g.Spos\u00f3b u\u017cycia: 1-2 tabletki dziennie, rano i w po\u0142udnie po posi\u0142ku, popi\u0107 p\u0142ynem.: Nie przekracza\u0107 porcji zalecanej do spo\u017cycia w ci\u0105gu dnia. Suplement diety nie mo\u017ce by\u0107 stosowany jako substytut zr\u00f3\u017cnicowanej diety i nie jest wskazany dla dzieci do 3 lat. Suplement diety powinien by\u0107 przechowywany w spos\u00f3b niedost\u0119pny dla ma\u0142ych dzieci, w temperaturze pokojowej, w suchym miejscu. Nale\u017cy dba\u0107 o zr\u00f3wnowa\u017cony spos\u00f3b \u017cywienia i zdrowy tryb \u017cycia. O wprowadzeniu do obrotu na terenie Polski zosta\u0142 powiadomiony GIS.Wy\u0142\u0105czny dystrybutor: FINCLUB POLAND Sp. z o.o., 43-400 Cieszyn, ul. T. Ko\u015bciuszki 33Producent: Hankintatukku Oy, Lehtolankatu 18, FIN 03600 Karkkila,Finlandia.Naturalne suplementy diety, kt\u00f3re oferuje Finclub wyprodukowane zosta\u0142y przez firm\u0119 fi\u0144sk\u0105 firm\u0119 Hankintatukku Oy z siedzib\u0105 w Helsinkach. Sp\u00f3\u0142ka ta nale\u017cy do europejskich lider\u00f3w w zakresie suplement\u00f3w diety i zdrowej \u017cywno\u015bci. Firma Hankintatuku Oy Otrzyma\u0142a nagrod\u0119 Ministerstwa Przemys\u0142u i Handlu Finlandii. Suplementy diety produkowane przez firm\u0119 Hankintatukku Oy s\u0105 badane w akredytowanych laboratoriach. Wyniki bada\u0144 s\u0105 nadzorowane przez Narodow\u0105 Rad\u0119 Zdrowia Finlandii.W prowadzonych badaniach Hankintatukku Oy korzysta ze \u015bwiatowych baz danych i wiedzy naukowc\u00f3w \u0142\u0105cz\u0105c zdobycze wiedzy z do\u015bwiadczeniami ponad tysi\u0105cletniej tradycji medycyny naturalnej.Fi\u0144ska przyroda dzi\u0119ki czystemu \u015brodowisku oraz zjawisku dni polarnego z d\u0142ugookresowym nas\u0142onecznieniem stwarza optymalne warunki uprawy dla unikalnych ro\u015blin i zi\u00f3\u0142 z wysok\u0105 zawarto\u015bci\u0105 substancji czynnych. Ro\u015blinne ekstrakty, surowce i produkty poddawane s\u0105 wielokrotnym kontrolom.Produkcja suplement\u00f3w diety spe\u0142nia najostrzejsze normy dotycz\u0105ce jako\u015bci produkcji zgodny z GMP (Good Manufacturing Practice \u2013 praktyka dobrej produkcji). Sam produkt poddawany jest szczeg\u00f3\u0142owym kontrolom od momentu wyboru surowc\u00f3w a\u017c po produkt ko\u0144cowy. Przez ca\u0142y ten czas musi spe\u0142nia\u0107 warunki kilkustopniowej kontroli jako\u015bci. Posiada sw\u00f3j \u201eakt urodzenia\u201d, kt\u00f3ry towarzyszy mu od rozpocz\u0119cia jego produkcji a\u017c po wysy\u0142k\u0119.Firma Hankintatukku Oy jest jedn\u0105 z niewielu firm w Europie, kt\u00f3ra spe\u0142nia normy GAP (Good Agricultural Practice \u2013 dobra praktyka rolnicza) i kt\u00f3ra mog\u0142a sobie pozwoli\u0107 na wprowadzenie tej nowo\u015bci na swoich plantacjach. GAP dba o najwy\u017csz\u0105 jako\u015b\u0107 ro\u015blin, z kt\u00f3rych produkowane s\u0105 suplementy diety. Ro\u015blina jest troskliwie uprawiana od chwili zasadzenia nasiona a\u017c po zbi\u00f3r. Mamy gwarancj\u0119, \u017ce do produkcji naszych produkt\u00f3w u\u017cyto ro\u015blin, kt\u00f3re s\u0105 uprawiane bez zastosowania pestycyd\u00f3w, r\u0119cznie zbierane, wtedy, kiedy zawieraj\u0105 najwi\u0119cej substancji czynnych i uprawiane s\u0105 w rejonach czystych ekologicznie bez u\u017cycia chemii.Hankintatukku w szerokim zakresie wsp\u00f3\u0142pracuje z Rolniczym Instytutem Badawczym. G\u0142\u00f3wnym zadaniem Instytutu jest wykazanie mo\u017cliwo\u015bci udomowienia i uprawy ro\u015blin w Finlandii. Po latach systematycznych bada\u0144 Instytut uczy rolnik\u00f3w, w jaki spos\u00f3b uprawia\u0107 ro\u015bliny i jak o nie dba\u0107, aby spe\u0142nia\u0142y najwy\u017csze kryteria jako\u015bci.Informacje zamieszczone na tej stronie s\u0142u\u017c\u0105 wy\u0142\u0105cznie celom edukacyjnym i promocji zdrowego od\u017cywiania. Nie sugeruj\u0105 rozpoznawania ani leczenia chor\u00f3b. Prezentowany produkt jest suplementem diety.Informacje zamieszczone na tej stronie s\u0142u\u017c\u0105 wy\u0142\u0105cznie celom edukacyjnym i promocji zdrowego od\u017cywiania. Nie sugeruj\u0105 rozpoznawania ani leczenia chor\u00f3b. Prezentowany produkt jest suplementem diety<\/p>\n<p>Minera\u0142y i witaminy<\/p>\n<p>skrobia kukurydziana cena, kostka tofu, ile w\u0119gli na keto, drzewo pomidorowe, ostropest plamisty, chlorofil alter medica<\/p>\n<p>yyyyy<\/p>\n","protected":false},"excerpt":{"rendered":"<p>Pycnogenol Strong &#8211; ochrona przed stresem oksydacyjnym.Suplement diety Pycnogenol Strong zawiera w swoim sk\u0142adzie opatentowan\u0105 substancj\u0119 Pycnogenol\u00ae pozyskan\u0105 z kory&hellip;<\/p>\n","protected":false},"featured_media":8757,"comment_status":"closed","ping_status":"open","template":"","meta":[],"product_cat":[562],"product_tag":[861,858,648,797,676],"class_list":["post-8756","product","type-product","status-publish","has-post-thumbnail","hentry","product_cat-diabetycy","product_tag-czym-zastapic-jogurt-naturalny","product_tag-majonez-vitapol","product_tag-maki-ekologiczne","product_tag-organic-farma-zdrowia","product_tag-owoc-granatu-jak-jesc"],"_links":{"self":[{"href":"https:\/\/wegeblw.pl\/index.php\/wp-json\/wp\/v2\/product\/8756","targetHints":{"allow":["GET"]}}],"collection":[{"href":"https:\/\/wegeblw.pl\/index.php\/wp-json\/wp\/v2\/product"}],"about":[{"href":"https:\/\/wegeblw.pl\/index.php\/wp-json\/wp\/v2\/types\/product"}],"replies":[{"embeddable":true,"href":"https:\/\/wegeblw.pl\/index.php\/wp-json\/wp\/v2\/comments?post=8756"}],"wp:featuredmedia":[{"embeddable":true,"href":"https:\/\/wegeblw.pl\/index.php\/wp-json\/wp\/v2\/media\/8757"}],"wp:attachment":[{"href":"https:\/\/wegeblw.pl\/index.php\/wp-json\/wp\/v2\/media?parent=8756"}],"wp:term":[{"taxonomy":"product_cat","embeddable":true,"href":"https:\/\/wegeblw.pl\/index.php\/wp-json\/wp\/v2\/product_cat?post=8756"},{"taxonomy":"product_tag","embeddable":true,"href":"https:\/\/wegeblw.pl\/index.php\/wp-json\/wp\/v2\/product_tag?post=8756"}],"curies":[{"name":"wp","href":"https:\/\/api.w.org\/{rel}","templated":true}]}}