{"id":8758,"date":"2022-03-14T08:59:23","date_gmt":"2022-03-14T07:59:23","guid":{"rendered":"https:\/\/wegeblw.pl\/index.php\/produkt\/pochlaniacz-zapachow-do-lodowek-ak105-maly\/"},"modified":"2026-04-07T02:50:02","modified_gmt":"2026-04-07T00:50:02","slug":"pochlaniacz-zapachow-do-lodowek-ak105-maly","status":"publish","type":"product","link":"https:\/\/wegeblw.pl\/index.php\/produkt\/pochlaniacz-zapachow-do-lodowek-ak105-maly\/","title":{"rendered":"Poch\u0142aniacz Zapach\u00f3w Do Lod\u00f3wek Ak105 Ma\u0142y"},"content":{"rendered":"<p>O CarreraChcesz wygl\u0105da\u0107 oryginalnie i niekonwencjonalnie? Niech twoje okulary m\u00f3wi\u0105 same za siebie i odwa\u017cnie wykonuj \u015bmia\u0142e projekty Carrery. S\u0142ynna w\u0142oska marka proponuje charakterystyczne okulary, prostok\u0105tne, okr\u0105g\u0142e i kwadratowe. O tych okularach Oprawki Panthos lub Tea Cup, ten kszta\u0142t jest modnym po\u0142\u0105czeniem okr\u0105g\u0142ych i owalnych kszta\u0142t\u00f3w.Czarne oprawki s\u0105 doskona\u0142ym wyborem zar\u00f3wno na co dzie\u0144, jak i od \u015bwi\u0119ta. Gwarantuj\u0105 ponadczasowy, elegancki styl.Materia\u0142em jest metal, kt\u00f3ry jest trwa\u0142y, a tak\u017ce zapewnia elegancki, stylowy wygl\u0105d.Oprawki posiadaj\u0105 eleganckie, matowe wyko\u0144czenie. Oprawki posiadaj\u0105 eleganckie, l\u015bni\u0105ce wyko\u0144czenie. Chcesz sprawdzi\u0107, czy te okulary s\u0105 dla Ciebie idealne? Przyjrzyj si\u0119 bli\u017cej dzi\u0119ki naszemu wirtualnemu narz\u0119dziu do przymierzania!<\/p>\n<p>Okulary oprawki i szk\u0142a<\/p>\n<p>ciasto z ksylitolem, czary mamy kaszki, zamienniki chips\u00f3w, kakao criollo, 9g, naturalny odstraszacz kleszczy, mleko kokosowe thai, witamina d dla niemowl\u0105t, wino bez siarczan\u00f3w biedronka 2020, kawa stop cafe, cytrynian magnezu proszek jak stosowa\u0107, ciasto na m\u0105ce kokosowej, marka migdalowo kokosowych slodyczy, ksylitol fi\u0144ski 1kg, ma\u015b\u0107 \u017cywokostowa, tapioka warto\u015bci, bioton plus, kasztany cena za kilogram<\/p>\n<p><a href=\"https:\/\/wrolety.pl\/product\/roleta-dachowa\/\">roleta na okno dachowe<\/a><\/p>\n","protected":false},"excerpt":{"rendered":"<p>O CarreraChcesz wygl\u0105da\u0107 oryginalnie i niekonwencjonalnie? Niech twoje okulary m\u00f3wi\u0105 same za siebie i odwa\u017cnie wykonuj \u015bmia\u0142e projekty Carrery. S\u0142ynna&hellip;<\/p>\n","protected":false},"featured_media":8759,"comment_status":"closed","ping_status":"open","template":"","meta":[],"product_cat":[82],"product_tag":[816,720,759,746,806,850],"class_list":["post-8758","product","type-product","status-publish","has-post-thumbnail","hentry","product_cat-chemia-gospodarcza","product_tag-bigos-z-soczewica","product_tag-komose","product_tag-kurkuma","product_tag-majonez-byodo","product_tag-mieso-ekologiczne","product_tag-mleko-ekologiczne"],"_links":{"self":[{"href":"https:\/\/wegeblw.pl\/index.php\/wp-json\/wp\/v2\/product\/8758","targetHints":{"allow":["GET"]}}],"collection":[{"href":"https:\/\/wegeblw.pl\/index.php\/wp-json\/wp\/v2\/product"}],"about":[{"href":"https:\/\/wegeblw.pl\/index.php\/wp-json\/wp\/v2\/types\/product"}],"replies":[{"embeddable":true,"href":"https:\/\/wegeblw.pl\/index.php\/wp-json\/wp\/v2\/comments?post=8758"}],"wp:featuredmedia":[{"embeddable":true,"href":"https:\/\/wegeblw.pl\/index.php\/wp-json\/wp\/v2\/media\/8759"}],"wp:attachment":[{"href":"https:\/\/wegeblw.pl\/index.php\/wp-json\/wp\/v2\/media?parent=8758"}],"wp:term":[{"taxonomy":"product_cat","embeddable":true,"href":"https:\/\/wegeblw.pl\/index.php\/wp-json\/wp\/v2\/product_cat?post=8758"},{"taxonomy":"product_tag","embeddable":true,"href":"https:\/\/wegeblw.pl\/index.php\/wp-json\/wp\/v2\/product_tag?post=8758"}],"curies":[{"name":"wp","href":"https:\/\/api.w.org\/{rel}","templated":true}]}}